{"id":2571,"date":"2022-08-31T22:17:45","date_gmt":"2022-08-31T22:17:45","guid":{"rendered":"http:\/\/143.244.166.245\/?page_id=2571"},"modified":"2024-05-02T20:51:57","modified_gmt":"2024-05-02T20:51:57","slug":"terms","status":"publish","type":"page","link":"https:\/\/informacaoevalor.com\/ms\/terms\/","title":{"rendered":"Syarat Penggunaan \u2013 Maklumat dan Nilai"},"content":{"rendered":"<div class=\"mx-5 sm:mx-0 prose leading-relaxed text-lg mb-5 text-left wp-paragraph\">\n<p>Dikemas kini pada 22 November 2023.<\/p>\n<\/div><div class=\"mx-5 sm:mx-0 prose leading-relaxed text-lg mb-5 text-left wp-paragraph\">\n<p>RubikPanda O\u00dc, sebuah syarikat terhad yang berdaftar di Estonia (LLC, atau O\u00dc), dengan VAT EE102662210, terletak di Tallinn, Keemia Street tn 4, 10616, Harju, Estonia, memiliki dan mengendalikan laman web Maklumat dan Nilai, yang boleh didapati di <a style=\" color:;\" href=\"https:\/\/informacaoevalor.com\/ms\/\">https:\/\/informacaoevalor.com<\/a>\/.<\/p>\n<\/div><div class=\"mx-5 sm:mx-0 prose leading-relaxed text-lg mb-5 text-left wp-paragraph\">\n<p>Informa\u00e7\u00e3o e Valor menguruskan portal ini. Rujukan kepada &#039;kami&#039; atau &#039;kita&#039; dalam teks ini adalah eksklusif untuk Informa\u00e7\u00e3o e Valor. Kami menawarkan portal ini, termasuk semua maklumat, perkhidmatan dan kandungannya, dengan syarat pengguna menerima sepenuhnya terma, syarat dan dasar yang diterangkan di sini.<\/p>\n<\/div><div class=\"mx-5 sm:mx-0 prose leading-relaxed text-lg mb-5 text-left wp-paragraph\">\n<p>Mengkhusus dalam kandungan bermaklumat dan analisis pelbagai produk dan perkhidmatan, seperti aplikasi, peluang pekerjaan, kursus pendidikan dan tiket penerbangan, Informa\u00e7\u00e3o e Valor mempersembahkan tawaran daripada pembekal nasional dan antarabangsa.<\/p>\n<\/div><div class=\"mx-5 sm:mx-0 prose leading-relaxed text-lg mb-5 text-left wp-paragraph\">\n<p>Akses dan penggunaan laman web ini tertakluk kepada Terma yang diterangkan di sini dan Dasar Privasi Informa\u00e7\u00e3o e Valor, yang boleh diakses di [pautan ke Dasar Privasi]. <a style=\" color:;\" href=\"https:\/\/informacaoevalor.com\/ms\/privacy\/\">https:\/\/informacaoevalor.com\/privacy\/<\/a>, dan mesti mematuhi undang-undang yang terpakai.<\/p>\n<\/div><div class=\"mx-5 sm:mx-0 prose leading-relaxed text-lg mb-5 text-left wp-paragraph\">\n<p>Terma dan Syarat Penggunaan Umum bertujuan untuk menjelaskan tanggungjawab, kewajipan dan hak pengguna laman web Informa\u00e7\u00e3o e Valor, seperti yang diperincikan dalam bahagian berikut.<\/p>\n<\/div><div class=\"mx-5 sm:mx-0 prose leading-relaxed text-lg mb-5 text-left wp-paragraph\">\n<p><strong>Kami mengesyorkan agar anda membaca Syarat Penggunaan kami dengan teliti. Jika anda tidak bersetuju dengan syarat yang ditetapkan di sini, sila jangan menggunakan perkhidmatan Informa\u00e7\u00e3o e Valor.<\/strong><\/p>\n<\/div><!--advertisement--><div class=\"mx-5 sm:mx-0 sm:text-3xl text-2xl font-medium title-font mb-4 text-gray-900 text-left\">\n<h2 id=\"h-secao-i-admissao\">Bahagian I \u2013 Kemasukan<\/h2>\n<\/div><div class=\"mx-5 sm:mx-0 prose leading-relaxed text-lg mb-5 text-left wp-paragraph\">\n<p><strong>1.1 Penerimaan Terma<\/strong><\/p>\n<\/div><div class=\"mx-5 sm:mx-0 prose leading-relaxed text-lg mb-5 text-left wp-paragraph\">\n<p>Dengan menggunakan Informa\u00e7\u00e3o e Valor, anda bersetuju untuk mematuhi Terma dan Syarat Penggunaan Umum dan Dasar Privasi laman web ini.<\/p>\n<\/div><div class=\"mx-5 sm:mx-0 prose leading-relaxed text-lg mb-5 text-left wp-paragraph\">\n<p><strong>1.2 Keperluan Umur dan Kapasiti Undang-undang<\/strong><\/p>\n<\/div><div class=\"mx-5 sm:mx-0 prose leading-relaxed text-lg mb-5 text-left wp-paragraph\">\n<p>Dengan mengakses dan menggunakan Informa\u00e7\u00e3o e Valor, anda mengesahkan bahawa anda berumur sekurang-kurangnya 18 tahun dan mempunyai kapasiti penuh dari segi undang-undang untuk menerima Terma dan Syarat Penggunaan ini.<\/p>\n<\/div><div class=\"mx-5 sm:mx-0 prose leading-relaxed text-lg mb-5 text-left wp-paragraph\">\n<p><strong>1.3 Sekatan Penggunaan<\/strong><\/p>\n<\/div><div class=\"mx-5 sm:mx-0 prose leading-relaxed text-lg mb-5 text-left wp-paragraph\">\n<p>Jika anda tidak memenuhi syarat umur dan kapasiti sah, atau jika anda tidak bersetuju dengan Terma dan Syarat Penggunaan, anda harus mengelak daripada mengakses dan menggunakan perkhidmatan Informa\u00e7\u00e3o e Valor, serta laman web dan perkhidmatan yang berkaitan.<\/p>\n<\/div><!--advertisement--><div class=\"mx-5 sm:mx-0 sm:text-3xl text-2xl font-medium title-font mb-4 text-gray-900 text-left\">\n<h2>Bahagian II \u2013 Hubungi<\/h2>\n<\/div><div class=\"mx-5 sm:mx-0 prose leading-relaxed text-lg mb-5 text-left wp-paragraph\">\n<p><strong>2.1 Tujuan Perhubungan<\/strong><\/p>\n<\/div><div class=\"mx-5 sm:mx-0 prose leading-relaxed text-lg mb-5 text-left wp-paragraph\">\n<p>Pengguna kami boleh menghubungi khidmat pelanggan untuk penjelasan, penyelesaian masalah, aduan atau untuk maklumat lanjut tentang produk dan perkhidmatan kami.<\/p>\n<\/div><div class=\"mx-5 sm:mx-0 prose leading-relaxed text-lg mb-5 text-left wp-paragraph\">\n<p><strong>2.2 Cara Menghubungi Kami<\/strong><\/p>\n<\/div><div class=\"mx-5 sm:mx-0 prose leading-relaxed text-lg mb-5 text-left wp-paragraph\">\n<p>Untuk menghubungi kami, sila isi borang yang terdapat di [link\/alamat laman web]. <a style=\" color:;\" href=\"https:\/\/informacaoevalor.com\/ms\/contact\/\">https:\/\/informacaoevalor.com\/contact\/<\/a>.&nbsp;<\/p>\n<\/div><!--advertisement--><div class=\"mx-5 sm:mx-0 sm:text-3xl text-2xl font-medium title-font mb-4 text-gray-900 text-left\">\n<h2>Bahagian III \u2013 Tanggungjawab Pihak-Pihak<\/h2>\n<\/div><div class=\"mx-5 sm:mx-0 prose leading-relaxed text-lg mb-5 text-left wp-paragraph\">\n<p><strong>3.1 Penerimaan Terma<\/strong><\/p>\n<\/div><div class=\"mx-5 sm:mx-0 prose leading-relaxed text-lg mb-5 text-left wp-paragraph\">\n<p>Dengan menggunakan Informa\u00e7\u00e3o e Valor, pengguna mengesahkan penerimaan Terma, Syarat Penggunaan dan Dasar Privasi laman web ini.<\/p>\n<\/div><div class=\"mx-5 sm:mx-0 prose leading-relaxed text-lg mb-5 text-left wp-paragraph\">\n<p><strong>3.2 Pautan ke Laman Luar<\/strong><\/p>\n<\/div><div class=\"mx-5 sm:mx-0 prose leading-relaxed text-lg mb-5 text-left wp-paragraph\">\n<p>Informa\u00e7\u00e3o e Valor menyediakan pautan ke laman web pihak ketiga di mana anda boleh menyewa perkhidmatan atau membeli produk. Kami tidak terlibat dalam proses ini.<\/p>\n<\/div><div class=\"mx-5 sm:mx-0 prose leading-relaxed text-lg mb-5 text-left wp-paragraph\">\n<p><strong>3.3 Terma dan Syarat di Laman Rakan Kongsi<\/strong><\/p>\n<\/div><div class=\"mx-5 sm:mx-0 prose leading-relaxed text-lg mb-5 text-left wp-paragraph\">\n<p>Apabila melayari laman web rakan kongsi, pengguna mesti menerima terma dan dasar privasi laman web tersebut.<\/p>\n<\/div><div class=\"mx-5 sm:mx-0 prose leading-relaxed text-lg mb-5 text-left wp-paragraph\">\n<p><strong>3.4 Penafian Liabiliti untuk Kandungan Pihak Ketiga<\/strong><\/p>\n<\/div><div class=\"mx-5 sm:mx-0 prose leading-relaxed text-lg mb-5 text-left wp-paragraph\">\n<p>Kami tidak bertanggungjawab terhadap terma, dasar atau maklumat perkhidmatan dan produk di laman web pihak ketiga, mahupun perjanjian yang dibuat dengan syarikat-syarikat ini.<\/p>\n<\/div><div class=\"mx-5 sm:mx-0 prose leading-relaxed text-lg mb-5 text-left wp-paragraph\">\n<p><strong>3.5 Keselamatan Internet<\/strong><\/p>\n<\/div><div class=\"mx-5 sm:mx-0 prose leading-relaxed text-lg mb-5 text-left wp-paragraph\">\n<p>Kami tidak bertanggungjawab atas kerosakan yang disebabkan oleh virus atau perisian hasad semasa melayari dalam talian. Kami menasihatkan anda untuk memastikan sistem keselamatan anda dikemas kini.<\/p>\n<\/div><div class=\"mx-5 sm:mx-0 prose leading-relaxed text-lg mb-5 text-left wp-paragraph\">\n<p><strong>3.6 Had Liabiliti<\/strong><\/p>\n<\/div><div class=\"mx-5 sm:mx-0 prose leading-relaxed text-lg mb-5 text-left wp-paragraph\">\n<p>Informa\u00e7\u00e3o e Valor tidak bertanggungjawab atas kerosakan yang terhasil daripada penggunaan laman web yang tidak betul atau daripada peristiwa force majeure.<\/p>\n<\/div><div class=\"mx-5 sm:mx-0 prose leading-relaxed text-lg mb-5 text-left wp-paragraph\">\n<p><strong>3.7 Prosedur Kewangan<\/strong><\/p>\n<\/div><div class=\"mx-5 sm:mx-0 prose leading-relaxed text-lg mb-5 text-left wp-paragraph\">\n<p>Kami tidak meminta deposit atau pemindahan bank untuk penyediaan produk kewangan.<\/p>\n<\/div><div class=\"mx-5 sm:mx-0 prose leading-relaxed text-lg mb-5 text-left wp-paragraph\">\n<p><strong>3.8 Amaran Keselamatan<\/strong><\/p>\n<\/div><div class=\"mx-5 sm:mx-0 prose leading-relaxed text-lg mb-5 text-left wp-paragraph\">\n<p>Kami tidak menghantar e-mel yang meminta data peribadi atau mengandungi lampiran yang boleh dilaksanakan. Jika anda menerima komunikasi sedemikian, sila hubungi kami di [alamat e-mel\/maklumat hubungan]. <a style=\" color:;\" href=\"https:\/\/informacaoevalor.com\/ms\/contact\/\">https:\/\/informacaoevalor.com\/contact\/<\/a>.<\/p>\n<\/div><!--advertisement--><div class=\"mx-5 sm:mx-0 sm:text-3xl text-2xl font-medium title-font mb-4 text-gray-900 text-left\">\n<h2>Bahagian IV \u2013 Syarat Penggunaan dan Sekatan<\/h2>\n<\/div><div class=\"mx-5 sm:mx-0 prose leading-relaxed text-lg mb-5 text-left wp-paragraph\">\n<p>Kami telah menetapkan peraturan yang ketat untuk penggunaan laman web dan kandungan kami. Perkara berikut adalah dilarang:<\/p>\n<\/div><div class=\"mx-5 sm:mx-0 prose text-left mb-5\">\n<ol><li>Menggunakan laman web ini untuk aktiviti haram atau mempromosikan amalan sedemikian.<\/li><li>Melanggar undang-undang atau peraturan di mana-mana peringkat.<\/li><li>Melanggar hak harta intelek.<\/li><li>Terlibat dalam tingkah laku yang tidak sesuai, seperti gangguan atau diskriminasi.<\/li><li>Menyebarkan maklumat palsu atau mengelirukan.<\/li><li>Menyebarkan virus atau kod berniat jahat.<\/li><li>Mengumpul data peribadi daripada pihak ketiga tanpa persetujuan mereka.<\/li><li>Terlibat dalam spam, pancingan data atau aktiviti yang serupa.<\/li><li>Menggunakan laman web ini untuk tujuan lucah atau tidak bermoral.<\/li><li>Melangkaui langkah-langkah keselamatan.<\/li><\/ol>\n<\/div><div class=\"mx-5 sm:mx-0 prose leading-relaxed text-lg mb-5 text-left wp-paragraph\">\n<p><strong>Kami berhak untuk menamatkan atau menggantung penggunaan perkhidmatan kami sekiranya berlaku pelanggaran sekatan ini.<\/strong><\/p>\n<\/div><!--advertisement--><div class=\"mx-5 sm:mx-0 sm:text-3xl text-2xl font-medium title-font mb-4 text-gray-900 text-left\">\n<h2>Bahagian V \u2013 Had Liabiliti dan Waranti<\/h2>\n<\/div><div class=\"mx-5 sm:mx-0 prose leading-relaxed text-lg mb-5 text-left wp-paragraph\">\n<p>Kami mengakui bahawa akses kepada Perkhidmatan kami mungkin terputus-putus, tidak sepenuhnya selamat, atau tertakluk kepada kegagalan. Kami tidak menjamin bahawa keputusan yang diperoleh daripada Perkhidmatan akan sentiasa tepat atau boleh dipercayai. Tambahan pula, Perkhidmatan mungkin tertakluk kepada penggantungan atau pembatalan sekali-sekala tanpa notis terlebih dahulu.<\/p>\n<\/div><div class=\"mx-5 sm:mx-0 prose leading-relaxed text-lg mb-5 text-left wp-paragraph\">\n<p>Penggunaan atau ketidakupayaan anda untuk menggunakan Perkhidmatan ini adalah sepenuhnya atas risiko anda sendiri. Perkhidmatan ini disediakan &quot;sebagaimana adanya&quot; dan &quot;sebagaimana tersedia&quot;, tanpa sebarang jaminan nyata atau tersirat.<\/p>\n<\/div><div class=\"mx-5 sm:mx-0 prose leading-relaxed text-lg mb-5 text-left wp-paragraph\">\n<p>Informa\u00e7\u00e3o e Valor dan sekutunya tidak bertanggungjawab atas sebarang kerosakan, kerugian atau tuntutan yang timbul daripada penggunaan Perkhidmatan, termasuk, tetapi tidak terhad kepada, kehilangan keuntungan, data atau kerugian tidak ketara yang lain.<\/p>\n<\/div><div class=\"mx-5 sm:mx-0 prose leading-relaxed text-lg mb-5 text-left wp-paragraph\">\n<p>Di lokasi di mana had liabiliti untuk kerosakan tidak langsung tidak dibenarkan, liabiliti Informa\u00e7\u00e3o e Valor akan dihadkan kepada tahap maksimum yang dibenarkan oleh undang-undang.<\/p>\n<\/div><!--advertisement--><div class=\"mx-5 sm:mx-0 sm:text-3xl text-2xl font-medium title-font mb-4 text-gray-900 text-left\">\n<h2>Bahagian VI \u2013 Tempoh Sah dan Tamat Tempoh<\/h2>\n<\/div><div class=\"mx-5 sm:mx-0 prose leading-relaxed text-lg mb-5 text-left wp-paragraph\">\n<p><strong>6.1 Kesahan Terma<\/strong><\/p>\n<\/div><div class=\"mx-5 sm:mx-0 prose leading-relaxed text-lg mb-5 text-left wp-paragraph\">\n<p>Terma dan Syarat Umum Penggunaan untuk Informa\u00e7\u00e3o e Valor kekal sah selama-lamanya.<\/p>\n<\/div><div class=\"mx-5 sm:mx-0 prose leading-relaxed text-lg mb-5 text-left wp-paragraph\">\n<p><strong>6.2 Had Masa untuk Tuntutan Undang-undang<\/strong><\/p>\n<\/div><div class=\"mx-5 sm:mx-0 prose leading-relaxed text-lg mb-5 text-left wp-paragraph\">\n<p>Sebarang tindakan undang-undang atau pentadbiran yang berkaitan dengan penggunaan Maklumat dan Nilai mesti dimulakan dalam tempoh 90 hari dari peristiwa yang menimbulkan tuntutan tersebut, selaras dengan Terma Penggunaan atau Dasar Privasi.<\/p>\n<\/div><!--advertisement--><div class=\"mx-5 sm:mx-0 sm:text-3xl text-2xl font-medium title-font mb-4 text-gray-900 text-left\">\n<h2>Seksyen VII \u2013 Perundangan dan Bidang Kuasa untuk Pilihan Raya<\/h2>\n<\/div><div class=\"mx-5 sm:mx-0 prose leading-relaxed text-lg mb-5 text-left wp-paragraph\">\n<p><strong>7.1 Perundangan yang Berkenaan<\/strong><\/p>\n<\/div><div class=\"mx-5 sm:mx-0 prose leading-relaxed text-lg mb-5 text-left wp-paragraph\">\n<p>Terma dan Syarat Penggunaan Umum dan Dasar Privasi Informa\u00e7\u00e3o e Valor dikawal oleh undang-undang Republik Persekutuan Brazil, termasuk Perlembagaan, Kanun Sivil, Kanun Perlindungan Pengguna, Undang-undang Internet Marco Civil da dan Undang-undang Perlindungan Data Umum.<\/p>\n<\/div><div class=\"mx-5 sm:mx-0 prose leading-relaxed text-lg mb-5 text-left wp-paragraph\">\n<p><strong>7.2 Bidang Kuasa untuk Pertikaian<\/strong><\/p>\n<\/div><div class=\"mx-5 sm:mx-0 prose leading-relaxed text-lg mb-5 text-left wp-paragraph\">\n<p>Bagi perkara tafsiran atau penguatkuasaan Terma dan Dasar Privasi ini, pihak-pihak bersetuju untuk menyerahkan diri kepada bidang kuasa eksklusif Dewan Perniagaan Tallinn, Estonia (Mahkamah Timbang Tara Dewan Perniagaan dan Industri Estonia). Ini terpakai kepada semua pertikaian yang berkaitan dengan Terma Penggunaan ini.<\/p>\n<\/div><!--advertisement--><div class=\"mx-5 sm:mx-0 sm:text-3xl text-2xl font-medium title-font mb-4 text-gray-900 text-left\">\n<h2>Bahagian VIII \u2013 Kandungan dan Harta Intelek<\/h2>\n<\/div><div class=\"mx-5 sm:mx-0 prose leading-relaxed text-lg mb-5 text-left wp-paragraph\">\n<p><strong>8.1 Hak Harta Intelek<\/strong><\/p>\n<\/div><div class=\"mx-5 sm:mx-0 prose leading-relaxed text-lg mb-5 text-left wp-paragraph\">\n<p>Kandungan Informa\u00e7\u00e3o e Valor, yang dimiliki oleh RubikPanda O\u00dc dan rakan kongsi, dilindungi oleh undang-undang hak cipta. Sebarang penghasilan semula atau penggunaan kandungan ini tanpa kebenaran adalah dilarang tanpa kebenaran bertulis daripada RubikPanda O\u00dc.&nbsp;<\/p>\n<\/div><div class=\"mx-5 sm:mx-0 prose leading-relaxed text-lg mb-5 text-left wp-paragraph\">\n<p><strong>8.2 Penafian Liabiliti untuk Kandungan Pihak Ketiga<\/strong><\/p>\n<\/div><div class=\"mx-5 sm:mx-0 prose leading-relaxed text-lg mb-5 text-left wp-paragraph\">\n<p>Kami tidak bertanggungjawab atas kandungan pihak ketiga yang disiarkan di laman web ini, seperti komen di forum atau rangkaian sosial, mahupun atas kerosakan yang terhasil daripada penggunaan laman web ini.<\/p>\n<\/div><div class=\"mx-5 sm:mx-0 prose leading-relaxed text-lg mb-5 text-left wp-paragraph\">\n<p><strong>8.3 Tindakan Sekiranya Berlaku Pelanggaran<\/strong><\/p>\n<\/div><div class=\"mx-5 sm:mx-0 prose leading-relaxed text-lg mb-5 text-left wp-paragraph\">\n<p>Kami berhak untuk mengalih keluar kandungan yang melanggar terma ini, terutamanya kandungan yang menyalahi undang-undang atau menyinggung perasaan, dan untuk menamatkan akaun pengguna yang melanggar.<\/p>\n<\/div><!--advertisement--><div class=\"mx-5 sm:mx-0 sm:text-3xl text-2xl font-medium title-font mb-4 text-gray-900 text-left\">\n<h2>Bahagian IX \u2013 Pengubahsuaian Terma dan Syarat<\/h2>\n<\/div><div class=\"mx-5 sm:mx-0 prose leading-relaxed text-lg mb-5 text-left wp-paragraph\">\n<p>Maklumat dan Keberanian boleh mengubah, menggantung atau menamatkan sebahagian daripada perkhidmatannya pada bila-bila masa tanpa notis terlebih dahulu. Dalam situasi sedemikian, ia tidak akan bertanggungjawab kepada pengguna atau pihak ketiga.<\/p>\n<\/div><div class=\"mx-5 sm:mx-0 prose leading-relaxed text-lg mb-5 text-left wp-paragraph\">\n<p><strong>Penggunaan laman web ini bermaksud penerimaan Terma dan Syarat ini secara mengikat. Jika anda tidak bersetuju dengan Terma dan Syarat ini, sila jangan menggunakan laman web ini.<\/strong><\/p>\n<\/div><!--advertisement--><div class=\"mx-5 sm:mx-0 sm:text-3xl text-2xl font-medium title-font mb-4 text-gray-900 text-left\">\n<h2>Bahagian X \u2013 Maklumat Perhubungan<\/h2>\n<\/div><div class=\"mx-5 sm:mx-0 prose leading-relaxed text-lg mb-5 text-left wp-paragraph\">\n<p>Jika anda mempunyai sebarang pertanyaan atau cadangan tentang perkhidmatan kami, kami sedia membantu anda. Sila hantarkan e-mel kepada pasukan khidmat pelanggan kami di: <a style=\" color:;\" href=\"mailto:contato@informacaoevalor.com\">contact@informationandvalue.com<\/a>.<\/p>\n<\/div>","protected":false},"excerpt":{"rendered":"<p>Dikemas kini 22 November 2023. RubikPanda O\u00dc, sebuah syarikat terhad yang berdaftar di Estonia (LLC, atau O\u00dc), dengan VAT EE102662210, terletak di Tallinn, Keemia Street tn 4, 10616, Harju, Estonia, memiliki dan mengendalikan laman web Informa\u00e7\u00e3o e Valor, yang boleh didapati di https:\/\/informacaoevalor.com\/. Informa\u00e7\u00e3o e Valor menguruskan portal ini. Rujukan kepada &#039;kami&#039;, &#039;kita&#039;... <a class=\"more-link\" href=\"https:\/\/informacaoevalor.com\/ms\/terms\/\">Teruskan membaca <span class=\"screen-reader-text\">Syarat Penggunaan \u2013 Maklumat dan Nilai<\/span><\/a><\/p>","protected":false},"author":4,"featured_media":0,"parent":0,"menu_order":0,"comment_status":"closed","ping_status":"closed","template":"","meta":[],"yoast_head":"<!-- This site is optimized with the Yoast SEO Premium plugin v18.7 (Yoast SEO v19.1) - https:\/\/yoast.com\/wordpress\/plugins\/seo\/ -->\n<title>Termos de Uso - Informa\u00e7\u00e3o e Valor - Informa\u00e7\u00e3o &amp; Valor<\/title>\n<meta name=\"robots\" content=\"index, follow, max-snippet:-1, max-image-preview:large, max-video-preview:-1\" \/>\n<link rel=\"canonical\" href=\"https:\/\/informacaoevalor.com\/ms\/terms\/\" \/>\n<meta property=\"og:locale\" content=\"ms_MY\" \/>\n<meta property=\"og:type\" content=\"article\" \/>\n<meta property=\"og:title\" content=\"Termos de Uso - Informa\u00e7\u00e3o e Valor\" \/>\n<meta property=\"og:description\" content=\"Atualizado em 22 de Novembro de 2023. A RubikPanda O\u00dc, uma empresa limitada registrada na Est\u00f4nia (LLC, ou O\u00dc), com VAT EE102662210, localizada em Tallinn, Rua Keemia tn 4, 10616, Harju, Est\u00f4nia, \u00e9 propriet\u00e1ria e administradora do website Informa\u00e7\u00e3o e Valor, dispon\u00edvel em https:\/\/informacaoevalor.com\/. O Informa\u00e7\u00e3o e Valor administra este portal. Refer\u00eancias a &#8216;n\u00f3s&#8217;, &#8216;nos&#8217;&hellip; Continue reading Termos de Uso &#8211; Informa\u00e7\u00e3o e Valor\" \/>\n<meta property=\"og:url\" content=\"https:\/\/informacaoevalor.com\/ms\/terms\/\" \/>\n<meta property=\"og:site_name\" content=\"Informa\u00e7\u00e3o &amp; Valor\" \/>\n<meta property=\"article:modified_time\" content=\"2024-05-02T20:51:57+00:00\" \/>\n<meta name=\"twitter:card\" content=\"summary_large_image\" \/>\n<meta name=\"twitter:label1\" content=\"Est. reading time\" \/>\n\t<meta name=\"twitter:data1\" content=\"7 minit\" \/>\n<script type=\"application\/ld+json\" class=\"yoast-schema-graph\">{\"@context\":\"https:\/\/schema.org\",\"@graph\":[{\"@type\":\"WebSite\",\"@id\":\"https:\/\/informacaoevalor.com\/#website\",\"url\":\"https:\/\/informacaoevalor.com\/\",\"name\":\"Informa\u00e7\u00e3o &amp; Valor\",\"description\":\"Conte\u00fado e Informa\u00e7\u00e3o que geram valor\",\"potentialAction\":[{\"@type\":\"SearchAction\",\"target\":{\"@type\":\"EntryPoint\",\"urlTemplate\":\"https:\/\/informacaoevalor.com\/?s={search_term_string}\"},\"query-input\":\"required name=search_term_string\"}],\"inLanguage\":\"ms-MY\"},{\"@type\":\"WebPage\",\"@id\":\"https:\/\/informacaoevalor.com\/terms\/#webpage\",\"url\":\"https:\/\/informacaoevalor.com\/terms\/\",\"name\":\"Termos de Uso - Informa\u00e7\u00e3o e Valor - Informa\u00e7\u00e3o &amp; Valor\",\"isPartOf\":{\"@id\":\"https:\/\/informacaoevalor.com\/#website\"},\"datePublished\":\"2022-08-31T22:17:45+00:00\",\"dateModified\":\"2024-05-02T20:51:57+00:00\",\"breadcrumb\":{\"@id\":\"https:\/\/informacaoevalor.com\/terms\/#breadcrumb\"},\"inLanguage\":\"ms-MY\",\"potentialAction\":[{\"@type\":\"ReadAction\",\"target\":[\"https:\/\/informacaoevalor.com\/terms\/\"]}]},{\"@type\":\"BreadcrumbList\",\"@id\":\"https:\/\/informacaoevalor.com\/terms\/#breadcrumb\",\"itemListElement\":[{\"@type\":\"ListItem\",\"position\":1,\"name\":\"Home\",\"item\":\"https:\/\/informacaoevalor.com\/\"},{\"@type\":\"ListItem\",\"position\":2,\"name\":\"Termos de Uso &#8211; Informa\u00e7\u00e3o e Valor\"}]}]}<\/script>\n<!-- \/ Yoast SEO Premium plugin. -->","yoast_head_json":{"title":"Termos de Uso - Informa\u00e7\u00e3o e Valor - Informa\u00e7\u00e3o &amp; Valor","robots":{"index":"index","follow":"follow","max-snippet":"max-snippet:-1","max-image-preview":"max-image-preview:large","max-video-preview":"max-video-preview:-1"},"canonical":"https:\/\/informacaoevalor.com\/ms\/terms\/","og_locale":"ms_MY","og_type":"article","og_title":"Termos de Uso - Informa\u00e7\u00e3o e Valor","og_description":"Atualizado em 22 de Novembro de 2023. A RubikPanda O\u00dc, uma empresa limitada registrada na Est\u00f4nia (LLC, ou O\u00dc), com VAT EE102662210, localizada em Tallinn, Rua Keemia tn 4, 10616, Harju, Est\u00f4nia, \u00e9 propriet\u00e1ria e administradora do website Informa\u00e7\u00e3o e Valor, dispon\u00edvel em https:\/\/informacaoevalor.com\/. O Informa\u00e7\u00e3o e Valor administra este portal. Refer\u00eancias a &#8216;n\u00f3s&#8217;, &#8216;nos&#8217;&hellip; Continue reading Termos de Uso &#8211; Informa\u00e7\u00e3o e Valor","og_url":"https:\/\/informacaoevalor.com\/ms\/terms\/","og_site_name":"Informa\u00e7\u00e3o &amp; Valor","article_modified_time":"2024-05-02T20:51:57+00:00","twitter_card":"summary_large_image","twitter_misc":{"Est. reading time":"7 minit"},"schema":{"@context":"https:\/\/schema.org","@graph":[{"@type":"WebSite","@id":"https:\/\/informacaoevalor.com\/#website","url":"https:\/\/informacaoevalor.com\/","name":"Informa\u00e7\u00e3o &amp; Valor","description":"Conte\u00fado e Informa\u00e7\u00e3o que geram valor","potentialAction":[{"@type":"SearchAction","target":{"@type":"EntryPoint","urlTemplate":"https:\/\/informacaoevalor.com\/?s={search_term_string}"},"query-input":"required name=search_term_string"}],"inLanguage":"ms-MY"},{"@type":"WebPage","@id":"https:\/\/informacaoevalor.com\/terms\/#webpage","url":"https:\/\/informacaoevalor.com\/terms\/","name":"Termos de Uso - Informa\u00e7\u00e3o e Valor - Informa\u00e7\u00e3o &amp; Valor","isPartOf":{"@id":"https:\/\/informacaoevalor.com\/#website"},"datePublished":"2022-08-31T22:17:45+00:00","dateModified":"2024-05-02T20:51:57+00:00","breadcrumb":{"@id":"https:\/\/informacaoevalor.com\/terms\/#breadcrumb"},"inLanguage":"ms-MY","potentialAction":[{"@type":"ReadAction","target":["https:\/\/informacaoevalor.com\/terms\/"]}]},{"@type":"BreadcrumbList","@id":"https:\/\/informacaoevalor.com\/terms\/#breadcrumb","itemListElement":[{"@type":"ListItem","position":1,"name":"Home","item":"https:\/\/informacaoevalor.com\/"},{"@type":"ListItem","position":2,"name":"Termos de Uso &#8211; Informa\u00e7\u00e3o e Valor"}]}]}},"_links":{"self":[{"href":"https:\/\/informacaoevalor.com\/ms\/wp-json\/wp\/v2\/pages\/2571"}],"collection":[{"href":"https:\/\/informacaoevalor.com\/ms\/wp-json\/wp\/v2\/pages"}],"about":[{"href":"https:\/\/informacaoevalor.com\/ms\/wp-json\/wp\/v2\/types\/page"}],"author":[{"embeddable":true,"href":"https:\/\/informacaoevalor.com\/ms\/wp-json\/wp\/v2\/users\/4"}],"replies":[{"embeddable":true,"href":"https:\/\/informacaoevalor.com\/ms\/wp-json\/wp\/v2\/comments?post=2571"}],"version-history":[{"count":0,"href":"https:\/\/informacaoevalor.com\/ms\/wp-json\/wp\/v2\/pages\/2571\/revisions"}],"wp:attachment":[{"href":"https:\/\/informacaoevalor.com\/ms\/wp-json\/wp\/v2\/media?parent=2571"}],"curies":[{"name":"wp","href":"https:\/\/api.w.org\/{rel}","templated":true}]}}