{"id":2571,"date":"2022-08-31T22:17:45","date_gmt":"2022-08-31T22:17:45","guid":{"rendered":"http:\/\/143.244.166.245\/?page_id=2571"},"modified":"2024-05-02T20:51:57","modified_gmt":"2024-05-02T20:51:57","slug":"terms","status":"publish","type":"page","link":"https:\/\/informacaoevalor.com\/it\/terms\/","title":{"rendered":"Condizioni d&#039;uso \u2013 Informazioni e valore"},"content":{"rendered":"<div class=\"mx-5 sm:mx-0 prose leading-relaxed text-lg mb-5 text-left wp-paragraph\">\n<p>Aggiornato il 22 novembre 2023.<\/p>\n<\/div><div class=\"mx-5 sm:mx-0 prose leading-relaxed text-lg mb-5 text-left wp-paragraph\">\n<p>RubikPanda O\u00dc, una societ\u00e0 a responsabilit\u00e0 limitata registrata in Estonia (LLC o O\u00dc), con partita IVA EE102662210, con sede a Tallinn, Keemia Street tn 4, 10616, Harju, Estonia, \u00e8 il proprietario e amministratore del sito Web Information and Value, disponibile all&#039;indirizzo <a style=\" color:;\" href=\"https:\/\/informacaoevalor.com\/it\/\">https:\/\/informacaoevalor.com<\/a>\/.<\/p>\n<\/div><div class=\"mx-5 sm:mx-0 prose leading-relaxed text-lg mb-5 text-left wp-paragraph\">\n<p>Information and Value gestisce questo portale. I riferimenti a &quot;noi&quot; o &quot;nostro&quot; in questo testo sono esclusivi di Informa\u00e7\u00e3o e Valor. Offriamo questo portale, comprese tutte le sue informazioni, servizi e contenuti, a condizione della piena accettazione dei termini, delle condizioni e delle politiche qui descritte da parte degli utenti.<\/p>\n<\/div><div class=\"mx-5 sm:mx-0 prose leading-relaxed text-lg mb-5 text-left wp-paragraph\">\n<p>Specializzata in contenuti informativi e analisi di una variet\u00e0 di prodotti e servizi, come candidature, offerte di lavoro, corsi di formazione e biglietti aerei, Informa\u00e7\u00e3o e Valor presenta offerte di fornitori nazionali e internazionali.<\/p>\n<\/div><div class=\"mx-5 sm:mx-0 prose leading-relaxed text-lg mb-5 text-left wp-paragraph\">\n<p>L&#039;accesso e l&#039;utilizzo di questo sito Web sono soggetti ai Termini qui descritti e all&#039;Informativa sulla privacy di Informazioni e valore, accessibile all&#039;indirizzo <a style=\" color:;\" href=\"https:\/\/informacaoevalor.com\/it\/privacy\/\">https:\/\/informacaoevalor.com\/privacy\/<\/a>e devono rispettare le leggi applicabili.<\/p>\n<\/div><div class=\"mx-5 sm:mx-0 prose leading-relaxed text-lg mb-5 text-left wp-paragraph\">\n<p>Le Condizioni Generali d&#039;Uso mirano a chiarire le responsabilit\u00e0, gli obblighi e i diritti degli utenti del sito Informazioni e Valore, dettagliati nelle sezioni seguenti.<\/p>\n<\/div><div class=\"mx-5 sm:mx-0 prose leading-relaxed text-lg mb-5 text-left wp-paragraph\">\n<p><strong>Ti consigliamo di leggere attentamente le nostre Condizioni d&#039;Uso. Se non sei d&#039;accordo con i termini qui stipulati, ti preghiamo di astenerti dall&#039;utilizzare i servizi Informa\u00e7\u00e3o e Valor.<\/strong><\/p>\n<\/div><!--advertisement--><div class=\"mx-5 sm:mx-0 sm:text-3xl text-2xl font-medium title-font mb-4 text-gray-900 text-left\">\n<h2 id=\"h-secao-i-admissao\">Sezione I \u2013 Ammissione<\/h2>\n<\/div><div class=\"mx-5 sm:mx-0 prose leading-relaxed text-lg mb-5 text-left wp-paragraph\">\n<p><strong>1.1 Accettazione dei Termini<\/strong><\/p>\n<\/div><div class=\"mx-5 sm:mx-0 prose leading-relaxed text-lg mb-5 text-left wp-paragraph\">\n<p>Utilizzando Information and Value, l&#039;utente accetta di rispettare le Condizioni Generali d&#039;Uso e l&#039;Informativa sulla Privacy del sito.<\/p>\n<\/div><div class=\"mx-5 sm:mx-0 prose leading-relaxed text-lg mb-5 text-left wp-paragraph\">\n<p><strong>1.2 Requisiti di et\u00e0 e capacit\u00e0 giuridica<\/strong><\/p>\n<\/div><div class=\"mx-5 sm:mx-0 prose leading-relaxed text-lg mb-5 text-left wp-paragraph\">\n<p>Dichiari di avere almeno 18 anni e di avere la piena capacit\u00e0 giuridica per accettare i presenti Termini e Condizioni d&#039;Uso quando accedi e utilizzi Informa\u00e7\u00e3o e Valor.<\/p>\n<\/div><div class=\"mx-5 sm:mx-0 prose leading-relaxed text-lg mb-5 text-left wp-paragraph\">\n<p><strong>1.3 Limitazioni all&#039;uso<\/strong><\/p>\n<\/div><div class=\"mx-5 sm:mx-0 prose leading-relaxed text-lg mb-5 text-left wp-paragraph\">\n<p>Se non soddisfi i requisiti di et\u00e0 e capacit\u00e0 giuridica, o se non sei d&#039;accordo con i Termini e Condizioni d&#039;Uso, dovresti evitare di accedere e utilizzare i servizi Informa\u00e7\u00e3o e Valor, nonch\u00e9 i siti Web e i servizi correlati.<\/p>\n<\/div><!--advertisement--><div class=\"mx-5 sm:mx-0 sm:text-3xl text-2xl font-medium title-font mb-4 text-gray-900 text-left\">\n<h2>Sezione II \u2013 Contatti<\/h2>\n<\/div><div class=\"mx-5 sm:mx-0 prose leading-relaxed text-lg mb-5 text-left wp-paragraph\">\n<p><strong>2.1 Scopo del contatto<\/strong><\/p>\n<\/div><div class=\"mx-5 sm:mx-0 prose leading-relaxed text-lg mb-5 text-left wp-paragraph\">\n<p>I nostri utenti possono contattare il servizio clienti per chiarimenti, risoluzione problemi, reclami o per maggiori informazioni sui nostri prodotti e servizi.<\/p>\n<\/div><div class=\"mx-5 sm:mx-0 prose leading-relaxed text-lg mb-5 text-left wp-paragraph\">\n<p><strong>2.2 Come mettersi in contatto<\/strong><\/p>\n<\/div><div class=\"mx-5 sm:mx-0 prose leading-relaxed text-lg mb-5 text-left wp-paragraph\">\n<p>Per contattarci compila il modulo disponibile all&#039;indirizzo <a style=\" color:;\" href=\"https:\/\/informacaoevalor.com\/it\/contact\/\">https:\/\/informacaoevalor.com\/contact\/<\/a>.&nbsp;<\/p>\n<\/div><!--advertisement--><div class=\"mx-5 sm:mx-0 sm:text-3xl text-2xl font-medium title-font mb-4 text-gray-900 text-left\">\n<h2>Sezione III \u2013 Responsabilit\u00e0 delle Parti<\/h2>\n<\/div><div class=\"mx-5 sm:mx-0 prose leading-relaxed text-lg mb-5 text-left wp-paragraph\">\n<p><strong>3.1 Accettazione dei Termini<\/strong><\/p>\n<\/div><div class=\"mx-5 sm:mx-0 prose leading-relaxed text-lg mb-5 text-left wp-paragraph\">\n<p>Utilizzando Information and Value, l&#039;utente conferma l&#039;accettazione dei Termini, delle Condizioni d&#039;Uso e dell&#039;Informativa sulla Privacy del sito web.<\/p>\n<\/div><div class=\"mx-5 sm:mx-0 prose leading-relaxed text-lg mb-5 text-left wp-paragraph\">\n<p><strong>3.2 Collegamenti a siti esterni<\/strong><\/p>\n<\/div><div class=\"mx-5 sm:mx-0 prose leading-relaxed text-lg mb-5 text-left wp-paragraph\">\n<p>Information and Value fornisce collegamenti a siti web di terzi, dove \u00e8 possibile contrattare servizi o acquistare prodotti. Non abbiamo alcun coinvolgimento in questi processi.<\/p>\n<\/div><div class=\"mx-5 sm:mx-0 prose leading-relaxed text-lg mb-5 text-left wp-paragraph\">\n<p><strong>3.3 Condizioni sui Siti Partner<\/strong><\/p>\n<\/div><div class=\"mx-5 sm:mx-0 prose leading-relaxed text-lg mb-5 text-left wp-paragraph\">\n<p>Quando visita i siti Web dei partner, l&#039;utente deve accettare i termini e le politiche sulla privacy di tali siti Web.<\/p>\n<\/div><div class=\"mx-5 sm:mx-0 prose leading-relaxed text-lg mb-5 text-left wp-paragraph\">\n<p><strong>3.4 Dichiarazione di non responsabilit\u00e0 per contenuti di terze parti<\/strong><\/p>\n<\/div><div class=\"mx-5 sm:mx-0 prose leading-relaxed text-lg mb-5 text-left wp-paragraph\">\n<p>Non siamo responsabili per i termini, le politiche o le informazioni di servizi e prodotti su siti Web di terzi, n\u00e9 per gli accordi stipulati con tali societ\u00e0.<\/p>\n<\/div><div class=\"mx-5 sm:mx-0 prose leading-relaxed text-lg mb-5 text-left wp-paragraph\">\n<p><strong>3.5 Sicurezza in Internet<\/strong><\/p>\n<\/div><div class=\"mx-5 sm:mx-0 prose leading-relaxed text-lg mb-5 text-left wp-paragraph\">\n<p>Non siamo responsabili per danni causati da virus o malware durante la navigazione online. Raccomandiamo di mantenere aggiornati i sistemi di sicurezza.<\/p>\n<\/div><div class=\"mx-5 sm:mx-0 prose leading-relaxed text-lg mb-5 text-left wp-paragraph\">\n<p><strong>3.6 Limitazione di responsabilit\u00e0<\/strong><\/p>\n<\/div><div class=\"mx-5 sm:mx-0 prose leading-relaxed text-lg mb-5 text-left wp-paragraph\">\n<p>Information and Value non \u00e8 responsabile per danni derivanti da un uso inappropriato del sito o da eventi di forza maggiore.<\/p>\n<\/div><div class=\"mx-5 sm:mx-0 prose leading-relaxed text-lg mb-5 text-left wp-paragraph\">\n<p><strong>3.7 Procedure finanziarie<\/strong><\/p>\n<\/div><div class=\"mx-5 sm:mx-0 prose leading-relaxed text-lg mb-5 text-left wp-paragraph\">\n<p>Non richiediamo depositi o bonifici bancari per concedere prodotti finanziari.<\/p>\n<\/div><div class=\"mx-5 sm:mx-0 prose leading-relaxed text-lg mb-5 text-left wp-paragraph\">\n<p><strong>3.8 Avvisi di sicurezza<\/strong><\/p>\n<\/div><div class=\"mx-5 sm:mx-0 prose leading-relaxed text-lg mb-5 text-left wp-paragraph\">\n<p>Non inviamo email che richiedono dati personali o che contengono allegati eseguibili. Se ricevete tali comunicazioni, vi preghiamo di contattarci all&#039;indirizzo <a style=\" color:;\" href=\"https:\/\/informacaoevalor.com\/it\/contact\/\">https:\/\/informacaoevalor.com\/contact\/<\/a>.<\/p>\n<\/div><!--advertisement--><div class=\"mx-5 sm:mx-0 sm:text-3xl text-2xl font-medium title-font mb-4 text-gray-900 text-left\">\n<h2>Sezione IV \u2013 Condizioni di Utilizzo e Limitazioni<\/h2>\n<\/div><div class=\"mx-5 sm:mx-0 prose leading-relaxed text-lg mb-5 text-left wp-paragraph\">\n<p>Abbiamo stabilito regole rigide per l&#039;utilizzo del nostro sito Web e dei nostri contenuti. \u00c8 proibito:<\/p>\n<\/div><div class=\"mx-5 sm:mx-0 prose text-left mb-5\">\n<ol><li>Utilizzare il sito Web per attivit\u00e0 illegali o promuovere tali pratiche.<\/li><li>Violare leggi o regolamenti a qualsiasi livello.<\/li><li>Violare i diritti di propriet\u00e0 intellettuale.<\/li><li>Adottare comportamenti inappropriati, come molestie o discriminazioni.<\/li><li>Diffondere informazioni false o fuorvianti.<\/li><li>Diffondere virus o codici dannosi.<\/li><li>Raccogliere dati personali da terze parti senza consenso.<\/li><li>Effettuare spam, phishing o attivit\u00e0 simili.<\/li><li>Utilizzare il sito web per scopi osceni o immorali.<\/li><li>Aggirare le misure di sicurezza.<\/li><\/ol>\n<\/div><div class=\"mx-5 sm:mx-0 prose leading-relaxed text-lg mb-5 text-left wp-paragraph\">\n<p><strong>Ci riserviamo il diritto di interrompere o sospendere l&#039;uso dei nostri servizi in caso di violazione di queste restrizioni.<\/strong><\/p>\n<\/div><!--advertisement--><div class=\"mx-5 sm:mx-0 sm:text-3xl text-2xl font-medium title-font mb-4 text-gray-900 text-left\">\n<h2>Sezione V \u2013 Limitazioni di responsabilit\u00e0 e garanzie<\/h2>\n<\/div><div class=\"mx-5 sm:mx-0 prose leading-relaxed text-lg mb-5 text-left wp-paragraph\">\n<p>Riconosciamo che l&#039;accesso al nostro Servizio potrebbe essere intermittente, non completamente sicuro o soggetto a guasti. Non garantiamo che i risultati ottenuti dal Servizio saranno sempre accurati o affidabili. Inoltre, il Servizio potr\u00e0 essere soggetto a occasionali sospensioni o cancellazioni senza preavviso.<\/p>\n<\/div><div class=\"mx-5 sm:mx-0 prose leading-relaxed text-lg mb-5 text-left wp-paragraph\">\n<p>L&#039;utilizzo del Servizio, o l&#039;impossibilit\u00e0 di utilizzarlo, \u00e8 a tuo esclusivo rischio. Il Servizio viene fornito &quot;cos\u00ec com&#039;\u00e8&quot; e &quot;come disponibile&quot;, senza garanzie esplicite o implicite.<\/p>\n<\/div><div class=\"mx-5 sm:mx-0 prose leading-relaxed text-lg mb-5 text-left wp-paragraph\">\n<p>Information and Value e le sue affiliate non sono responsabili per eventuali danni, perdite o reclami derivanti dall&#039;uso del Servizio, inclusi, ma non limitati a, perdita di profitti, dati o altre perdite immateriali.<\/p>\n<\/div><div class=\"mx-5 sm:mx-0 prose leading-relaxed text-lg mb-5 text-left wp-paragraph\">\n<p>Laddove non sia consentita la limitazione di responsabilit\u00e0 per danni indiretti, la responsabilit\u00e0 di Information and Value sar\u00e0 limitata nella misura massima consentita dalla legge.<\/p>\n<\/div><!--advertisement--><div class=\"mx-5 sm:mx-0 sm:text-3xl text-2xl font-medium title-font mb-4 text-gray-900 text-left\">\n<h2>Sezione VI \u2013 Validit\u00e0 e scadenza<\/h2>\n<\/div><div class=\"mx-5 sm:mx-0 prose leading-relaxed text-lg mb-5 text-left wp-paragraph\">\n<p><strong>6.1 Validit\u00e0 dei Termini<\/strong><\/p>\n<\/div><div class=\"mx-5 sm:mx-0 prose leading-relaxed text-lg mb-5 text-left wp-paragraph\">\n<p>Le Condizioni Generali di Utilizzo delle Informazioni e del Valore restano valide per un periodo di tempo indeterminato.<\/p>\n<\/div><div class=\"mx-5 sm:mx-0 prose leading-relaxed text-lg mb-5 text-left wp-paragraph\">\n<p><strong>6.2 Termine per reclami legali<\/strong><\/p>\n<\/div><div class=\"mx-5 sm:mx-0 prose leading-relaxed text-lg mb-5 text-left wp-paragraph\">\n<p>Qualsiasi azione legale o amministrativa relativa all&#039;utilizzo delle Informazioni e del Valore deve essere avviata entro 90 giorni dall&#039;evento che ha dato origine al reclamo, in conformit\u00e0 con le Condizioni d&#039;Uso o l&#039;Informativa sulla Privacy.<\/p>\n<\/div><!--advertisement--><div class=\"mx-5 sm:mx-0 sm:text-3xl text-2xl font-medium title-font mb-4 text-gray-900 text-left\">\n<h2>Sezione VII \u2013 Legislazione e Foro Elettorale<\/h2>\n<\/div><div class=\"mx-5 sm:mx-0 prose leading-relaxed text-lg mb-5 text-left wp-paragraph\">\n<p><strong>7.1 Legislazione applicabile<\/strong><\/p>\n<\/div><div class=\"mx-5 sm:mx-0 prose leading-relaxed text-lg mb-5 text-left wp-paragraph\">\n<p>Le Condizioni Generali d&#039;Uso e l&#039;Informativa sulla Privacy di Informa\u00e7\u00e3o e Valor sono regolate dalle leggi della Repubblica Federativa del Brasile, tra cui la Costituzione, il Codice Civile, il Codice di Tutela dei Consumatori, la Legge Marco Civil da Internet e la Normativa sui Dati Generali. Legge sulla tutela.<\/p>\n<\/div><div class=\"mx-5 sm:mx-0 prose leading-relaxed text-lg mb-5 text-left wp-paragraph\">\n<p><strong>7.2 Foro Competente per le Controversie<\/strong><\/p>\n<\/div><div class=\"mx-5 sm:mx-0 prose leading-relaxed text-lg mb-5 text-left wp-paragraph\">\n<p>Per questioni di interpretazione o applicazione delle presenti Condizioni e dell&#039;Informativa sulla privacy, le parti concordano di sottoporsi alla giurisdizione esclusiva della Camera di commercio di Tallinn, Estonia (Corte arbitrale della Camera di commercio e industria estone). Ci\u00f2 vale per tutte le controversie relative alle presenti Condizioni d&#039;uso.<\/p>\n<\/div><!--advertisement--><div class=\"mx-5 sm:mx-0 sm:text-3xl text-2xl font-medium title-font mb-4 text-gray-900 text-left\">\n<h2>Sezione VIII \u2013 Contenuti e Propriet\u00e0 Intellettuale<\/h2>\n<\/div><div class=\"mx-5 sm:mx-0 prose leading-relaxed text-lg mb-5 text-left wp-paragraph\">\n<p><strong>8.1 Diritti di propriet\u00e0 intellettuale<\/strong><\/p>\n<\/div><div class=\"mx-5 sm:mx-0 prose leading-relaxed text-lg mb-5 text-left wp-paragraph\">\n<p>Il contenuto di Information and Value, di propriet\u00e0 di RubikPanda O\u00dc e dei suoi partner, \u00e8 protetto dalle leggi sul copyright. \u00c8 vietata qualsiasi riproduzione o utilizzo non autorizzato di questo contenuto senza il permesso scritto di RubikPanda O\u00dc.&nbsp;<\/p>\n<\/div><div class=\"mx-5 sm:mx-0 prose leading-relaxed text-lg mb-5 text-left wp-paragraph\">\n<p><strong>8.2 Dichiarazione di non responsabilit\u00e0 per contenuti di terze parti<\/strong><\/p>\n<\/div><div class=\"mx-5 sm:mx-0 prose leading-relaxed text-lg mb-5 text-left wp-paragraph\">\n<p>Non siamo responsabili per i contenuti di terzi pubblicati sul sito web, come commenti su forum o social network, n\u00e9 per i danni derivanti dall&#039;utilizzo del sito web.<\/p>\n<\/div><div class=\"mx-5 sm:mx-0 prose leading-relaxed text-lg mb-5 text-left wp-paragraph\">\n<p><strong>8.3 Azioni in caso di violazioni<\/strong><\/p>\n<\/div><div class=\"mx-5 sm:mx-0 prose leading-relaxed text-lg mb-5 text-left wp-paragraph\">\n<p>Ci riserviamo il diritto di rimuovere i contenuti che violano questi termini, in particolare contenuti illegali o offensivi, e di chiudere gli account degli utenti che violano.<\/p>\n<\/div><!--advertisement--><div class=\"mx-5 sm:mx-0 sm:text-3xl text-2xl font-medium title-font mb-4 text-gray-900 text-left\">\n<h2>Sezione IX \u2013 Modifica dei Termini e Condizioni<\/h2>\n<\/div><div class=\"mx-5 sm:mx-0 prose leading-relaxed text-lg mb-5 text-left wp-paragraph\">\n<p>Information and Value pu\u00f2 modificare, sospendere o interrompere parti dei propri servizi in qualsiasi momento, senza preavviso. In queste situazioni, non ci sar\u00e0 alcuna responsabilit\u00e0 nei confronti degli utenti o di terzi.<\/p>\n<\/div><div class=\"mx-5 sm:mx-0 prose leading-relaxed text-lg mb-5 text-left wp-paragraph\">\n<p><strong>L&#039;utilizzo del sito web implica l&#039;accettazione vincolante dei presenti Termini e Condizioni. Se non sei d&#039;accordo con i Termini, ti preghiamo di astenerti dall&#039;utilizzare il Sito.<\/strong><\/p>\n<\/div><!--advertisement--><div class=\"mx-5 sm:mx-0 sm:text-3xl text-2xl font-medium title-font mb-4 text-gray-900 text-left\">\n<h2>Sezione X \u2013 Informazioni di contatto<\/h2>\n<\/div><div class=\"mx-5 sm:mx-0 prose leading-relaxed text-lg mb-5 text-left wp-paragraph\">\n<p>Se hai domande o suggerimenti sui nostri servizi, siamo disponibili per assistenza. Invia un&#039;e-mail al nostro team di assistenza clienti all&#039;indirizzo: <a style=\" color:;\" href=\"mailto:contato@informacaoevalor.com\">contato@informacaoevalor.com<\/a>.<\/p>\n<\/div>","protected":false},"excerpt":{"rendered":"<p>Aggiornato il 22 novembre 2023. RubikPanda O\u00dc, una societ\u00e0 a responsabilit\u00e0 limitata registrata in Estonia (LLC o O\u00dc), con partita IVA EE102662210, con sede a Tallinn, Street Keemia tn 4, 10616, Harju, Estonia, possiede e gestisce il sito Web Informazioni e valore , disponibile su https:\/\/informacaoevalor.com\/. Information and Value gestisce questo portale. Riferimenti a &quot;noi&quot;, &quot;noi&quot;... <a class=\"more-link\" href=\"https:\/\/informacaoevalor.com\/it\/terms\/\">Continua a leggere <span class=\"screen-reader-text\">Condizioni d&#039;uso \u2013 Informazioni e valore<\/span><\/a><\/p>","protected":false},"author":4,"featured_media":0,"parent":0,"menu_order":0,"comment_status":"closed","ping_status":"closed","template":"","meta":[],"yoast_head":"<!-- This site is optimized with the Yoast SEO Premium plugin v18.7 (Yoast SEO v19.1) - https:\/\/yoast.com\/wordpress\/plugins\/seo\/ -->\n<title>Termos de Uso - Informa\u00e7\u00e3o e Valor - Informa\u00e7\u00e3o &amp; Valor<\/title>\n<meta name=\"robots\" content=\"index, follow, max-snippet:-1, max-image-preview:large, max-video-preview:-1\" \/>\n<link rel=\"canonical\" href=\"https:\/\/informacaoevalor.com\/it\/terms\/\" \/>\n<meta property=\"og:locale\" content=\"it_IT\" \/>\n<meta property=\"og:type\" content=\"article\" \/>\n<meta property=\"og:title\" content=\"Termos de Uso - Informa\u00e7\u00e3o e Valor\" \/>\n<meta property=\"og:description\" content=\"Atualizado em 22 de Novembro de 2023. A RubikPanda O\u00dc, uma empresa limitada registrada na Est\u00f4nia (LLC, ou O\u00dc), com VAT EE102662210, localizada em Tallinn, Rua Keemia tn 4, 10616, Harju, Est\u00f4nia, \u00e9 propriet\u00e1ria e administradora do website Informa\u00e7\u00e3o e Valor, dispon\u00edvel em https:\/\/informacaoevalor.com\/. O Informa\u00e7\u00e3o e Valor administra este portal. Refer\u00eancias a &#8216;n\u00f3s&#8217;, &#8216;nos&#8217;&hellip; Continue reading Termos de Uso &#8211; Informa\u00e7\u00e3o e Valor\" \/>\n<meta property=\"og:url\" content=\"https:\/\/informacaoevalor.com\/it\/terms\/\" \/>\n<meta property=\"og:site_name\" content=\"Informa\u00e7\u00e3o &amp; Valor\" \/>\n<meta property=\"article:modified_time\" content=\"2024-05-02T20:51:57+00:00\" \/>\n<meta name=\"twitter:card\" content=\"summary_large_image\" \/>\n<meta name=\"twitter:label1\" content=\"Est. reading time\" \/>\n\t<meta name=\"twitter:data1\" content=\"7 minuti\" \/>\n<script type=\"application\/ld+json\" class=\"yoast-schema-graph\">{\"@context\":\"https:\/\/schema.org\",\"@graph\":[{\"@type\":\"WebSite\",\"@id\":\"https:\/\/informacaoevalor.com\/#website\",\"url\":\"https:\/\/informacaoevalor.com\/\",\"name\":\"Informa\u00e7\u00e3o &amp; Valor\",\"description\":\"Conte\u00fado e Informa\u00e7\u00e3o que geram valor\",\"potentialAction\":[{\"@type\":\"SearchAction\",\"target\":{\"@type\":\"EntryPoint\",\"urlTemplate\":\"https:\/\/informacaoevalor.com\/?s={search_term_string}\"},\"query-input\":\"required name=search_term_string\"}],\"inLanguage\":\"it-IT\"},{\"@type\":\"WebPage\",\"@id\":\"https:\/\/informacaoevalor.com\/terms\/#webpage\",\"url\":\"https:\/\/informacaoevalor.com\/terms\/\",\"name\":\"Termos de Uso - Informa\u00e7\u00e3o e Valor - Informa\u00e7\u00e3o &amp; Valor\",\"isPartOf\":{\"@id\":\"https:\/\/informacaoevalor.com\/#website\"},\"datePublished\":\"2022-08-31T22:17:45+00:00\",\"dateModified\":\"2024-05-02T20:51:57+00:00\",\"breadcrumb\":{\"@id\":\"https:\/\/informacaoevalor.com\/terms\/#breadcrumb\"},\"inLanguage\":\"it-IT\",\"potentialAction\":[{\"@type\":\"ReadAction\",\"target\":[\"https:\/\/informacaoevalor.com\/terms\/\"]}]},{\"@type\":\"BreadcrumbList\",\"@id\":\"https:\/\/informacaoevalor.com\/terms\/#breadcrumb\",\"itemListElement\":[{\"@type\":\"ListItem\",\"position\":1,\"name\":\"Home\",\"item\":\"https:\/\/informacaoevalor.com\/\"},{\"@type\":\"ListItem\",\"position\":2,\"name\":\"Termos de Uso &#8211; Informa\u00e7\u00e3o e Valor\"}]}]}<\/script>\n<!-- \/ Yoast SEO Premium plugin. -->","yoast_head_json":{"title":"Termos de Uso - Informa\u00e7\u00e3o e Valor - Informa\u00e7\u00e3o &amp; Valor","robots":{"index":"index","follow":"follow","max-snippet":"max-snippet:-1","max-image-preview":"max-image-preview:large","max-video-preview":"max-video-preview:-1"},"canonical":"https:\/\/informacaoevalor.com\/it\/terms\/","og_locale":"it_IT","og_type":"article","og_title":"Termos de Uso - Informa\u00e7\u00e3o e Valor","og_description":"Atualizado em 22 de Novembro de 2023. A RubikPanda O\u00dc, uma empresa limitada registrada na Est\u00f4nia (LLC, ou O\u00dc), com VAT EE102662210, localizada em Tallinn, Rua Keemia tn 4, 10616, Harju, Est\u00f4nia, \u00e9 propriet\u00e1ria e administradora do website Informa\u00e7\u00e3o e Valor, dispon\u00edvel em https:\/\/informacaoevalor.com\/. O Informa\u00e7\u00e3o e Valor administra este portal. Refer\u00eancias a &#8216;n\u00f3s&#8217;, &#8216;nos&#8217;&hellip; Continue reading Termos de Uso &#8211; Informa\u00e7\u00e3o e Valor","og_url":"https:\/\/informacaoevalor.com\/it\/terms\/","og_site_name":"Informa\u00e7\u00e3o &amp; Valor","article_modified_time":"2024-05-02T20:51:57+00:00","twitter_card":"summary_large_image","twitter_misc":{"Est. reading time":"7 minuti"},"schema":{"@context":"https:\/\/schema.org","@graph":[{"@type":"WebSite","@id":"https:\/\/informacaoevalor.com\/#website","url":"https:\/\/informacaoevalor.com\/","name":"Informa\u00e7\u00e3o &amp; Valor","description":"Conte\u00fado e Informa\u00e7\u00e3o que geram valor","potentialAction":[{"@type":"SearchAction","target":{"@type":"EntryPoint","urlTemplate":"https:\/\/informacaoevalor.com\/?s={search_term_string}"},"query-input":"required name=search_term_string"}],"inLanguage":"it-IT"},{"@type":"WebPage","@id":"https:\/\/informacaoevalor.com\/terms\/#webpage","url":"https:\/\/informacaoevalor.com\/terms\/","name":"Termos de Uso - Informa\u00e7\u00e3o e Valor - Informa\u00e7\u00e3o &amp; Valor","isPartOf":{"@id":"https:\/\/informacaoevalor.com\/#website"},"datePublished":"2022-08-31T22:17:45+00:00","dateModified":"2024-05-02T20:51:57+00:00","breadcrumb":{"@id":"https:\/\/informacaoevalor.com\/terms\/#breadcrumb"},"inLanguage":"it-IT","potentialAction":[{"@type":"ReadAction","target":["https:\/\/informacaoevalor.com\/terms\/"]}]},{"@type":"BreadcrumbList","@id":"https:\/\/informacaoevalor.com\/terms\/#breadcrumb","itemListElement":[{"@type":"ListItem","position":1,"name":"Home","item":"https:\/\/informacaoevalor.com\/"},{"@type":"ListItem","position":2,"name":"Termos de Uso &#8211; Informa\u00e7\u00e3o e Valor"}]}]}},"_links":{"self":[{"href":"https:\/\/informacaoevalor.com\/it\/wp-json\/wp\/v2\/pages\/2571"}],"collection":[{"href":"https:\/\/informacaoevalor.com\/it\/wp-json\/wp\/v2\/pages"}],"about":[{"href":"https:\/\/informacaoevalor.com\/it\/wp-json\/wp\/v2\/types\/page"}],"author":[{"embeddable":true,"href":"https:\/\/informacaoevalor.com\/it\/wp-json\/wp\/v2\/users\/4"}],"replies":[{"embeddable":true,"href":"https:\/\/informacaoevalor.com\/it\/wp-json\/wp\/v2\/comments?post=2571"}],"version-history":[{"count":0,"href":"https:\/\/informacaoevalor.com\/it\/wp-json\/wp\/v2\/pages\/2571\/revisions"}],"wp:attachment":[{"href":"https:\/\/informacaoevalor.com\/it\/wp-json\/wp\/v2\/media?parent=2571"}],"curies":[{"name":"wp","href":"https:\/\/api.w.org\/{rel}","templated":true}]}}