{"id":2571,"date":"2022-08-31T22:17:45","date_gmt":"2022-08-31T22:17:45","guid":{"rendered":"http:\/\/143.244.166.245\/?page_id=2571"},"modified":"2024-05-02T20:51:57","modified_gmt":"2024-05-02T20:51:57","slug":"terms","status":"publish","type":"page","link":"https:\/\/informacaoevalor.com\/fr\/terms\/","title":{"rendered":"Conditions d&#039;utilisation \u2013 Informations et valeur"},"content":{"rendered":"<div class=\"mx-5 sm:mx-0 prose leading-relaxed text-lg mb-5 text-left wp-paragraph\">\n<p>Mis \u00e0 jour le 22 novembre 2023.<\/p>\n<\/div><div class=\"mx-5 sm:mx-0 prose leading-relaxed text-lg mb-5 text-left wp-paragraph\">\n<p>RubikPanda O\u00dc, une soci\u00e9t\u00e9 \u00e0 responsabilit\u00e9 limit\u00e9e enregistr\u00e9e en Estonie (LLC ou O\u00dc), avec TVA EE102662210, situ\u00e9e \u00e0 Tallinn, Keemia Street tn 4, 10616, Harju, Estonie, est le propri\u00e9taire et l&#039;administrateur du site Web Information and Value, disponible sur <a style=\" color:;\" href=\"https:\/\/informacaoevalor.com\/fr\/\">https:\/\/informacaoevalor.com<\/a>\/.<\/p>\n<\/div><div class=\"mx-5 sm:mx-0 prose leading-relaxed text-lg mb-5 text-left wp-paragraph\">\n<p>Information and Value g\u00e8re ce portail. Les r\u00e9f\u00e9rences \u00e0 \u00ab nous \u00bb, \u00ab notre \u00bb ou \u00ab notre \u00bb dans ce texte sont exclusives \u00e0 Informa\u00e7\u00e3o e Valor. Nous proposons ce portail, y compris toutes ses informations, services et contenus, sous la condition de l&#039;acceptation pleine et enti\u00e8re des termes, conditions et politiques d\u00e9crites ici par les utilisateurs.<\/p>\n<\/div><div class=\"mx-5 sm:mx-0 prose leading-relaxed text-lg mb-5 text-left wp-paragraph\">\n<p>Sp\u00e9cialis\u00e9e dans le contenu informatif et l&#039;analyse d&#039;une vari\u00e9t\u00e9 de produits et de services, tels que des candidatures, des offres d&#039;emploi, des cours de formation et des billets d&#039;avion, Informa\u00e7\u00e3o e Valor pr\u00e9sente des offres de fournisseurs nationaux et internationaux.<\/p>\n<\/div><div class=\"mx-5 sm:mx-0 prose leading-relaxed text-lg mb-5 text-left wp-paragraph\">\n<p>L&#039;acc\u00e8s et l&#039;utilisation de ce site Web sont soumis aux conditions d\u00e9crites ici et \u00e0 la politique de confidentialit\u00e9 des informations et de la valeur, accessible \u00e0 l&#039;adresse <a style=\" color:;\" href=\"https:\/\/informacaoevalor.com\/fr\/privacy\/\">https:\/\/informacaoevalor.com\/privacy\/<\/a>, et doit se conformer aux lois applicables.<\/p>\n<\/div><div class=\"mx-5 sm:mx-0 prose leading-relaxed text-lg mb-5 text-left wp-paragraph\">\n<p>Les Conditions G\u00e9n\u00e9rales d\u2019Utilisation visent \u00e0 clarifier les responsabilit\u00e9s, obligations et droits des utilisateurs du site Information et Valeur, d\u00e9taill\u00e9s dans les sections suivantes.<\/p>\n<\/div><div class=\"mx-5 sm:mx-0 prose leading-relaxed text-lg mb-5 text-left wp-paragraph\">\n<p><strong>Nous vous recommandons de lire attentivement nos conditions d&#039;utilisation. Si vous n&#039;\u00eates pas d&#039;accord avec les conditions stipul\u00e9es ici, veuillez vous abstenir d&#039;utiliser les services Informa\u00e7\u00e3o e Valor.<\/strong><\/p>\n<\/div><!--advertisement--><div class=\"mx-5 sm:mx-0 sm:text-3xl text-2xl font-medium title-font mb-4 text-gray-900 text-left\">\n<h2 id=\"h-secao-i-admissao\">Section I \u2013 Admission<\/h2>\n<\/div><div class=\"mx-5 sm:mx-0 prose leading-relaxed text-lg mb-5 text-left wp-paragraph\">\n<p><strong>1.1 Acceptation des conditions<\/strong><\/p>\n<\/div><div class=\"mx-5 sm:mx-0 prose leading-relaxed text-lg mb-5 text-left wp-paragraph\">\n<p>En utilisant Information and Value, vous acceptez de respecter les Conditions g\u00e9n\u00e9rales d\u2019utilisation et la Politique de confidentialit\u00e9 du site.<\/p>\n<\/div><div class=\"mx-5 sm:mx-0 prose leading-relaxed text-lg mb-5 text-left wp-paragraph\">\n<p><strong>1.2 Conditions d&#039;\u00e2ge et de capacit\u00e9 juridique<\/strong><\/p>\n<\/div><div class=\"mx-5 sm:mx-0 prose leading-relaxed text-lg mb-5 text-left wp-paragraph\">\n<p>Vous affirmez que vous avez au moins 18 ans et que vous disposez de la pleine capacit\u00e9 juridique pour accepter les pr\u00e9sentes conditions g\u00e9n\u00e9rales d&#039;utilisation lorsque vous acc\u00e9dez et utilisez Informa\u00e7\u00e3o e Valor.<\/p>\n<\/div><div class=\"mx-5 sm:mx-0 prose leading-relaxed text-lg mb-5 text-left wp-paragraph\">\n<p><strong>1.3 Restrictions d&#039;utilisation<\/strong><\/p>\n<\/div><div class=\"mx-5 sm:mx-0 prose leading-relaxed text-lg mb-5 text-left wp-paragraph\">\n<p>Si vous ne remplissez pas les conditions d&#039;\u00e2ge et de capacit\u00e9 juridique, ou si vous n&#039;acceptez pas les conditions g\u00e9n\u00e9rales d&#039;utilisation, vous devez \u00e9viter d&#039;acc\u00e9der et d&#039;utiliser les services Informa\u00e7\u00e3o e Valor, ainsi que les sites Web et services associ\u00e9s.<\/p>\n<\/div><!--advertisement--><div class=\"mx-5 sm:mx-0 sm:text-3xl text-2xl font-medium title-font mb-4 text-gray-900 text-left\">\n<h2>Section II \u2013 Contact<\/h2>\n<\/div><div class=\"mx-5 sm:mx-0 prose leading-relaxed text-lg mb-5 text-left wp-paragraph\">\n<p><strong>2.1 Objet du contact<\/strong><\/p>\n<\/div><div class=\"mx-5 sm:mx-0 prose leading-relaxed text-lg mb-5 text-left wp-paragraph\">\n<p>Nos utilisateurs peuvent contacter le service client pour des \u00e9claircissements, la r\u00e9solution de probl\u00e8mes, des r\u00e9clamations ou pour plus d&#039;informations sur nos produits et services.<\/p>\n<\/div><div class=\"mx-5 sm:mx-0 prose leading-relaxed text-lg mb-5 text-left wp-paragraph\">\n<p><strong>2.2 Comment entrer en contact<\/strong><\/p>\n<\/div><div class=\"mx-5 sm:mx-0 prose leading-relaxed text-lg mb-5 text-left wp-paragraph\">\n<p>Pour nous contacter, remplissez le formulaire disponible sur <a style=\" color:;\" href=\"https:\/\/informacaoevalor.com\/fr\/contact\/\">https:\/\/informacaoevalor.com\/contact\/<\/a>.&nbsp;<\/p>\n<\/div><!--advertisement--><div class=\"mx-5 sm:mx-0 sm:text-3xl text-2xl font-medium title-font mb-4 text-gray-900 text-left\">\n<h2>Section III \u2013 Responsabilit\u00e9s des parties<\/h2>\n<\/div><div class=\"mx-5 sm:mx-0 prose leading-relaxed text-lg mb-5 text-left wp-paragraph\">\n<p><strong>3.1 Acceptation des conditions<\/strong><\/p>\n<\/div><div class=\"mx-5 sm:mx-0 prose leading-relaxed text-lg mb-5 text-left wp-paragraph\">\n<p>En utilisant Informations et Valeur, l&#039;utilisateur confirme son acceptation des Conditions d&#039;utilisation et de la Politique de confidentialit\u00e9 du site Web.<\/p>\n<\/div><div class=\"mx-5 sm:mx-0 prose leading-relaxed text-lg mb-5 text-left wp-paragraph\">\n<p><strong>3.2 Liens vers des sites externes<\/strong><\/p>\n<\/div><div class=\"mx-5 sm:mx-0 prose leading-relaxed text-lg mb-5 text-left wp-paragraph\">\n<p>Information and Value fournit des liens vers des sites Web tiers, sur lesquels il est possible de louer des services ou d&#039;acheter des produits. Nous ne sommes pas impliqu\u00e9s dans ces processus.<\/p>\n<\/div><div class=\"mx-5 sm:mx-0 prose leading-relaxed text-lg mb-5 text-left wp-paragraph\">\n<p><strong>3.3 Conditions sur les Sites Partenaires<\/strong><\/p>\n<\/div><div class=\"mx-5 sm:mx-0 prose leading-relaxed text-lg mb-5 text-left wp-paragraph\">\n<p>Lors de la visite de sites Internet partenaires, l\u2019utilisateur doit accepter les conditions et politiques de confidentialit\u00e9 de ces sites Internet.<\/p>\n<\/div><div class=\"mx-5 sm:mx-0 prose leading-relaxed text-lg mb-5 text-left wp-paragraph\">\n<p><strong>3.4 Avis de non-responsabilit\u00e9 concernant le contenu tiers<\/strong><\/p>\n<\/div><div class=\"mx-5 sm:mx-0 prose leading-relaxed text-lg mb-5 text-left wp-paragraph\">\n<p>Nous ne sommes pas responsables des conditions, politiques ou informations des services et produits sur les sites Web tiers, ni des accords conclus avec ces soci\u00e9t\u00e9s.<\/p>\n<\/div><div class=\"mx-5 sm:mx-0 prose leading-relaxed text-lg mb-5 text-left wp-paragraph\">\n<p><strong>3.5 S\u00e9curit\u00e9 Internet<\/strong><\/p>\n<\/div><div class=\"mx-5 sm:mx-0 prose leading-relaxed text-lg mb-5 text-left wp-paragraph\">\n<p>Nous ne sommes pas responsables des dommages caus\u00e9s par des virus ou des logiciels malveillants lors de la navigation en ligne. Nous vous recommandons de maintenir les syst\u00e8mes de s\u00e9curit\u00e9 \u00e0 jour.<\/p>\n<\/div><div class=\"mx-5 sm:mx-0 prose leading-relaxed text-lg mb-5 text-left wp-paragraph\">\n<p><strong>3.6 Limitation de responsabilit\u00e9<\/strong><\/p>\n<\/div><div class=\"mx-5 sm:mx-0 prose leading-relaxed text-lg mb-5 text-left wp-paragraph\">\n<p>Information and Value n&#039;est pas responsable des dommages r\u00e9sultant d&#039;une utilisation inappropri\u00e9e du site Web ou d&#039;\u00e9v\u00e9nements de force majeure.<\/p>\n<\/div><div class=\"mx-5 sm:mx-0 prose leading-relaxed text-lg mb-5 text-left wp-paragraph\">\n<p><strong>3.7 Proc\u00e9dures financi\u00e8res<\/strong><\/p>\n<\/div><div class=\"mx-5 sm:mx-0 prose leading-relaxed text-lg mb-5 text-left wp-paragraph\">\n<p>Nous ne demandons ni d\u00e9p\u00f4ts ni virements bancaires pour accorder des produits financiers.<\/p>\n<\/div><div class=\"mx-5 sm:mx-0 prose leading-relaxed text-lg mb-5 text-left wp-paragraph\">\n<p><strong>3.8 Alertes de s\u00e9curit\u00e9<\/strong><\/p>\n<\/div><div class=\"mx-5 sm:mx-0 prose leading-relaxed text-lg mb-5 text-left wp-paragraph\">\n<p>Nous n&#039;envoyons pas d&#039;e-mails demandant des donn\u00e9es personnelles ou contenant des pi\u00e8ces jointes ex\u00e9cutables. Si vous recevez de telles communications, veuillez nous contacter au <a style=\" color:;\" href=\"https:\/\/informacaoevalor.com\/fr\/contact\/\">https:\/\/informacaoevalor.com\/contact\/<\/a>.<\/p>\n<\/div><!--advertisement--><div class=\"mx-5 sm:mx-0 sm:text-3xl text-2xl font-medium title-font mb-4 text-gray-900 text-left\">\n<h2>Section IV \u2013 Conditions d&#039;utilisation et restrictions<\/h2>\n<\/div><div class=\"mx-5 sm:mx-0 prose leading-relaxed text-lg mb-5 text-left wp-paragraph\">\n<p>Nous avons \u00e9tabli des r\u00e8gles strictes pour l&#039;utilisation de notre site Internet et de son contenu. C&#039;est interdit:<\/p>\n<\/div><div class=\"mx-5 sm:mx-0 prose text-left mb-5\">\n<ol><li>Utiliser le site Web pour des activit\u00e9s ill\u00e9gales ou promouvoir de telles pratiques.<\/li><li>Violer les lois ou les r\u00e9glementations \u00e0 n\u2019importe quel niveau.<\/li><li>Enfreindre les droits de propri\u00e9t\u00e9 intellectuelle.<\/li><li>Adopter un comportement inappropri\u00e9, tel que le harc\u00e8lement ou la discrimination.<\/li><li>Diffuser des informations fausses ou trompeuses.<\/li><li>Propagation de virus ou de codes nuisibles.<\/li><li>Recueillir des donn\u00e9es personnelles aupr\u00e8s de tiers sans consentement.<\/li><li>Effectuer du spam, du phishing ou des activit\u00e9s similaires.<\/li><li>Utiliser le site Web \u00e0 des fins obsc\u00e8nes ou immorales.<\/li><li>Contournez les mesures de s\u00e9curit\u00e9.<\/li><\/ol>\n<\/div><div class=\"mx-5 sm:mx-0 prose leading-relaxed text-lg mb-5 text-left wp-paragraph\">\n<p><strong>Nous nous r\u00e9servons le droit de r\u00e9silier ou de suspendre l&#039;utilisation de nos services en cas de violation de ces restrictions.<\/strong><\/p>\n<\/div><!--advertisement--><div class=\"mx-5 sm:mx-0 sm:text-3xl text-2xl font-medium title-font mb-4 text-gray-900 text-left\">\n<h2>Section V \u2013 Limites de responsabilit\u00e9 et garanties<\/h2>\n<\/div><div class=\"mx-5 sm:mx-0 prose leading-relaxed text-lg mb-5 text-left wp-paragraph\">\n<p>Nous reconnaissons que l&#039;acc\u00e8s \u00e0 notre Service peut \u00eatre intermittent, pas compl\u00e8tement s\u00e9curis\u00e9 ou sujet \u00e0 des pannes. Nous ne garantissons pas que les r\u00e9sultats obtenus \u00e0 partir du Service seront toujours pr\u00e9cis ou fiables. Par ailleurs, le Service peut faire l&#039;objet de suspensions ou d&#039;annulations occasionnelles sans pr\u00e9avis.<\/p>\n<\/div><div class=\"mx-5 sm:mx-0 prose leading-relaxed text-lg mb-5 text-left wp-paragraph\">\n<p>Votre utilisation du Service, ou votre incapacit\u00e9 \u00e0 l&#039;utiliser, est \u00e0 vos seuls risques. Le Service est fourni \u00ab tel quel \u00bb et \u00ab tel que disponible \u00bb, sans garantie expresse ou implicite.<\/p>\n<\/div><div class=\"mx-5 sm:mx-0 prose leading-relaxed text-lg mb-5 text-left wp-paragraph\">\n<p>Information and Value et ses soci\u00e9t\u00e9s affili\u00e9es ne sont pas responsables des dommages, pertes ou r\u00e9clamations r\u00e9sultant de l&#039;utilisation du Service, y compris, mais sans s&#039;y limiter, la perte de profits, de donn\u00e9es ou autres pertes intangibles.<\/p>\n<\/div><div class=\"mx-5 sm:mx-0 prose leading-relaxed text-lg mb-5 text-left wp-paragraph\">\n<p>Lorsque la limitation de responsabilit\u00e9 pour les dommages indirects n&#039;est pas autoris\u00e9e, la responsabilit\u00e9 d&#039;Information and Value sera limit\u00e9e dans la mesure maximale permise par la loi.<\/p>\n<\/div><!--advertisement--><div class=\"mx-5 sm:mx-0 sm:text-3xl text-2xl font-medium title-font mb-4 text-gray-900 text-left\">\n<h2>Section VI \u2013 Validit\u00e9 et d\u00e9lai<\/h2>\n<\/div><div class=\"mx-5 sm:mx-0 prose leading-relaxed text-lg mb-5 text-left wp-paragraph\">\n<p><strong>6.1 Validit\u00e9 des conditions<\/strong><\/p>\n<\/div><div class=\"mx-5 sm:mx-0 prose leading-relaxed text-lg mb-5 text-left wp-paragraph\">\n<p>Les Conditions G\u00e9n\u00e9rales d\u2019Utilisation des Informations et Valeur restent valables pour une dur\u00e9e ind\u00e9termin\u00e9e.<\/p>\n<\/div><div class=\"mx-5 sm:mx-0 prose leading-relaxed text-lg mb-5 text-left wp-paragraph\">\n<p><strong>6.2 D\u00e9lai pour les r\u00e9clamations l\u00e9gales<\/strong><\/p>\n<\/div><div class=\"mx-5 sm:mx-0 prose leading-relaxed text-lg mb-5 text-left wp-paragraph\">\n<p>Toute action judiciaire ou administrative li\u00e9e \u00e0 l&#039;utilisation des Informations et de la Valeur doit \u00eatre initi\u00e9e dans les 90 jours suivant l&#039;\u00e9v\u00e9nement donnant lieu \u00e0 la r\u00e9clamation, conform\u00e9ment aux Conditions d&#039;utilisation ou \u00e0 la Politique de confidentialit\u00e9.<\/p>\n<\/div><!--advertisement--><div class=\"mx-5 sm:mx-0 sm:text-3xl text-2xl font-medium title-font mb-4 text-gray-900 text-left\">\n<h2>Section VII \u2013 L\u00e9gislation et forum \u00e9lectoral<\/h2>\n<\/div><div class=\"mx-5 sm:mx-0 prose leading-relaxed text-lg mb-5 text-left wp-paragraph\">\n<p><strong>7.1 L\u00e9gislation applicable<\/strong><\/p>\n<\/div><div class=\"mx-5 sm:mx-0 prose leading-relaxed text-lg mb-5 text-left wp-paragraph\">\n<p>Les conditions g\u00e9n\u00e9rales d&#039;utilisation et la politique de confidentialit\u00e9 d&#039;Informa\u00e7\u00e3o e Valor sont r\u00e9gies par les lois de la R\u00e9publique f\u00e9d\u00e9rative du Br\u00e9sil, notamment la Constitution, le Code civil, le Code de protection des consommateurs, la loi Marco Civil da Internet et les donn\u00e9es g\u00e9n\u00e9rales. Loi sur la protection.<\/p>\n<\/div><div class=\"mx-5 sm:mx-0 prose leading-relaxed text-lg mb-5 text-left wp-paragraph\">\n<p><strong>7.2 Juridiction pour les litiges<\/strong><\/p>\n<\/div><div class=\"mx-5 sm:mx-0 prose leading-relaxed text-lg mb-5 text-left wp-paragraph\">\n<p>Pour les questions d&#039;interpr\u00e9tation ou d&#039;application des pr\u00e9sentes Conditions et de la Politique de confidentialit\u00e9, les parties conviennent de se soumettre \u00e0 la juridiction exclusive de la Chambre de commerce de Tallinn, Estonie (La Cour d&#039;arbitrage de la Chambre de commerce et d&#039;industrie estonienne). Ceci s\u2019applique \u00e0 tous les litiges relatifs aux pr\u00e9sentes Conditions d\u2019Utilisation.<\/p>\n<\/div><!--advertisement--><div class=\"mx-5 sm:mx-0 sm:text-3xl text-2xl font-medium title-font mb-4 text-gray-900 text-left\">\n<h2>Section VIII \u2013 Contenu et propri\u00e9t\u00e9 intellectuelle<\/h2>\n<\/div><div class=\"mx-5 sm:mx-0 prose leading-relaxed text-lg mb-5 text-left wp-paragraph\">\n<p><strong>8.1 Droits de propri\u00e9t\u00e9 intellectuelle<\/strong><\/p>\n<\/div><div class=\"mx-5 sm:mx-0 prose leading-relaxed text-lg mb-5 text-left wp-paragraph\">\n<p>Le contenu des informations et de la valeur, propri\u00e9t\u00e9 de RubikPanda O\u00dc et de ses partenaires, est prot\u00e9g\u00e9 par les lois sur le droit d&#039;auteur. Toute reproduction ou utilisation non autoris\u00e9e de ce contenu sans autorisation \u00e9crite de RubikPanda O\u00dc est interdite.&nbsp;<\/p>\n<\/div><div class=\"mx-5 sm:mx-0 prose leading-relaxed text-lg mb-5 text-left wp-paragraph\">\n<p><strong>8.2 Avis de non-responsabilit\u00e9 concernant le contenu tiers<\/strong><\/p>\n<\/div><div class=\"mx-5 sm:mx-0 prose leading-relaxed text-lg mb-5 text-left wp-paragraph\">\n<p>Nous ne sommes pas responsables des contenus de tiers publi\u00e9s sur le site, tels que les commentaires sur les forums ou les r\u00e9seaux sociaux, ni des dommages r\u00e9sultant de l&#039;utilisation du site.<\/p>\n<\/div><div class=\"mx-5 sm:mx-0 prose leading-relaxed text-lg mb-5 text-left wp-paragraph\">\n<p><strong>8.3 Actions en cas de violations<\/strong><\/p>\n<\/div><div class=\"mx-5 sm:mx-0 prose leading-relaxed text-lg mb-5 text-left wp-paragraph\">\n<p>Nous nous r\u00e9servons le droit de supprimer le contenu qui viole ces conditions, en particulier le contenu ill\u00e9gal ou offensant, et de r\u00e9silier les comptes des utilisateurs contrevenants.<\/p>\n<\/div><!--advertisement--><div class=\"mx-5 sm:mx-0 sm:text-3xl text-2xl font-medium title-font mb-4 text-gray-900 text-left\">\n<h2>Section IX \u2013 Modification des Conditions G\u00e9n\u00e9rales<\/h2>\n<\/div><div class=\"mx-5 sm:mx-0 prose leading-relaxed text-lg mb-5 text-left wp-paragraph\">\n<p>Information and Value peut modifier, suspendre ou mettre fin \u00e0 certaines parties de ses services \u00e0 tout moment, sans pr\u00e9avis. Dans ces situations, aucune responsabilit\u00e9 ne sera engag\u00e9e envers les utilisateurs ou les tiers.<\/p>\n<\/div><div class=\"mx-5 sm:mx-0 prose leading-relaxed text-lg mb-5 text-left wp-paragraph\">\n<p><strong>L&#039;utilisation du site Web implique l&#039;acceptation ferme des pr\u00e9sentes conditions g\u00e9n\u00e9rales. Si vous n&#039;\u00eates pas d&#039;accord avec les Conditions, veuillez vous abstenir d&#039;utiliser le Site.<\/strong><\/p>\n<\/div><!--advertisement--><div class=\"mx-5 sm:mx-0 sm:text-3xl text-2xl font-medium title-font mb-4 text-gray-900 text-left\">\n<h2>Section X \u2013 Coordonn\u00e9es<\/h2>\n<\/div><div class=\"mx-5 sm:mx-0 prose leading-relaxed text-lg mb-5 text-left wp-paragraph\">\n<p>Si vous avez des questions ou des suggestions concernant nos services, nous sommes disponibles pour vous aider. Veuillez envoyer un e-mail \u00e0 notre \u00e9quipe du service client \u00e0\u00a0: <a style=\" color:;\" href=\"mailto:contato@informacaoevalor.com\">contact@informacaoevalor.com<\/a>.<\/p>\n<\/div>","protected":false},"excerpt":{"rendered":"<p>Mis \u00e0 jour le 22 novembre 2023. RubikPanda O\u00dc, une soci\u00e9t\u00e9 \u00e0 responsabilit\u00e9 limit\u00e9e enregistr\u00e9e en Estonie (LLC ou O\u00dc), avec TVA EE102662210, situ\u00e9e \u00e0 Tallinn, rue Keemia tn 4, 10616, Harju, Estonie, poss\u00e8de et exploite le site Web Informations et valeur. , disponible sur https:\/\/informacaoevalor.com\/. Information and Value g\u00e8re ce portail. Les r\u00e9f\u00e9rences \u00e0 \u00ab nous \u00bb, \u00ab nous \u00bb\u2026 <a class=\"more-link\" href=\"https:\/\/informacaoevalor.com\/fr\/terms\/\">continuer la lecture <span class=\"screen-reader-text\">Conditions d&#039;utilisation \u2013 Informations et valeur<\/span><\/a><\/p>","protected":false},"author":4,"featured_media":0,"parent":0,"menu_order":0,"comment_status":"closed","ping_status":"closed","template":"","meta":[],"yoast_head":"<!-- This site is optimized with the Yoast SEO Premium plugin v18.7 (Yoast SEO v19.1) - https:\/\/yoast.com\/wordpress\/plugins\/seo\/ -->\n<title>Termos de Uso - Informa\u00e7\u00e3o e Valor - Informa\u00e7\u00e3o &amp; Valor<\/title>\n<meta name=\"robots\" content=\"index, follow, max-snippet:-1, max-image-preview:large, max-video-preview:-1\" \/>\n<link rel=\"canonical\" href=\"https:\/\/informacaoevalor.com\/fr\/terms\/\" \/>\n<meta property=\"og:locale\" content=\"fr_FR\" \/>\n<meta property=\"og:type\" content=\"article\" \/>\n<meta property=\"og:title\" content=\"Termos de Uso - Informa\u00e7\u00e3o e Valor\" \/>\n<meta property=\"og:description\" content=\"Atualizado em 22 de Novembro de 2023. A RubikPanda O\u00dc, uma empresa limitada registrada na Est\u00f4nia (LLC, ou O\u00dc), com VAT EE102662210, localizada em Tallinn, Rua Keemia tn 4, 10616, Harju, Est\u00f4nia, \u00e9 propriet\u00e1ria e administradora do website Informa\u00e7\u00e3o e Valor, dispon\u00edvel em https:\/\/informacaoevalor.com\/. O Informa\u00e7\u00e3o e Valor administra este portal. Refer\u00eancias a &#8216;n\u00f3s&#8217;, &#8216;nos&#8217;&hellip; Continue reading Termos de Uso &#8211; Informa\u00e7\u00e3o e Valor\" \/>\n<meta property=\"og:url\" content=\"https:\/\/informacaoevalor.com\/fr\/terms\/\" \/>\n<meta property=\"og:site_name\" content=\"Informa\u00e7\u00e3o &amp; Valor\" \/>\n<meta property=\"article:modified_time\" content=\"2024-05-02T20:51:57+00:00\" \/>\n<meta name=\"twitter:card\" content=\"summary_large_image\" \/>\n<meta name=\"twitter:label1\" content=\"Est. reading time\" \/>\n\t<meta name=\"twitter:data1\" content=\"7 minutes\" \/>\n<script type=\"application\/ld+json\" class=\"yoast-schema-graph\">{\"@context\":\"https:\/\/schema.org\",\"@graph\":[{\"@type\":\"WebSite\",\"@id\":\"https:\/\/informacaoevalor.com\/#website\",\"url\":\"https:\/\/informacaoevalor.com\/\",\"name\":\"Informa\u00e7\u00e3o &amp; Valor\",\"description\":\"Conte\u00fado e Informa\u00e7\u00e3o que geram valor\",\"potentialAction\":[{\"@type\":\"SearchAction\",\"target\":{\"@type\":\"EntryPoint\",\"urlTemplate\":\"https:\/\/informacaoevalor.com\/?s={search_term_string}\"},\"query-input\":\"required name=search_term_string\"}],\"inLanguage\":\"fr-FR\"},{\"@type\":\"WebPage\",\"@id\":\"https:\/\/informacaoevalor.com\/terms\/#webpage\",\"url\":\"https:\/\/informacaoevalor.com\/terms\/\",\"name\":\"Termos de Uso - Informa\u00e7\u00e3o e Valor - Informa\u00e7\u00e3o &amp; Valor\",\"isPartOf\":{\"@id\":\"https:\/\/informacaoevalor.com\/#website\"},\"datePublished\":\"2022-08-31T22:17:45+00:00\",\"dateModified\":\"2024-05-02T20:51:57+00:00\",\"breadcrumb\":{\"@id\":\"https:\/\/informacaoevalor.com\/terms\/#breadcrumb\"},\"inLanguage\":\"fr-FR\",\"potentialAction\":[{\"@type\":\"ReadAction\",\"target\":[\"https:\/\/informacaoevalor.com\/terms\/\"]}]},{\"@type\":\"BreadcrumbList\",\"@id\":\"https:\/\/informacaoevalor.com\/terms\/#breadcrumb\",\"itemListElement\":[{\"@type\":\"ListItem\",\"position\":1,\"name\":\"Home\",\"item\":\"https:\/\/informacaoevalor.com\/\"},{\"@type\":\"ListItem\",\"position\":2,\"name\":\"Termos de Uso &#8211; Informa\u00e7\u00e3o e Valor\"}]}]}<\/script>\n<!-- \/ Yoast SEO Premium plugin. -->","yoast_head_json":{"title":"Termos de Uso - Informa\u00e7\u00e3o e Valor - Informa\u00e7\u00e3o &amp; Valor","robots":{"index":"index","follow":"follow","max-snippet":"max-snippet:-1","max-image-preview":"max-image-preview:large","max-video-preview":"max-video-preview:-1"},"canonical":"https:\/\/informacaoevalor.com\/fr\/terms\/","og_locale":"fr_FR","og_type":"article","og_title":"Termos de Uso - Informa\u00e7\u00e3o e Valor","og_description":"Atualizado em 22 de Novembro de 2023. A RubikPanda O\u00dc, uma empresa limitada registrada na Est\u00f4nia (LLC, ou O\u00dc), com VAT EE102662210, localizada em Tallinn, Rua Keemia tn 4, 10616, Harju, Est\u00f4nia, \u00e9 propriet\u00e1ria e administradora do website Informa\u00e7\u00e3o e Valor, dispon\u00edvel em https:\/\/informacaoevalor.com\/. O Informa\u00e7\u00e3o e Valor administra este portal. Refer\u00eancias a &#8216;n\u00f3s&#8217;, &#8216;nos&#8217;&hellip; Continue reading Termos de Uso &#8211; Informa\u00e7\u00e3o e Valor","og_url":"https:\/\/informacaoevalor.com\/fr\/terms\/","og_site_name":"Informa\u00e7\u00e3o &amp; Valor","article_modified_time":"2024-05-02T20:51:57+00:00","twitter_card":"summary_large_image","twitter_misc":{"Est. reading time":"7 minutes"},"schema":{"@context":"https:\/\/schema.org","@graph":[{"@type":"WebSite","@id":"https:\/\/informacaoevalor.com\/#website","url":"https:\/\/informacaoevalor.com\/","name":"Informa\u00e7\u00e3o &amp; Valor","description":"Conte\u00fado e Informa\u00e7\u00e3o que geram valor","potentialAction":[{"@type":"SearchAction","target":{"@type":"EntryPoint","urlTemplate":"https:\/\/informacaoevalor.com\/?s={search_term_string}"},"query-input":"required name=search_term_string"}],"inLanguage":"fr-FR"},{"@type":"WebPage","@id":"https:\/\/informacaoevalor.com\/terms\/#webpage","url":"https:\/\/informacaoevalor.com\/terms\/","name":"Termos de Uso - Informa\u00e7\u00e3o e Valor - Informa\u00e7\u00e3o &amp; Valor","isPartOf":{"@id":"https:\/\/informacaoevalor.com\/#website"},"datePublished":"2022-08-31T22:17:45+00:00","dateModified":"2024-05-02T20:51:57+00:00","breadcrumb":{"@id":"https:\/\/informacaoevalor.com\/terms\/#breadcrumb"},"inLanguage":"fr-FR","potentialAction":[{"@type":"ReadAction","target":["https:\/\/informacaoevalor.com\/terms\/"]}]},{"@type":"BreadcrumbList","@id":"https:\/\/informacaoevalor.com\/terms\/#breadcrumb","itemListElement":[{"@type":"ListItem","position":1,"name":"Home","item":"https:\/\/informacaoevalor.com\/"},{"@type":"ListItem","position":2,"name":"Termos de Uso &#8211; Informa\u00e7\u00e3o e Valor"}]}]}},"_links":{"self":[{"href":"https:\/\/informacaoevalor.com\/fr\/wp-json\/wp\/v2\/pages\/2571"}],"collection":[{"href":"https:\/\/informacaoevalor.com\/fr\/wp-json\/wp\/v2\/pages"}],"about":[{"href":"https:\/\/informacaoevalor.com\/fr\/wp-json\/wp\/v2\/types\/page"}],"author":[{"embeddable":true,"href":"https:\/\/informacaoevalor.com\/fr\/wp-json\/wp\/v2\/users\/4"}],"replies":[{"embeddable":true,"href":"https:\/\/informacaoevalor.com\/fr\/wp-json\/wp\/v2\/comments?post=2571"}],"version-history":[{"count":0,"href":"https:\/\/informacaoevalor.com\/fr\/wp-json\/wp\/v2\/pages\/2571\/revisions"}],"wp:attachment":[{"href":"https:\/\/informacaoevalor.com\/fr\/wp-json\/wp\/v2\/media?parent=2571"}],"curies":[{"name":"wp","href":"https:\/\/api.w.org\/{rel}","templated":true}]}}