{"id":2571,"date":"2022-08-31T22:17:45","date_gmt":"2022-08-31T22:17:45","guid":{"rendered":"http:\/\/143.244.166.245\/?page_id=2571"},"modified":"2024-05-02T20:51:57","modified_gmt":"2024-05-02T20:51:57","slug":"terms","status":"publish","type":"page","link":"https:\/\/informacaoevalor.com\/fi\/terms\/","title":{"rendered":"K\u00e4ytt\u00f6ehdot \u2013 Tiedot ja arvo"},"content":{"rendered":"<div class=\"mx-5 sm:mx-0 prose leading-relaxed text-lg mb-5 text-left wp-paragraph\">\n<p>P\u00e4ivitetty 22. marraskuuta 2023.<\/p>\n<\/div><div class=\"mx-5 sm:mx-0 prose leading-relaxed text-lg mb-5 text-left wp-paragraph\">\n<p>RubikPanda O\u00dc, Virossa rekister\u00f6ity osakeyhti\u00f6 (LLC tai O\u00dc), jonka ALV-numero on EE102662210 ja joka sijaitsee Tallinnassa, Keemia t\u00e4nav tn 4, 10616, Harju, Viro, omistaa ja yll\u00e4pit\u00e4\u00e4 Information and Value -verkkosivustoa, joka on saatavilla osoitteessa <a style=\" color:;\" href=\"https:\/\/informacaoevalor.com\/fi\/\">https:\/\/informacaoevalor.com<\/a>\/.<\/p>\n<\/div><div class=\"mx-5 sm:mx-0 prose leading-relaxed text-lg mb-5 text-left wp-paragraph\">\n<p>Informa\u00e7\u00e3o e Valor hallinnoi t\u00e4t\u00e4 portaalia. Viittaukset &quot;me&quot;, &quot;meid\u00e4n&quot; tai &quot;meid\u00e4n&quot; t\u00e4ss\u00e4 tekstiss\u00e4 koskevat yksinomaan Informa\u00e7\u00e3o e Valoria. Tarjoamme t\u00e4m\u00e4n portaalin, mukaan lukien kaikki sen tiedot, palvelut ja sis\u00e4lt\u00f6, sill\u00e4 ehdolla, ett\u00e4 k\u00e4ytt\u00e4j\u00e4t hyv\u00e4ksyv\u00e4t t\u00e4ysin t\u00e4ss\u00e4 kuvatut k\u00e4ytt\u00f6ehdot ja k\u00e4yt\u00e4nn\u00f6t.<\/p>\n<\/div><div class=\"mx-5 sm:mx-0 prose leading-relaxed text-lg mb-5 text-left wp-paragraph\">\n<p>Informa\u00e7\u00e3o e Valor on erikoistunut informatiiviseen sis\u00e4lt\u00f6\u00f6n ja monenlaisten tuotteiden ja palveluiden, kuten sovellusten, ty\u00f6paikkailmoitusten, koulutuskurssien ja lentolippujen, analysointiin. Se esittelee tarjouksia kansallisilta ja kansainv\u00e4lisilt\u00e4 toimittajilta.<\/p>\n<\/div><div class=\"mx-5 sm:mx-0 prose leading-relaxed text-lg mb-5 text-left wp-paragraph\">\n<p>T\u00e4m\u00e4n verkkosivuston k\u00e4ytt\u00f6\u00f6n sovelletaan t\u00e4ss\u00e4 kuvattuja ehtoja ja Informa\u00e7\u00e3o e Valorin tietosuojak\u00e4yt\u00e4nt\u00f6\u00e4, joka on saatavilla osoitteessa [linkki tietosuojak\u00e4yt\u00e4nt\u00f6\u00f6n]. <a style=\" color:;\" href=\"https:\/\/informacaoevalor.com\/fi\/privacy\/\">https:\/\/informacaoevalor.com\/privacy\/<\/a>ja sen on noudatettava sovellettavia lakeja.<\/p>\n<\/div><div class=\"mx-5 sm:mx-0 prose leading-relaxed text-lg mb-5 text-left wp-paragraph\">\n<p>Yleisten k\u00e4ytt\u00f6ehtojen tarkoituksena on selvent\u00e4\u00e4 Informa\u00e7\u00e3o e Valor -verkkosivuston k\u00e4ytt\u00e4jien vastuita, velvollisuuksia ja oikeuksia, kuten seuraavissa osioissa on yksityiskohtaisesti kuvattu.<\/p>\n<\/div><div class=\"mx-5 sm:mx-0 prose leading-relaxed text-lg mb-5 text-left wp-paragraph\">\n<p><strong>Suosittelemme, ett\u00e4 luet k\u00e4ytt\u00f6ehtomme huolellisesti. Jos et hyv\u00e4ksy t\u00e4ss\u00e4 esitettyj\u00e4 ehtoja, \u00e4l\u00e4 k\u00e4yt\u00e4 Informa\u00e7\u00e3o e Valorin palveluita.<\/strong><\/p>\n<\/div><!--advertisement--><div class=\"mx-5 sm:mx-0 sm:text-3xl text-2xl font-medium title-font mb-4 text-gray-900 text-left\">\n<h2 id=\"h-secao-i-admissao\">Osa I \u2013 P\u00e4\u00e4sykoe<\/h2>\n<\/div><div class=\"mx-5 sm:mx-0 prose leading-relaxed text-lg mb-5 text-left wp-paragraph\">\n<p><strong>1.1 Ehtojen hyv\u00e4ksyminen<\/strong><\/p>\n<\/div><div class=\"mx-5 sm:mx-0 prose leading-relaxed text-lg mb-5 text-left wp-paragraph\">\n<p>K\u00e4ytt\u00e4m\u00e4ll\u00e4 Informa\u00e7\u00e3o e Valor -sivustoa sitoudut noudattamaan sivuston yleisi\u00e4 k\u00e4ytt\u00f6ehtoja ja tietosuojak\u00e4yt\u00e4nt\u00f6\u00e4.<\/p>\n<\/div><div class=\"mx-5 sm:mx-0 prose leading-relaxed text-lg mb-5 text-left wp-paragraph\">\n<p><strong>1.2 Ik\u00e4- ja oikeustoimikelpoisuusvaatimukset<\/strong><\/p>\n<\/div><div class=\"mx-5 sm:mx-0 prose leading-relaxed text-lg mb-5 text-left wp-paragraph\">\n<p>K\u00e4ytt\u00e4m\u00e4ll\u00e4 Informa\u00e7\u00e3o e Valoria vahvistat olevasi v\u00e4hint\u00e4\u00e4n 18-vuotias ja olevasi t\u00e4ysin oikeuskelpoinen hyv\u00e4ksym\u00e4\u00e4n n\u00e4m\u00e4 k\u00e4ytt\u00f6ehdot.<\/p>\n<\/div><div class=\"mx-5 sm:mx-0 prose leading-relaxed text-lg mb-5 text-left wp-paragraph\">\n<p><strong>1.3 K\u00e4ytt\u00f6rajoitukset<\/strong><\/p>\n<\/div><div class=\"mx-5 sm:mx-0 prose leading-relaxed text-lg mb-5 text-left wp-paragraph\">\n<p>Jos et t\u00e4yt\u00e4 ik\u00e4- ja oikeuskelpoisuusvaatimuksia tai jos et hyv\u00e4ksy k\u00e4ytt\u00f6ehtoja, sinun tulee v\u00e4ltt\u00e4\u00e4 Informa\u00e7\u00e3o e Valor -palveluiden sek\u00e4 niihin liittyvien verkkosivustojen ja palveluiden k\u00e4ytt\u00f6\u00e4.<\/p>\n<\/div><!--advertisement--><div class=\"mx-5 sm:mx-0 sm:text-3xl text-2xl font-medium title-font mb-4 text-gray-900 text-left\">\n<h2>Osa II \u2013 Yhteystiedot<\/h2>\n<\/div><div class=\"mx-5 sm:mx-0 prose leading-relaxed text-lg mb-5 text-left wp-paragraph\">\n<p><strong>2.1 Yhteydenoton tarkoitus<\/strong><\/p>\n<\/div><div class=\"mx-5 sm:mx-0 prose leading-relaxed text-lg mb-5 text-left wp-paragraph\">\n<p>K\u00e4ytt\u00e4j\u00e4mme voivat ottaa yhteytt\u00e4 asiakaspalveluumme selvennysten, ongelmanratkaisun, valitusten tai tuotteidemme ja palveluidemme lis\u00e4tietoja varten.<\/p>\n<\/div><div class=\"mx-5 sm:mx-0 prose leading-relaxed text-lg mb-5 text-left wp-paragraph\">\n<p><strong>2.2 Yhteydenotto<\/strong><\/p>\n<\/div><div class=\"mx-5 sm:mx-0 prose leading-relaxed text-lg mb-5 text-left wp-paragraph\">\n<p>Ota meihin yhteytt\u00e4 t\u00e4ytt\u00e4m\u00e4ll\u00e4 lomake, joka on saatavilla osoitteessa [linkki\/verkkosivuston osoite]. <a style=\" color:;\" href=\"https:\/\/informacaoevalor.com\/fi\/contact\/\">https:\/\/informacaoevalor.com\/contact\/<\/a>.&nbsp;<\/p>\n<\/div><!--advertisement--><div class=\"mx-5 sm:mx-0 sm:text-3xl text-2xl font-medium title-font mb-4 text-gray-900 text-left\">\n<h2>III jakso \u2013 Osapuolten vastuut<\/h2>\n<\/div><div class=\"mx-5 sm:mx-0 prose leading-relaxed text-lg mb-5 text-left wp-paragraph\">\n<p><strong>3.1 Ehtojen hyv\u00e4ksyminen<\/strong><\/p>\n<\/div><div class=\"mx-5 sm:mx-0 prose leading-relaxed text-lg mb-5 text-left wp-paragraph\">\n<p>K\u00e4ytt\u00e4m\u00e4ll\u00e4 Informa\u00e7\u00e3o e Valor -sivustoa k\u00e4ytt\u00e4j\u00e4 vahvistaa hyv\u00e4ksyv\u00e4ns\u00e4 sivuston k\u00e4ytt\u00f6ehdot ja tietosuojak\u00e4yt\u00e4nn\u00f6n.<\/p>\n<\/div><div class=\"mx-5 sm:mx-0 prose leading-relaxed text-lg mb-5 text-left wp-paragraph\">\n<p><strong>3.2 Linkit ulkoisille sivustoille<\/strong><\/p>\n<\/div><div class=\"mx-5 sm:mx-0 prose leading-relaxed text-lg mb-5 text-left wp-paragraph\">\n<p>Informa\u00e7\u00e3o e Valor tarjoaa linkkej\u00e4 kolmansien osapuolten verkkosivustoille, joilla voit vuokrata palveluita tai ostaa tuotteita. Me emme ole mukana n\u00e4iss\u00e4 prosesseissa.<\/p>\n<\/div><div class=\"mx-5 sm:mx-0 prose leading-relaxed text-lg mb-5 text-left wp-paragraph\">\n<p><strong>3.3 Yhteisty\u00f6kumppanien sivustojen k\u00e4ytt\u00f6ehdot<\/strong><\/p>\n<\/div><div class=\"mx-5 sm:mx-0 prose leading-relaxed text-lg mb-5 text-left wp-paragraph\">\n<p>Vieraillessaan yhteisty\u00f6kumppaneiden verkkosivustoilla k\u00e4ytt\u00e4j\u00e4n on hyv\u00e4ksytt\u00e4v\u00e4 kyseisten verkkosivustojen k\u00e4ytt\u00f6ehdot ja tietosuojak\u00e4yt\u00e4nn\u00f6t.<\/p>\n<\/div><div class=\"mx-5 sm:mx-0 prose leading-relaxed text-lg mb-5 text-left wp-paragraph\">\n<p><strong>3.4 Vastuunvapauslauseke kolmannen osapuolen sis\u00e4ll\u00f6st\u00e4<\/strong><\/p>\n<\/div><div class=\"mx-5 sm:mx-0 prose leading-relaxed text-lg mb-5 text-left wp-paragraph\">\n<p>Emme ole vastuussa kolmansien osapuolten verkkosivustojen palveluiden ja tuotteiden ehdoista, k\u00e4yt\u00e4nn\u00f6ist\u00e4 tai tiedoista emmek\u00e4 n\u00e4iden yritysten kanssa tehdyist\u00e4 sopimuksista.<\/p>\n<\/div><div class=\"mx-5 sm:mx-0 prose leading-relaxed text-lg mb-5 text-left wp-paragraph\">\n<p><strong>3.5 Internet-tietoturva<\/strong><\/p>\n<\/div><div class=\"mx-5 sm:mx-0 prose leading-relaxed text-lg mb-5 text-left wp-paragraph\">\n<p>Emme ole vastuussa virusten tai haittaohjelmien aiheuttamista vahingoista verkossa selaamisen aikana. Suosittelemme pit\u00e4m\u00e4\u00e4n turvaj\u00e4rjestelm\u00e4si ajan tasalla.<\/p>\n<\/div><div class=\"mx-5 sm:mx-0 prose leading-relaxed text-lg mb-5 text-left wp-paragraph\">\n<p><strong>3.6 Vastuunrajoitus<\/strong><\/p>\n<\/div><div class=\"mx-5 sm:mx-0 prose leading-relaxed text-lg mb-5 text-left wp-paragraph\">\n<p>Informa\u00e7\u00e3o e Valor ei ole vastuussa vahingoista, jotka johtuvat verkkosivuston virheellisest\u00e4 k\u00e4yt\u00f6st\u00e4 tai ylivoimaisesta esteest\u00e4.<\/p>\n<\/div><div class=\"mx-5 sm:mx-0 prose leading-relaxed text-lg mb-5 text-left wp-paragraph\">\n<p><strong>3.7 Taloudelliset menettelyt<\/strong><\/p>\n<\/div><div class=\"mx-5 sm:mx-0 prose leading-relaxed text-lg mb-5 text-left wp-paragraph\">\n<p>Emme pyyd\u00e4 talletuksia tai tilisiirtoja rahoitustuotteiden tarjoamiseksi.<\/p>\n<\/div><div class=\"mx-5 sm:mx-0 prose leading-relaxed text-lg mb-5 text-left wp-paragraph\">\n<p><strong>3.8 Turvallisuusvaroitukset<\/strong><\/p>\n<\/div><div class=\"mx-5 sm:mx-0 prose leading-relaxed text-lg mb-5 text-left wp-paragraph\">\n<p>Emme l\u00e4het\u00e4 s\u00e4hk\u00f6posteja, joissa pyydet\u00e4\u00e4n henkil\u00f6tietoja tai jotka sis\u00e4lt\u00e4v\u00e4t suoritettavia liitteit\u00e4. Jos saat t\u00e4llaisia viestej\u00e4, ota meihin yhteytt\u00e4 osoitteessa [s\u00e4hk\u00f6postiosoite\/yhteystiedot]. <a style=\" color:;\" href=\"https:\/\/informacaoevalor.com\/fi\/contact\/\">https:\/\/informacaoevalor.com\/contact\/<\/a>.<\/p>\n<\/div><!--advertisement--><div class=\"mx-5 sm:mx-0 sm:text-3xl text-2xl font-medium title-font mb-4 text-gray-900 text-left\">\n<h2>Osa IV \u2013 K\u00e4ytt\u00f6ehdot ja rajoitukset<\/h2>\n<\/div><div class=\"mx-5 sm:mx-0 prose leading-relaxed text-lg mb-5 text-left wp-paragraph\">\n<p>Olemme laatineet tiukat s\u00e4\u00e4nn\u00f6t verkkosivustomme ja sis\u00e4ll\u00f6n k\u00e4yt\u00f6lle. Seuraava on kielletty\u00e4:<\/p>\n<\/div><div class=\"mx-5 sm:mx-0 prose text-left mb-5\">\n<ol><li>Sivuston k\u00e4ytt\u00e4minen laittomiin tarkoituksiin tai t\u00e4llaisten k\u00e4yt\u00e4nt\u00f6jen edist\u00e4minen.<\/li><li>Lakien tai m\u00e4\u00e4r\u00e4ysten rikkominen mill\u00e4 tahansa tasolla.<\/li><li>Immateriaalioikeuksien loukkaaminen.<\/li><li>Sopimattomaan k\u00e4ytt\u00e4ytymiseen, kuten h\u00e4irint\u00e4\u00e4n tai syrjint\u00e4\u00e4n, osallistuminen.<\/li><li>V\u00e4\u00e4r\u00e4n tai harhaanjohtavan tiedon levitt\u00e4minen.<\/li><li>Virusten tai haitallisen koodin levitt\u00e4minen.<\/li><li>Henkil\u00f6tietojen ker\u00e4\u00e4minen kolmansilta osapuolilta ilman heid\u00e4n suostumustaan.<\/li><li>Roskapostin, tietojenkalastelun tai vastaavan toiminnan harjoittaminen.<\/li><li>Sivuston k\u00e4ytt\u00e4minen s\u00e4\u00e4dytt\u00f6miin tai moraalittomiin tarkoituksiin.<\/li><li>Turvatoimien ohittaminen.<\/li><\/ol>\n<\/div><div class=\"mx-5 sm:mx-0 prose leading-relaxed text-lg mb-5 text-left wp-paragraph\">\n<p><strong>Pid\u00e4t\u00e4mme oikeuden lopettaa tai keskeytt\u00e4\u00e4 palveluidemme k\u00e4yt\u00f6n, jos n\u00e4it\u00e4 rajoituksia rikotaan.<\/strong><\/p>\n<\/div><!--advertisement--><div class=\"mx-5 sm:mx-0 sm:text-3xl text-2xl font-medium title-font mb-4 text-gray-900 text-left\">\n<h2>V jakso \u2013 Vastuunrajoitukset ja takuut<\/h2>\n<\/div><div class=\"mx-5 sm:mx-0 prose leading-relaxed text-lg mb-5 text-left wp-paragraph\">\n<p>Ymm\u00e4rr\u00e4mme, ett\u00e4 Palvelumme k\u00e4ytt\u00f6 voi olla ajoittaista, ep\u00e4t\u00e4ydellisen turvallista tai altis h\u00e4iri\u00f6ille. Emme takaa, ett\u00e4 Palvelusta saadut tulokset ovat aina tarkkoja tai luotettavia. Lis\u00e4ksi Palvelua voidaan satunnaisesti keskeytt\u00e4\u00e4 tai peruuttaa ilman ennakkoilmoitusta.<\/p>\n<\/div><div class=\"mx-5 sm:mx-0 prose leading-relaxed text-lg mb-5 text-left wp-paragraph\">\n<p>Palvelun k\u00e4ytt\u00f6 tai k\u00e4yt\u00f6n estyminen tapahtuu kokonaan omalla vastuullasi. Palvelu tarjotaan &quot;sellaisenaan&quot; ja &quot;saatavuuden mukaan&quot; ilman mit\u00e4\u00e4n nimenomaisia tai ep\u00e4suoria takuita.<\/p>\n<\/div><div class=\"mx-5 sm:mx-0 prose leading-relaxed text-lg mb-5 text-left wp-paragraph\">\n<p>Informa\u00e7\u00e3o e Valor ja sen tyt\u00e4ryhti\u00f6t eiv\u00e4t ole vastuussa mist\u00e4\u00e4n vahingoista, menetyksist\u00e4 tai vaatimuksista, jotka johtuvat Palvelun k\u00e4yt\u00f6st\u00e4, mukaan lukien, mutta ei rajoittuen, voittojen menetykset, tietojen menetykset tai muut aineettomat menetykset.<\/p>\n<\/div><div class=\"mx-5 sm:mx-0 prose leading-relaxed text-lg mb-5 text-left wp-paragraph\">\n<p>Paikoissa, joissa ep\u00e4suorien vahinkojen vastuunrajoitus ei ole sallittua, Informa\u00e7\u00e3o e Valorin vastuu rajoittuu lain sallimaan enimm\u00e4ism\u00e4\u00e4r\u00e4\u00e4n.<\/p>\n<\/div><!--advertisement--><div class=\"mx-5 sm:mx-0 sm:text-3xl text-2xl font-medium title-font mb-4 text-gray-900 text-left\">\n<h2>VI jakso \u2013 Voimassaolo ja vanhenemisaika<\/h2>\n<\/div><div class=\"mx-5 sm:mx-0 prose leading-relaxed text-lg mb-5 text-left wp-paragraph\">\n<p><strong>6.1 Ehtojen voimassaolo<\/strong><\/p>\n<\/div><div class=\"mx-5 sm:mx-0 prose leading-relaxed text-lg mb-5 text-left wp-paragraph\">\n<p>Informa\u00e7\u00e3o e Valorin yleiset k\u00e4ytt\u00f6ehdot ovat voimassa toistaiseksi.<\/p>\n<\/div><div class=\"mx-5 sm:mx-0 prose leading-relaxed text-lg mb-5 text-left wp-paragraph\">\n<p><strong>6.2 Oikeudellisten vaatimusten m\u00e4\u00e4r\u00e4aika<\/strong><\/p>\n<\/div><div class=\"mx-5 sm:mx-0 prose leading-relaxed text-lg mb-5 text-left wp-paragraph\">\n<p>Kaikki Tietojen ja Arvon k\u00e4ytt\u00f6\u00f6n liittyv\u00e4t oikeudelliset tai hallinnolliset toimet on aloitettava 90 p\u00e4iv\u00e4n kuluessa vaatimukseen johtaneesta tapahtumasta k\u00e4ytt\u00f6ehtojen tai tietosuojak\u00e4yt\u00e4nn\u00f6n mukaisesti.<\/p>\n<\/div><!--advertisement--><div class=\"mx-5 sm:mx-0 sm:text-3xl text-2xl font-medium title-font mb-4 text-gray-900 text-left\">\n<h2>VII jakso \u2013 Vaalilains\u00e4\u00e4d\u00e4nt\u00f6 ja vaalitoimivalta<\/h2>\n<\/div><div class=\"mx-5 sm:mx-0 prose leading-relaxed text-lg mb-5 text-left wp-paragraph\">\n<p><strong>7.1 Sovellettava lains\u00e4\u00e4d\u00e4nt\u00f6<\/strong><\/p>\n<\/div><div class=\"mx-5 sm:mx-0 prose leading-relaxed text-lg mb-5 text-left wp-paragraph\">\n<p>Informa\u00e7\u00e3o e Valorin yleisiin k\u00e4ytt\u00f6ehtoihin ja tietosuojak\u00e4yt\u00e4nt\u00f6\u00f6n sovelletaan Brasilian liittotasavallan lakeja, mukaan lukien perustuslaki, siviililaki, kuluttajansuojalaki, Marco Civil da Internet -laki ja yleinen tietosuojalaki.<\/p>\n<\/div><div class=\"mx-5 sm:mx-0 prose leading-relaxed text-lg mb-5 text-left wp-paragraph\">\n<p><strong>7.2 Riitojen k\u00e4sittely<\/strong><\/p>\n<\/div><div class=\"mx-5 sm:mx-0 prose leading-relaxed text-lg mb-5 text-left wp-paragraph\">\n<p>N\u00e4iden ehtojen ja tietosuojak\u00e4yt\u00e4nn\u00f6n tulkintaa tai t\u00e4yt\u00e4nt\u00f6\u00f6npanoa koskevissa kysymyksiss\u00e4 osapuolet sopivat alistuvansa Tallinnan kauppakamarin (Viron kauppa- ja teollisuuskamarin v\u00e4limiesoikeus) yksinomaiseen toimivaltaan. T\u00e4m\u00e4 koskee kaikkia n\u00e4ihin k\u00e4ytt\u00f6ehtoihin liittyvi\u00e4 riitoja.<\/p>\n<\/div><!--advertisement--><div class=\"mx-5 sm:mx-0 sm:text-3xl text-2xl font-medium title-font mb-4 text-gray-900 text-left\">\n<h2>VIII osio \u2013 Sis\u00e4lt\u00f6 ja immateriaalioikeudet<\/h2>\n<\/div><div class=\"mx-5 sm:mx-0 prose leading-relaxed text-lg mb-5 text-left wp-paragraph\">\n<p><strong>8.1 Immateriaalioikeudet<\/strong><\/p>\n<\/div><div class=\"mx-5 sm:mx-0 prose leading-relaxed text-lg mb-5 text-left wp-paragraph\">\n<p>RubikPanda O\u00dc:n ja sen kumppaneiden omistaman Informa\u00e7\u00e3o e Valor -sivuston sis\u00e4lt\u00f6 on tekij\u00e4noikeuslakien suojaama. T\u00e4m\u00e4n sis\u00e4ll\u00f6n luvaton kopiointi tai k\u00e4ytt\u00f6 on kielletty ilman RubikPanda O\u00dc:n kirjallista lupaa.&nbsp;<\/p>\n<\/div><div class=\"mx-5 sm:mx-0 prose leading-relaxed text-lg mb-5 text-left wp-paragraph\">\n<p><strong>8.2 Vastuunvapauslauseke kolmannen osapuolen sis\u00e4ll\u00f6st\u00e4<\/strong><\/p>\n<\/div><div class=\"mx-5 sm:mx-0 prose leading-relaxed text-lg mb-5 text-left wp-paragraph\">\n<p>Emme ole vastuussa sivustolle l\u00e4hetetyst\u00e4 kolmansien osapuolten sis\u00e4ll\u00f6st\u00e4, kuten foorumeiden tai sosiaalisten verkostojen kommenteista, emmek\u00e4 sivuston k\u00e4yt\u00f6st\u00e4 aiheutuvista vahingoista.<\/p>\n<\/div><div class=\"mx-5 sm:mx-0 prose leading-relaxed text-lg mb-5 text-left wp-paragraph\">\n<p><strong>8.3 Toimenpiteet rikkomustapauksissa<\/strong><\/p>\n<\/div><div class=\"mx-5 sm:mx-0 prose leading-relaxed text-lg mb-5 text-left wp-paragraph\">\n<p>Pid\u00e4t\u00e4mme oikeuden poistaa n\u00e4it\u00e4 ehtoja rikkovaa sis\u00e4lt\u00f6\u00e4, erityisesti laitonta tai loukkaavaa sis\u00e4lt\u00f6\u00e4, ja lopettaa ehtoja rikkovien k\u00e4ytt\u00e4jien tilit.<\/p>\n<\/div><!--advertisement--><div class=\"mx-5 sm:mx-0 sm:text-3xl text-2xl font-medium title-font mb-4 text-gray-900 text-left\">\n<h2>Osa IX \u2013 Ehtojen muuttaminen<\/h2>\n<\/div><div class=\"mx-5 sm:mx-0 prose leading-relaxed text-lg mb-5 text-left wp-paragraph\">\n<p>Informa\u00e7\u00e3o e Valor voi muuttaa, keskeytt\u00e4\u00e4 tai lopettaa osia palveluistaan milloin tahansa ilman ennakkoilmoitusta. T\u00e4llaisissa tilanteissa se ei ole vastuussa k\u00e4ytt\u00e4jille tai kolmansille osapuolille.<\/p>\n<\/div><div class=\"mx-5 sm:mx-0 prose leading-relaxed text-lg mb-5 text-left wp-paragraph\">\n<p><strong>T\u00e4m\u00e4n verkkosivuston k\u00e4ytt\u00f6 edellytt\u00e4\u00e4 n\u00e4iden k\u00e4ytt\u00f6ehtojen sitovaa hyv\u00e4ksymist\u00e4. Jos et hyv\u00e4ksy k\u00e4ytt\u00f6ehtoja, pid\u00e4tt\u00e4ydy verkkosivuston k\u00e4yt\u00f6st\u00e4.<\/strong><\/p>\n<\/div><!--advertisement--><div class=\"mx-5 sm:mx-0 sm:text-3xl text-2xl font-medium title-font mb-4 text-gray-900 text-left\">\n<h2>Osa X \u2013 Yhteystiedot<\/h2>\n<\/div><div class=\"mx-5 sm:mx-0 prose leading-relaxed text-lg mb-5 text-left wp-paragraph\">\n<p>Jos sinulla on kysytt\u00e4v\u00e4\u00e4 tai ehdotuksia palveluistamme, olemme k\u00e4ytett\u00e4viss\u00e4si auttaaksemme sinua. L\u00e4het\u00e4 s\u00e4hk\u00f6postia asiakaspalvelutiimillemme osoitteeseen: <a style=\" color:;\" href=\"mailto:contato@informacaoevalor.com\">yhteystiedot@informationandvalue.com<\/a>.<\/p>\n<\/div>","protected":false},"excerpt":{"rendered":"<p>P\u00e4ivitetty 22. marraskuuta 2023. RubikPanda O\u00dc, Virossa rekister\u00f6ity osakeyhti\u00f6 (LLC tai O\u00dc), jonka ALV-numero on EE102662210 ja joka sijaitsee Tallinnassa, Keemia katu tn 4, 10616, Harju, Viro, omistaa ja yll\u00e4pit\u00e4\u00e4 Informa\u00e7\u00e3o e Valor -verkkosivustoa, joka on saatavilla osoitteessa https:\/\/informacaoevalor.com\/. Informa\u00e7\u00e3o e Valor hallinnoi t\u00e4t\u00e4 portaalia. Viittaukset &#039;me&#039;, &#039;meid\u00e4n&#039;... <a class=\"more-link\" href=\"https:\/\/informacaoevalor.com\/fi\/terms\/\">Jatka lukemista <span class=\"screen-reader-text\">K\u00e4ytt\u00f6ehdot \u2013 Tiedot ja arvo<\/span><\/a><\/p>","protected":false},"author":4,"featured_media":0,"parent":0,"menu_order":0,"comment_status":"closed","ping_status":"closed","template":"","meta":[],"yoast_head":"<!-- This site is optimized with the Yoast SEO Premium plugin v18.7 (Yoast SEO v19.1) - https:\/\/yoast.com\/wordpress\/plugins\/seo\/ -->\n<title>Termos de Uso - Informa\u00e7\u00e3o e Valor - Informa\u00e7\u00e3o &amp; Valor<\/title>\n<meta name=\"robots\" content=\"index, follow, max-snippet:-1, max-image-preview:large, max-video-preview:-1\" \/>\n<link rel=\"canonical\" href=\"https:\/\/informacaoevalor.com\/fi\/terms\/\" \/>\n<meta property=\"og:locale\" content=\"fi_FI\" \/>\n<meta property=\"og:type\" content=\"article\" \/>\n<meta property=\"og:title\" content=\"Termos de Uso - Informa\u00e7\u00e3o e Valor\" \/>\n<meta property=\"og:description\" content=\"Atualizado em 22 de Novembro de 2023. A RubikPanda O\u00dc, uma empresa limitada registrada na Est\u00f4nia (LLC, ou O\u00dc), com VAT EE102662210, localizada em Tallinn, Rua Keemia tn 4, 10616, Harju, Est\u00f4nia, \u00e9 propriet\u00e1ria e administradora do website Informa\u00e7\u00e3o e Valor, dispon\u00edvel em https:\/\/informacaoevalor.com\/. O Informa\u00e7\u00e3o e Valor administra este portal. Refer\u00eancias a &#8216;n\u00f3s&#8217;, &#8216;nos&#8217;&hellip; Continue reading Termos de Uso &#8211; Informa\u00e7\u00e3o e Valor\" \/>\n<meta property=\"og:url\" content=\"https:\/\/informacaoevalor.com\/fi\/terms\/\" \/>\n<meta property=\"og:site_name\" content=\"Informa\u00e7\u00e3o &amp; Valor\" \/>\n<meta property=\"article:modified_time\" content=\"2024-05-02T20:51:57+00:00\" \/>\n<meta name=\"twitter:card\" content=\"summary_large_image\" \/>\n<meta name=\"twitter:label1\" content=\"Est. reading time\" \/>\n\t<meta name=\"twitter:data1\" content=\"7 minuuttia\" \/>\n<script type=\"application\/ld+json\" class=\"yoast-schema-graph\">{\"@context\":\"https:\/\/schema.org\",\"@graph\":[{\"@type\":\"WebSite\",\"@id\":\"https:\/\/informacaoevalor.com\/#website\",\"url\":\"https:\/\/informacaoevalor.com\/\",\"name\":\"Informa\u00e7\u00e3o &amp; Valor\",\"description\":\"Conte\u00fado e Informa\u00e7\u00e3o que geram valor\",\"potentialAction\":[{\"@type\":\"SearchAction\",\"target\":{\"@type\":\"EntryPoint\",\"urlTemplate\":\"https:\/\/informacaoevalor.com\/?s={search_term_string}\"},\"query-input\":\"required name=search_term_string\"}],\"inLanguage\":\"fi\"},{\"@type\":\"WebPage\",\"@id\":\"https:\/\/informacaoevalor.com\/terms\/#webpage\",\"url\":\"https:\/\/informacaoevalor.com\/terms\/\",\"name\":\"Termos de Uso - Informa\u00e7\u00e3o e Valor - Informa\u00e7\u00e3o &amp; Valor\",\"isPartOf\":{\"@id\":\"https:\/\/informacaoevalor.com\/#website\"},\"datePublished\":\"2022-08-31T22:17:45+00:00\",\"dateModified\":\"2024-05-02T20:51:57+00:00\",\"breadcrumb\":{\"@id\":\"https:\/\/informacaoevalor.com\/terms\/#breadcrumb\"},\"inLanguage\":\"fi\",\"potentialAction\":[{\"@type\":\"ReadAction\",\"target\":[\"https:\/\/informacaoevalor.com\/terms\/\"]}]},{\"@type\":\"BreadcrumbList\",\"@id\":\"https:\/\/informacaoevalor.com\/terms\/#breadcrumb\",\"itemListElement\":[{\"@type\":\"ListItem\",\"position\":1,\"name\":\"Home\",\"item\":\"https:\/\/informacaoevalor.com\/\"},{\"@type\":\"ListItem\",\"position\":2,\"name\":\"Termos de Uso &#8211; Informa\u00e7\u00e3o e Valor\"}]}]}<\/script>\n<!-- \/ Yoast SEO Premium plugin. -->","yoast_head_json":{"title":"Termos de Uso - Informa\u00e7\u00e3o e Valor - Informa\u00e7\u00e3o &amp; Valor","robots":{"index":"index","follow":"follow","max-snippet":"max-snippet:-1","max-image-preview":"max-image-preview:large","max-video-preview":"max-video-preview:-1"},"canonical":"https:\/\/informacaoevalor.com\/fi\/terms\/","og_locale":"fi_FI","og_type":"article","og_title":"Termos de Uso - Informa\u00e7\u00e3o e Valor","og_description":"Atualizado em 22 de Novembro de 2023. A RubikPanda O\u00dc, uma empresa limitada registrada na Est\u00f4nia (LLC, ou O\u00dc), com VAT EE102662210, localizada em Tallinn, Rua Keemia tn 4, 10616, Harju, Est\u00f4nia, \u00e9 propriet\u00e1ria e administradora do website Informa\u00e7\u00e3o e Valor, dispon\u00edvel em https:\/\/informacaoevalor.com\/. O Informa\u00e7\u00e3o e Valor administra este portal. Refer\u00eancias a &#8216;n\u00f3s&#8217;, &#8216;nos&#8217;&hellip; Continue reading Termos de Uso &#8211; Informa\u00e7\u00e3o e Valor","og_url":"https:\/\/informacaoevalor.com\/fi\/terms\/","og_site_name":"Informa\u00e7\u00e3o &amp; Valor","article_modified_time":"2024-05-02T20:51:57+00:00","twitter_card":"summary_large_image","twitter_misc":{"Est. reading time":"7 minuuttia"},"schema":{"@context":"https:\/\/schema.org","@graph":[{"@type":"WebSite","@id":"https:\/\/informacaoevalor.com\/#website","url":"https:\/\/informacaoevalor.com\/","name":"Informa\u00e7\u00e3o &amp; Valor","description":"Conte\u00fado e Informa\u00e7\u00e3o que geram valor","potentialAction":[{"@type":"SearchAction","target":{"@type":"EntryPoint","urlTemplate":"https:\/\/informacaoevalor.com\/?s={search_term_string}"},"query-input":"required name=search_term_string"}],"inLanguage":"fi"},{"@type":"WebPage","@id":"https:\/\/informacaoevalor.com\/terms\/#webpage","url":"https:\/\/informacaoevalor.com\/terms\/","name":"Termos de Uso - Informa\u00e7\u00e3o e Valor - Informa\u00e7\u00e3o &amp; Valor","isPartOf":{"@id":"https:\/\/informacaoevalor.com\/#website"},"datePublished":"2022-08-31T22:17:45+00:00","dateModified":"2024-05-02T20:51:57+00:00","breadcrumb":{"@id":"https:\/\/informacaoevalor.com\/terms\/#breadcrumb"},"inLanguage":"fi","potentialAction":[{"@type":"ReadAction","target":["https:\/\/informacaoevalor.com\/terms\/"]}]},{"@type":"BreadcrumbList","@id":"https:\/\/informacaoevalor.com\/terms\/#breadcrumb","itemListElement":[{"@type":"ListItem","position":1,"name":"Home","item":"https:\/\/informacaoevalor.com\/"},{"@type":"ListItem","position":2,"name":"Termos de Uso &#8211; Informa\u00e7\u00e3o e Valor"}]}]}},"_links":{"self":[{"href":"https:\/\/informacaoevalor.com\/fi\/wp-json\/wp\/v2\/pages\/2571"}],"collection":[{"href":"https:\/\/informacaoevalor.com\/fi\/wp-json\/wp\/v2\/pages"}],"about":[{"href":"https:\/\/informacaoevalor.com\/fi\/wp-json\/wp\/v2\/types\/page"}],"author":[{"embeddable":true,"href":"https:\/\/informacaoevalor.com\/fi\/wp-json\/wp\/v2\/users\/4"}],"replies":[{"embeddable":true,"href":"https:\/\/informacaoevalor.com\/fi\/wp-json\/wp\/v2\/comments?post=2571"}],"version-history":[{"count":0,"href":"https:\/\/informacaoevalor.com\/fi\/wp-json\/wp\/v2\/pages\/2571\/revisions"}],"wp:attachment":[{"href":"https:\/\/informacaoevalor.com\/fi\/wp-json\/wp\/v2\/media?parent=2571"}],"curies":[{"name":"wp","href":"https:\/\/api.w.org\/{rel}","templated":true}]}}