{"id":2571,"date":"2022-08-31T22:17:45","date_gmt":"2022-08-31T22:17:45","guid":{"rendered":"http:\/\/143.244.166.245\/?page_id=2571"},"modified":"2024-05-02T20:51:57","modified_gmt":"2024-05-02T20:51:57","slug":"terms","status":"publish","type":"page","link":"https:\/\/informacaoevalor.com\/es\/terms\/","title":{"rendered":"T\u00e9rminos de uso: informaci\u00f3n y valor"},"content":{"rendered":"<div class=\"mx-5 sm:mx-0 prose leading-relaxed text-lg mb-5 text-left wp-paragraph\">\n<p>Actualizado el 22 de noviembre de 2023.<\/p>\n<\/div><div class=\"mx-5 sm:mx-0 prose leading-relaxed text-lg mb-5 text-left wp-paragraph\">\n<p>RubikPanda O\u00dc, una sociedad limitada registrada en Estonia (LLC u O\u00dc), con IVA EE102662210, ubicada en Tallin, Keemia Street tn 4, 10616, Harju, Estonia, es la propietaria y administradora del sitio web Information and Value, disponible en <a style=\" color:;\" href=\"https:\/\/informacaoevalor.com\/es\/\">https:\/\/informacaoevalor.com<\/a>\/.<\/p>\n<\/div><div class=\"mx-5 sm:mx-0 prose leading-relaxed text-lg mb-5 text-left wp-paragraph\">\n<p>Informaci\u00f3n y Valor gestiona este portal. Las referencias a &quot;nosotros&quot;, &quot;nos&quot; o &quot;nuestro&quot; en este texto son exclusivas de Informa\u00e7\u00e3o e Valor. Ofrecemos este portal, incluyendo toda su informaci\u00f3n, servicios y contenidos, bajo la condici\u00f3n de la plena aceptaci\u00f3n de los t\u00e9rminos, condiciones y pol\u00edticas aqu\u00ed descritas por parte de los usuarios.<\/p>\n<\/div><div class=\"mx-5 sm:mx-0 prose leading-relaxed text-lg mb-5 text-left wp-paragraph\">\n<p>Especializada en contenidos informativos y an\u00e1lisis de diversos productos y servicios, como postulaciones, ofertas de empleo, cursos educativos y pasajes a\u00e9reos, Informa\u00e7\u00e3o e Valor presenta ofertas de proveedores nacionales e internacionales.<\/p>\n<\/div><div class=\"mx-5 sm:mx-0 prose leading-relaxed text-lg mb-5 text-left wp-paragraph\">\n<p>El acceso y uso de este sitio web est\u00e1n sujetos a los T\u00e9rminos aqu\u00ed descritos y a la Pol\u00edtica de Privacidad de Informaci\u00f3n y Valor, accesible en <a style=\" color:;\" href=\"https:\/\/informacaoevalor.com\/es\/privacy\/\">https:\/\/informacaoevalor.com\/privacy\/<\/a>y debe cumplir con las leyes aplicables.<\/p>\n<\/div><div class=\"mx-5 sm:mx-0 prose leading-relaxed text-lg mb-5 text-left wp-paragraph\">\n<p>Los T\u00e9rminos y Condiciones Generales de Uso tienen como objetivo aclarar las responsabilidades, obligaciones y derechos de los usuarios del sitio web de Informaci\u00f3n y Valor, que se detallan en los siguientes apartados.<\/p>\n<\/div><div class=\"mx-5 sm:mx-0 prose leading-relaxed text-lg mb-5 text-left wp-paragraph\">\n<p><strong>Recomendamos leer atentamente nuestros T\u00e9rminos de Uso. Si no est\u00e1 de acuerdo con los t\u00e9rminos aqu\u00ed estipulados, abst\u00e9ngase de utilizar los servicios de Informa\u00e7\u00e3o e Valor.<\/strong><\/p>\n<\/div><!--advertisement--><div class=\"mx-5 sm:mx-0 sm:text-3xl text-2xl font-medium title-font mb-4 text-gray-900 text-left\">\n<h2 id=\"h-secao-i-admissao\">Secci\u00f3n I \u2013 Admisi\u00f3n<\/h2>\n<\/div><div class=\"mx-5 sm:mx-0 prose leading-relaxed text-lg mb-5 text-left wp-paragraph\">\n<p><strong>1.1 Aceptaci\u00f3n de T\u00e9rminos<\/strong><\/p>\n<\/div><div class=\"mx-5 sm:mx-0 prose leading-relaxed text-lg mb-5 text-left wp-paragraph\">\n<p>Al utilizar Informaci\u00f3n y Valor, usted acepta cumplir con los T\u00e9rminos y Condiciones Generales de Uso y la Pol\u00edtica de Privacidad del sitio web.<\/p>\n<\/div><div class=\"mx-5 sm:mx-0 prose leading-relaxed text-lg mb-5 text-left wp-paragraph\">\n<p><strong>1.2 Requisitos de edad y capacidad legal<\/strong><\/p>\n<\/div><div class=\"mx-5 sm:mx-0 prose leading-relaxed text-lg mb-5 text-left wp-paragraph\">\n<p>Usted afirma que tiene al menos 18 a\u00f1os y tiene plena capacidad legal para aceptar estos T\u00e9rminos y Condiciones de Uso al acceder y utilizar Informa\u00e7\u00e3o e Valor.<\/p>\n<\/div><div class=\"mx-5 sm:mx-0 prose leading-relaxed text-lg mb-5 text-left wp-paragraph\">\n<p><strong>1.3 Restricciones de uso<\/strong><\/p>\n<\/div><div class=\"mx-5 sm:mx-0 prose leading-relaxed text-lg mb-5 text-left wp-paragraph\">\n<p>Si no cumple con los requisitos de edad y capacidad legal, o si no est\u00e1 de acuerdo con los T\u00e9rminos y Condiciones de Uso, debe evitar el acceso y uso de los servicios de Informa\u00e7\u00e3o e Valor, as\u00ed como de los sitios web y servicios relacionados.<\/p>\n<\/div><!--advertisement--><div class=\"mx-5 sm:mx-0 sm:text-3xl text-2xl font-medium title-font mb-4 text-gray-900 text-left\">\n<h2>Secci\u00f3n II \u2013 Contacto<\/h2>\n<\/div><div class=\"mx-5 sm:mx-0 prose leading-relaxed text-lg mb-5 text-left wp-paragraph\">\n<p><strong>2.1 Prop\u00f3sito del contacto<\/strong><\/p>\n<\/div><div class=\"mx-5 sm:mx-0 prose leading-relaxed text-lg mb-5 text-left wp-paragraph\">\n<p>Nuestros usuarios pueden contactar con el servicio de atenci\u00f3n al cliente para aclaraciones, resoluci\u00f3n de problemas, quejas o para obtener m\u00e1s informaci\u00f3n sobre nuestros productos y servicios.<\/p>\n<\/div><div class=\"mx-5 sm:mx-0 prose leading-relaxed text-lg mb-5 text-left wp-paragraph\">\n<p><strong>2.2 C\u00f3mo ponerse en contacto<\/strong><\/p>\n<\/div><div class=\"mx-5 sm:mx-0 prose leading-relaxed text-lg mb-5 text-left wp-paragraph\">\n<p>Para contactar con nosotros, rellene el formulario disponible en <a style=\" color:;\" href=\"https:\/\/informacaoevalor.com\/es\/contact\/\">https:\/\/informacaoevalor.com\/contact\/<\/a>.&nbsp;<\/p>\n<\/div><!--advertisement--><div class=\"mx-5 sm:mx-0 sm:text-3xl text-2xl font-medium title-font mb-4 text-gray-900 text-left\">\n<h2>Secci\u00f3n III \u2013 Responsabilidades de las Partes<\/h2>\n<\/div><div class=\"mx-5 sm:mx-0 prose leading-relaxed text-lg mb-5 text-left wp-paragraph\">\n<p><strong>3.1 Aceptaci\u00f3n de T\u00e9rminos<\/strong><\/p>\n<\/div><div class=\"mx-5 sm:mx-0 prose leading-relaxed text-lg mb-5 text-left wp-paragraph\">\n<p>Al utilizar Informaci\u00f3n y Valor, el usuario confirma la aceptaci\u00f3n de los T\u00e9rminos, Condiciones de Uso y Pol\u00edtica de Privacidad del sitio web.<\/p>\n<\/div><div class=\"mx-5 sm:mx-0 prose leading-relaxed text-lg mb-5 text-left wp-paragraph\">\n<p><strong>3.2 Enlaces a sitios externos<\/strong><\/p>\n<\/div><div class=\"mx-5 sm:mx-0 prose leading-relaxed text-lg mb-5 text-left wp-paragraph\">\n<p>Information and Value proporciona enlaces a sitios web de terceros, donde es posible contratar servicios o adquirir productos. No tenemos ninguna participaci\u00f3n en estos procesos.<\/p>\n<\/div><div class=\"mx-5 sm:mx-0 prose leading-relaxed text-lg mb-5 text-left wp-paragraph\">\n<p><strong>3.3 Condiciones en los sitios asociados<\/strong><\/p>\n<\/div><div class=\"mx-5 sm:mx-0 prose leading-relaxed text-lg mb-5 text-left wp-paragraph\">\n<p>Al visitar sitios web asociados, el usuario debe aceptar los t\u00e9rminos y pol\u00edticas de privacidad de estos sitios web.<\/p>\n<\/div><div class=\"mx-5 sm:mx-0 prose leading-relaxed text-lg mb-5 text-left wp-paragraph\">\n<p><strong>3.4 Descargo de responsabilidad por contenido de terceros<\/strong><\/p>\n<\/div><div class=\"mx-5 sm:mx-0 prose leading-relaxed text-lg mb-5 text-left wp-paragraph\">\n<p>No somos responsables de los t\u00e9rminos, pol\u00edticas o informaci\u00f3n de servicios y productos en sitios web de terceros, ni de los acuerdos celebrados con estas empresas.<\/p>\n<\/div><div class=\"mx-5 sm:mx-0 prose leading-relaxed text-lg mb-5 text-left wp-paragraph\">\n<p><strong>3.5 Seguridad de Internet<\/strong><\/p>\n<\/div><div class=\"mx-5 sm:mx-0 prose leading-relaxed text-lg mb-5 text-left wp-paragraph\">\n<p>No somos responsables de los da\u00f1os causados por virus o malware durante la navegaci\u00f3n online. Recomendamos mantener los sistemas de seguridad actualizados.<\/p>\n<\/div><div class=\"mx-5 sm:mx-0 prose leading-relaxed text-lg mb-5 text-left wp-paragraph\">\n<p><strong>3.6 Limitaci\u00f3n de responsabilidad<\/strong><\/p>\n<\/div><div class=\"mx-5 sm:mx-0 prose leading-relaxed text-lg mb-5 text-left wp-paragraph\">\n<p>Information and Value no es responsable de los da\u00f1os resultantes del uso inadecuado del sitio web o de eventos de fuerza mayor.<\/p>\n<\/div><div class=\"mx-5 sm:mx-0 prose leading-relaxed text-lg mb-5 text-left wp-paragraph\">\n<p><strong>3.7 Procedimientos financieros<\/strong><\/p>\n<\/div><div class=\"mx-5 sm:mx-0 prose leading-relaxed text-lg mb-5 text-left wp-paragraph\">\n<p>No solicitamos dep\u00f3sitos ni transferencias bancarias para otorgar productos financieros.<\/p>\n<\/div><div class=\"mx-5 sm:mx-0 prose leading-relaxed text-lg mb-5 text-left wp-paragraph\">\n<p><strong>3.8 Alertas de seguridad<\/strong><\/p>\n<\/div><div class=\"mx-5 sm:mx-0 prose leading-relaxed text-lg mb-5 text-left wp-paragraph\">\n<p>No enviamos correos electr\u00f3nicos solicitando datos personales o que contengan archivos adjuntos ejecutables. Si recibe este tipo de comunicaciones, p\u00f3ngase en contacto con nosotros en <a style=\" color:;\" href=\"https:\/\/informacaoevalor.com\/es\/contact\/\">https:\/\/informacaoevalor.com\/contact\/<\/a>.<\/p>\n<\/div><!--advertisement--><div class=\"mx-5 sm:mx-0 sm:text-3xl text-2xl font-medium title-font mb-4 text-gray-900 text-left\">\n<h2>Secci\u00f3n IV \u2013 Condiciones de Uso y Restricciones<\/h2>\n<\/div><div class=\"mx-5 sm:mx-0 prose leading-relaxed text-lg mb-5 text-left wp-paragraph\">\n<p>Hemos establecido reglas estrictas para el uso de nuestro sitio web y contenido. Est\u00e1 prohibido:<\/p>\n<\/div><div class=\"mx-5 sm:mx-0 prose text-left mb-5\">\n<ol><li>Utilizar el sitio web para actividades ilegales o promover dichas pr\u00e1cticas.<\/li><li>Violar leyes o regulaciones a cualquier nivel.<\/li><li>Infringir los derechos de propiedad intelectual.<\/li><li>Participar en comportamientos inapropiados, como acoso o discriminaci\u00f3n.<\/li><li>Difundir informaci\u00f3n falsa o enga\u00f1osa.<\/li><li>Difundir virus o c\u00f3digos da\u00f1inos.<\/li><li>Recopilar datos personales de terceros sin consentimiento.<\/li><li>Realizar spam, phishing o actividades similares.<\/li><li>Usar el sitio web con fines obscenos o inmorales.<\/li><li>Evitar las medidas de seguridad.<\/li><\/ol>\n<\/div><div class=\"mx-5 sm:mx-0 prose leading-relaxed text-lg mb-5 text-left wp-paragraph\">\n<p><strong>Nos reservamos el derecho de cancelar o suspender el uso de nuestros servicios por violaciones de estas restricciones.<\/strong><\/p>\n<\/div><!--advertisement--><div class=\"mx-5 sm:mx-0 sm:text-3xl text-2xl font-medium title-font mb-4 text-gray-900 text-left\">\n<h2>Secci\u00f3n V \u2013 Limitaciones de Responsabilidad y Garant\u00edas<\/h2>\n<\/div><div class=\"mx-5 sm:mx-0 prose leading-relaxed text-lg mb-5 text-left wp-paragraph\">\n<p>Reconocemos que el acceso a nuestro Servicio puede ser intermitente, no completamente seguro o propenso a fallas. No garantizamos que los resultados obtenidos del Servicio ser\u00e1n siempre precisos o confiables. Adem\u00e1s, el Servicio puede estar sujeto a suspensiones o cancelaciones ocasionales sin previo aviso.<\/p>\n<\/div><div class=\"mx-5 sm:mx-0 prose leading-relaxed text-lg mb-5 text-left wp-paragraph\">\n<p>El uso que usted haga del Servicio, o la imposibilidad de utilizarlo, es bajo su propio riesgo. El Servicio se proporciona &quot;tal cual&quot; y &quot;seg\u00fan disponibilidad&quot;, sin garant\u00edas expresas o impl\u00edcitas.<\/p>\n<\/div><div class=\"mx-5 sm:mx-0 prose leading-relaxed text-lg mb-5 text-left wp-paragraph\">\n<p>Information and Value y sus afiliados no son responsables de ning\u00fan da\u00f1o, p\u00e9rdida o reclamo que resulte del uso del Servicio, incluyendo, entre otros, p\u00e9rdida de ganancias, datos u otras p\u00e9rdidas intangibles.<\/p>\n<\/div><div class=\"mx-5 sm:mx-0 prose leading-relaxed text-lg mb-5 text-left wp-paragraph\">\n<p>Cuando no se permita la limitaci\u00f3n de responsabilidad por da\u00f1os indirectos, la responsabilidad de Information and Value se limitar\u00e1 al m\u00e1ximo permitido por la ley.<\/p>\n<\/div><!--advertisement--><div class=\"mx-5 sm:mx-0 sm:text-3xl text-2xl font-medium title-font mb-4 text-gray-900 text-left\">\n<h2>Secci\u00f3n VI \u2013 Vigencia y Plazo<\/h2>\n<\/div><div class=\"mx-5 sm:mx-0 prose leading-relaxed text-lg mb-5 text-left wp-paragraph\">\n<p><strong>6.1 Validez de los t\u00e9rminos<\/strong><\/p>\n<\/div><div class=\"mx-5 sm:mx-0 prose leading-relaxed text-lg mb-5 text-left wp-paragraph\">\n<p>Los T\u00e9rminos y Condiciones Generales de Uso de la Informaci\u00f3n y Valor siguen vigentes por tiempo indefinido.<\/p>\n<\/div><div class=\"mx-5 sm:mx-0 prose leading-relaxed text-lg mb-5 text-left wp-paragraph\">\n<p><strong>6.2 Plazo para Reclamaciones Legales<\/strong><\/p>\n<\/div><div class=\"mx-5 sm:mx-0 prose leading-relaxed text-lg mb-5 text-left wp-paragraph\">\n<p>Cualquier acci\u00f3n legal o administrativa relacionada con el uso de Informaci\u00f3n y Valor debe iniciarse dentro de los 90 d\u00edas siguientes al evento que dio origen al reclamo, de acuerdo con los T\u00e9rminos de Uso o la Pol\u00edtica de Privacidad.<\/p>\n<\/div><!--advertisement--><div class=\"mx-5 sm:mx-0 sm:text-3xl text-2xl font-medium title-font mb-4 text-gray-900 text-left\">\n<h2>Secci\u00f3n VII \u2013 Foro de Legislaci\u00f3n y Elecciones<\/h2>\n<\/div><div class=\"mx-5 sm:mx-0 prose leading-relaxed text-lg mb-5 text-left wp-paragraph\">\n<p><strong>7.1 Legislaci\u00f3n Aplicable<\/strong><\/p>\n<\/div><div class=\"mx-5 sm:mx-0 prose leading-relaxed text-lg mb-5 text-left wp-paragraph\">\n<p>Los T\u00e9rminos y Condiciones Generales de Uso y la Pol\u00edtica de Privacidad de Informa\u00e7\u00e3o e Valor se rigen por las leyes de la Rep\u00fablica Federativa de Brasil, incluyendo la Constituci\u00f3n, el C\u00f3digo Civil, el C\u00f3digo de Protecci\u00f3n al Consumidor, el Marco Civil da Ley de Internet y la Ley de Datos Generales. Ley de Protecci\u00f3n.<\/p>\n<\/div><div class=\"mx-5 sm:mx-0 prose leading-relaxed text-lg mb-5 text-left wp-paragraph\">\n<p><strong>7.2 Jurisdicci\u00f3n para disputas<\/strong><\/p>\n<\/div><div class=\"mx-5 sm:mx-0 prose leading-relaxed text-lg mb-5 text-left wp-paragraph\">\n<p>Para cuestiones de interpretaci\u00f3n o cumplimiento de estos T\u00e9rminos y la Pol\u00edtica de Privacidad, las partes acuerdan someterse a la jurisdicci\u00f3n exclusiva de la C\u00e1mara de Comercio de Tallin, Estonia (El Tribunal de Arbitraje de la C\u00e1mara de Comercio e Industria de Estonia). Esto se aplica a todas las disputas relacionadas con estos T\u00e9rminos de uso.<\/p>\n<\/div><!--advertisement--><div class=\"mx-5 sm:mx-0 sm:text-3xl text-2xl font-medium title-font mb-4 text-gray-900 text-left\">\n<h2>Secci\u00f3n VIII \u2013 Contenido y Propiedad Intelectual<\/h2>\n<\/div><div class=\"mx-5 sm:mx-0 prose leading-relaxed text-lg mb-5 text-left wp-paragraph\">\n<p><strong>8.1 Derechos de propiedad intelectual<\/strong><\/p>\n<\/div><div class=\"mx-5 sm:mx-0 prose leading-relaxed text-lg mb-5 text-left wp-paragraph\">\n<p>El contenido de Information and Value, propiedad de RubikPanda O\u00dc y sus socios, est\u00e1 protegido por leyes de derechos de autor. Se proh\u00edbe cualquier reproducci\u00f3n o uso no autorizado de este contenido sin el permiso por escrito de RubikPanda O\u00dc.&nbsp;<\/p>\n<\/div><div class=\"mx-5 sm:mx-0 prose leading-relaxed text-lg mb-5 text-left wp-paragraph\">\n<p><strong>8.2 Descargo de responsabilidad por contenido de terceros<\/strong><\/p>\n<\/div><div class=\"mx-5 sm:mx-0 prose leading-relaxed text-lg mb-5 text-left wp-paragraph\">\n<p>No nos hacemos responsables de los contenidos de terceros publicados en el sitio web, como comentarios en foros o redes sociales, ni de los da\u00f1os derivados del uso del sitio web.<\/p>\n<\/div><div class=\"mx-5 sm:mx-0 prose leading-relaxed text-lg mb-5 text-left wp-paragraph\">\n<p><strong>8.3 Acciones en caso de violaciones<\/strong><\/p>\n<\/div><div class=\"mx-5 sm:mx-0 prose leading-relaxed text-lg mb-5 text-left wp-paragraph\">\n<p>Nos reservamos el derecho de eliminar contenido que viole estos t\u00e9rminos, especialmente contenido ilegal u ofensivo, y cancelar las cuentas de los usuarios que los infrinjan.<\/p>\n<\/div><!--advertisement--><div class=\"mx-5 sm:mx-0 sm:text-3xl text-2xl font-medium title-font mb-4 text-gray-900 text-left\">\n<h2>Secci\u00f3n IX \u2013 Modificaci\u00f3n de T\u00e9rminos y Condiciones<\/h2>\n<\/div><div class=\"mx-5 sm:mx-0 prose leading-relaxed text-lg mb-5 text-left wp-paragraph\">\n<p>Information and Value puede cambiar, suspender o cancelar partes de sus servicios en cualquier momento, sin previo aviso. En estas situaciones, no habr\u00e1 responsabilidad frente a los usuarios ni a terceros.<\/p>\n<\/div><div class=\"mx-5 sm:mx-0 prose leading-relaxed text-lg mb-5 text-left wp-paragraph\">\n<p><strong>El uso del sitio web implica la aceptaci\u00f3n vinculante de estos T\u00e9rminos y Condiciones. Si no est\u00e1 de acuerdo con los T\u00e9rminos, abst\u00e9ngase de utilizar el Sitio.<\/strong><\/p>\n<\/div><!--advertisement--><div class=\"mx-5 sm:mx-0 sm:text-3xl text-2xl font-medium title-font mb-4 text-gray-900 text-left\">\n<h2>Secci\u00f3n X \u2013 Informaci\u00f3n de contacto<\/h2>\n<\/div><div class=\"mx-5 sm:mx-0 prose leading-relaxed text-lg mb-5 text-left wp-paragraph\">\n<p>Si tiene alguna pregunta o sugerencia sobre nuestros servicios, estamos disponibles para ayudarle. Env\u00ede un correo electr\u00f3nico a nuestro equipo de atenci\u00f3n al cliente a: <a style=\" color:;\" href=\"mailto:contato@informacaoevalor.com\">contacto@informacaoevalor.com<\/a>.<\/p>\n<\/div>","protected":false},"excerpt":{"rendered":"<p>Actualizado el 22 de noviembre de 2023. RubikPanda O\u00dc, una sociedad limitada registrada en Estonia (LLC u O\u00dc), con IVA EE102662210, ubicada en Tallin, Street Keemia tn 4, 10616, Harju, Estonia, es el propietario y administrador del sitio web. Informaci\u00f3n y Valor, disponible en https:\/\/informacaoevalor.com\/. Informaci\u00f3n y Valor gestiona este portal. Referencias a &#039;nosotros&#039;, &#039;nos&#039;... <a class=\"more-link\" href=\"https:\/\/informacaoevalor.com\/es\/terms\/\">sigue leyendo <span class=\"screen-reader-text\">T\u00e9rminos de uso: informaci\u00f3n y valor<\/span><\/a><\/p>","protected":false},"author":4,"featured_media":0,"parent":0,"menu_order":0,"comment_status":"closed","ping_status":"closed","template":"","meta":[],"yoast_head":"<!-- This site is optimized with the Yoast SEO Premium plugin v18.7 (Yoast SEO v19.1) - https:\/\/yoast.com\/wordpress\/plugins\/seo\/ -->\n<title>Termos de Uso - Informa\u00e7\u00e3o e Valor - Informa\u00e7\u00e3o &amp; Valor<\/title>\n<meta name=\"robots\" content=\"index, follow, max-snippet:-1, max-image-preview:large, max-video-preview:-1\" \/>\n<link rel=\"canonical\" href=\"https:\/\/informacaoevalor.com\/es\/terms\/\" \/>\n<meta property=\"og:locale\" content=\"es_ES\" \/>\n<meta property=\"og:type\" content=\"article\" \/>\n<meta property=\"og:title\" content=\"Termos de Uso - Informa\u00e7\u00e3o e Valor\" \/>\n<meta property=\"og:description\" content=\"Atualizado em 22 de Novembro de 2023. A RubikPanda O\u00dc, uma empresa limitada registrada na Est\u00f4nia (LLC, ou O\u00dc), com VAT EE102662210, localizada em Tallinn, Rua Keemia tn 4, 10616, Harju, Est\u00f4nia, \u00e9 propriet\u00e1ria e administradora do website Informa\u00e7\u00e3o e Valor, dispon\u00edvel em https:\/\/informacaoevalor.com\/. O Informa\u00e7\u00e3o e Valor administra este portal. Refer\u00eancias a &#8216;n\u00f3s&#8217;, &#8216;nos&#8217;&hellip; Continue reading Termos de Uso &#8211; Informa\u00e7\u00e3o e Valor\" \/>\n<meta property=\"og:url\" content=\"https:\/\/informacaoevalor.com\/es\/terms\/\" \/>\n<meta property=\"og:site_name\" content=\"Informa\u00e7\u00e3o &amp; Valor\" \/>\n<meta property=\"article:modified_time\" content=\"2024-05-02T20:51:57+00:00\" \/>\n<meta name=\"twitter:card\" content=\"summary_large_image\" \/>\n<meta name=\"twitter:label1\" content=\"Est. reading time\" \/>\n\t<meta name=\"twitter:data1\" content=\"7 minutos\" \/>\n<script type=\"application\/ld+json\" class=\"yoast-schema-graph\">{\"@context\":\"https:\/\/schema.org\",\"@graph\":[{\"@type\":\"WebSite\",\"@id\":\"https:\/\/informacaoevalor.com\/#website\",\"url\":\"https:\/\/informacaoevalor.com\/\",\"name\":\"Informa\u00e7\u00e3o &amp; Valor\",\"description\":\"Conte\u00fado e Informa\u00e7\u00e3o que geram valor\",\"potentialAction\":[{\"@type\":\"SearchAction\",\"target\":{\"@type\":\"EntryPoint\",\"urlTemplate\":\"https:\/\/informacaoevalor.com\/?s={search_term_string}\"},\"query-input\":\"required name=search_term_string\"}],\"inLanguage\":\"es\"},{\"@type\":\"WebPage\",\"@id\":\"https:\/\/informacaoevalor.com\/terms\/#webpage\",\"url\":\"https:\/\/informacaoevalor.com\/terms\/\",\"name\":\"Termos de Uso - Informa\u00e7\u00e3o e Valor - Informa\u00e7\u00e3o &amp; Valor\",\"isPartOf\":{\"@id\":\"https:\/\/informacaoevalor.com\/#website\"},\"datePublished\":\"2022-08-31T22:17:45+00:00\",\"dateModified\":\"2024-05-02T20:51:57+00:00\",\"breadcrumb\":{\"@id\":\"https:\/\/informacaoevalor.com\/terms\/#breadcrumb\"},\"inLanguage\":\"es\",\"potentialAction\":[{\"@type\":\"ReadAction\",\"target\":[\"https:\/\/informacaoevalor.com\/terms\/\"]}]},{\"@type\":\"BreadcrumbList\",\"@id\":\"https:\/\/informacaoevalor.com\/terms\/#breadcrumb\",\"itemListElement\":[{\"@type\":\"ListItem\",\"position\":1,\"name\":\"Home\",\"item\":\"https:\/\/informacaoevalor.com\/\"},{\"@type\":\"ListItem\",\"position\":2,\"name\":\"Termos de Uso &#8211; Informa\u00e7\u00e3o e Valor\"}]}]}<\/script>\n<!-- \/ Yoast SEO Premium plugin. -->","yoast_head_json":{"title":"Termos de Uso - Informa\u00e7\u00e3o e Valor - Informa\u00e7\u00e3o &amp; Valor","robots":{"index":"index","follow":"follow","max-snippet":"max-snippet:-1","max-image-preview":"max-image-preview:large","max-video-preview":"max-video-preview:-1"},"canonical":"https:\/\/informacaoevalor.com\/es\/terms\/","og_locale":"es_ES","og_type":"article","og_title":"Termos de Uso - Informa\u00e7\u00e3o e Valor","og_description":"Atualizado em 22 de Novembro de 2023. A RubikPanda O\u00dc, uma empresa limitada registrada na Est\u00f4nia (LLC, ou O\u00dc), com VAT EE102662210, localizada em Tallinn, Rua Keemia tn 4, 10616, Harju, Est\u00f4nia, \u00e9 propriet\u00e1ria e administradora do website Informa\u00e7\u00e3o e Valor, dispon\u00edvel em https:\/\/informacaoevalor.com\/. O Informa\u00e7\u00e3o e Valor administra este portal. Refer\u00eancias a &#8216;n\u00f3s&#8217;, &#8216;nos&#8217;&hellip; Continue reading Termos de Uso &#8211; Informa\u00e7\u00e3o e Valor","og_url":"https:\/\/informacaoevalor.com\/es\/terms\/","og_site_name":"Informa\u00e7\u00e3o &amp; Valor","article_modified_time":"2024-05-02T20:51:57+00:00","twitter_card":"summary_large_image","twitter_misc":{"Est. reading time":"7 minutos"},"schema":{"@context":"https:\/\/schema.org","@graph":[{"@type":"WebSite","@id":"https:\/\/informacaoevalor.com\/#website","url":"https:\/\/informacaoevalor.com\/","name":"Informa\u00e7\u00e3o &amp; Valor","description":"Conte\u00fado e Informa\u00e7\u00e3o que geram valor","potentialAction":[{"@type":"SearchAction","target":{"@type":"EntryPoint","urlTemplate":"https:\/\/informacaoevalor.com\/?s={search_term_string}"},"query-input":"required name=search_term_string"}],"inLanguage":"es"},{"@type":"WebPage","@id":"https:\/\/informacaoevalor.com\/terms\/#webpage","url":"https:\/\/informacaoevalor.com\/terms\/","name":"Termos de Uso - Informa\u00e7\u00e3o e Valor - Informa\u00e7\u00e3o &amp; Valor","isPartOf":{"@id":"https:\/\/informacaoevalor.com\/#website"},"datePublished":"2022-08-31T22:17:45+00:00","dateModified":"2024-05-02T20:51:57+00:00","breadcrumb":{"@id":"https:\/\/informacaoevalor.com\/terms\/#breadcrumb"},"inLanguage":"es","potentialAction":[{"@type":"ReadAction","target":["https:\/\/informacaoevalor.com\/terms\/"]}]},{"@type":"BreadcrumbList","@id":"https:\/\/informacaoevalor.com\/terms\/#breadcrumb","itemListElement":[{"@type":"ListItem","position":1,"name":"Home","item":"https:\/\/informacaoevalor.com\/"},{"@type":"ListItem","position":2,"name":"Termos de Uso &#8211; Informa\u00e7\u00e3o e Valor"}]}]}},"_links":{"self":[{"href":"https:\/\/informacaoevalor.com\/es\/wp-json\/wp\/v2\/pages\/2571"}],"collection":[{"href":"https:\/\/informacaoevalor.com\/es\/wp-json\/wp\/v2\/pages"}],"about":[{"href":"https:\/\/informacaoevalor.com\/es\/wp-json\/wp\/v2\/types\/page"}],"author":[{"embeddable":true,"href":"https:\/\/informacaoevalor.com\/es\/wp-json\/wp\/v2\/users\/4"}],"replies":[{"embeddable":true,"href":"https:\/\/informacaoevalor.com\/es\/wp-json\/wp\/v2\/comments?post=2571"}],"version-history":[{"count":0,"href":"https:\/\/informacaoevalor.com\/es\/wp-json\/wp\/v2\/pages\/2571\/revisions"}],"wp:attachment":[{"href":"https:\/\/informacaoevalor.com\/es\/wp-json\/wp\/v2\/media?parent=2571"}],"curies":[{"name":"wp","href":"https:\/\/api.w.org\/{rel}","templated":true}]}}