{"id":2562,"date":"2022-08-31T22:09:53","date_gmt":"2022-08-31T22:09:53","guid":{"rendered":"http:\/\/143.244.166.245\/?page_id=2562"},"modified":"2024-05-03T18:14:02","modified_gmt":"2024-05-03T18:14:02","slug":"about","status":"publish","type":"page","link":"https:\/\/informacaoevalor.com\/en\/about\/","title":{"rendered":"About Us"},"content":{"rendered":"<div class=\"mx-5 sm:mx-0 prose leading-relaxed text-lg mb-5 text-left wp-paragraph\">\n<p>Welcome to Information &amp; Value!<\/p>\n<\/div><div class=\"mx-5 sm:mx-0 prose leading-relaxed text-lg mb-5 text-left wp-paragraph\">\n<p>We are a trusted source that seeks to provide you with the best information on career opportunities, application reviews, and the latest trends in travel and airlines. <\/p>\n<\/div><div class=\"mx-5 sm:mx-0 prose leading-relaxed text-lg mb-5 text-left wp-paragraph\">\n<p>Our goal is to offer readers a platform where they can find professional opportunities and also obtain valuable tips on the most popular travel destinations, ticket offers, tools and technologies to make their daily lives easier. Enjoy!<\/p>\n<\/div>","protected":false},"excerpt":{"rendered":"<p>Welcome to Information &amp; Value! We are a trusted source that seeks to provide you with the best information on career opportunities, application reviews, and the latest trends in travel and airlines. Our goal is to offer readers a platform where they can find professional opportunities and also get valuable tips about destinations\u2026 <a class=\"more-link\" href=\"https:\/\/informacaoevalor.com\/en\/about\/\">Continue reading <span class=\"screen-reader-text\">About Us<\/span><\/a><\/p>","protected":false},"author":4,"featured_media":0,"parent":0,"menu_order":0,"comment_status":"closed","ping_status":"closed","template":"","meta":[],"yoast_head":"<!-- This site is optimized with the Yoast SEO Premium plugin v18.7 (Yoast SEO v19.1) - https:\/\/yoast.com\/wordpress\/plugins\/seo\/ -->\n<title>Sobre n\u00f3s - Informa\u00e7\u00e3o &amp; Valor<\/title>\n<meta name=\"robots\" content=\"index, follow, max-snippet:-1, max-image-preview:large, max-video-preview:-1\" \/>\n<link rel=\"canonical\" href=\"https:\/\/informacaoevalor.com\/en\/about\/\" \/>\n<meta property=\"og:locale\" content=\"en_US\" \/>\n<meta property=\"og:type\" content=\"article\" \/>\n<meta property=\"og:title\" content=\"Sobre n\u00f3s\" \/>\n<meta property=\"og:description\" content=\"Seja bem-vindo ao Informa\u00e7\u00e3o &amp; Valor! N\u00f3s somos uma fonte confi\u00e1vel que procura lhe oferecer as melhores informa\u00e7\u00f5es sobre oportunidades de carreira, an\u00e1lises de aplicativos e as \u00faltimas tend\u00eancias em viagens e companhias a\u00e9reas. Nosso objetivo \u00e9 oferecer aos leitores uma plataforma onde possam encontrar oportunidades profissionais e tamb\u00e9m obter dicas valiosas sobre os destinos&hellip; Continue reading Sobre n\u00f3s\" \/>\n<meta property=\"og:url\" content=\"https:\/\/informacaoevalor.com\/en\/about\/\" \/>\n<meta property=\"og:site_name\" content=\"Informa\u00e7\u00e3o &amp; Valor\" \/>\n<meta property=\"article:modified_time\" content=\"2024-05-03T18:14:02+00:00\" \/>\n<meta name=\"twitter:card\" content=\"summary_large_image\" \/>\n<meta name=\"twitter:label1\" content=\"Est. reading time\" \/>\n\t<meta name=\"twitter:data1\" content=\"1 minute\" \/>\n<script type=\"application\/ld+json\" class=\"yoast-schema-graph\">{\"@context\":\"https:\/\/schema.org\",\"@graph\":[{\"@type\":\"WebSite\",\"@id\":\"https:\/\/informacaoevalor.com\/#website\",\"url\":\"https:\/\/informacaoevalor.com\/\",\"name\":\"Informa\u00e7\u00e3o &amp; Valor\",\"description\":\"Conte\u00fado e Informa\u00e7\u00e3o que geram valor\",\"potentialAction\":[{\"@type\":\"SearchAction\",\"target\":{\"@type\":\"EntryPoint\",\"urlTemplate\":\"https:\/\/informacaoevalor.com\/?s={search_term_string}\"},\"query-input\":\"required name=search_term_string\"}],\"inLanguage\":\"en-US\"},{\"@type\":\"WebPage\",\"@id\":\"https:\/\/informacaoevalor.com\/about\/#webpage\",\"url\":\"https:\/\/informacaoevalor.com\/about\/\",\"name\":\"Sobre n\u00f3s - Informa\u00e7\u00e3o &amp; Valor\",\"isPartOf\":{\"@id\":\"https:\/\/informacaoevalor.com\/#website\"},\"datePublished\":\"2022-08-31T22:09:53+00:00\",\"dateModified\":\"2024-05-03T18:14:02+00:00\",\"breadcrumb\":{\"@id\":\"https:\/\/informacaoevalor.com\/about\/#breadcrumb\"},\"inLanguage\":\"en-US\",\"potentialAction\":[{\"@type\":\"ReadAction\",\"target\":[\"https:\/\/informacaoevalor.com\/about\/\"]}]},{\"@type\":\"BreadcrumbList\",\"@id\":\"https:\/\/informacaoevalor.com\/about\/#breadcrumb\",\"itemListElement\":[{\"@type\":\"ListItem\",\"position\":1,\"name\":\"Home\",\"item\":\"https:\/\/informacaoevalor.com\/\"},{\"@type\":\"ListItem\",\"position\":2,\"name\":\"Sobre n\u00f3s\"}]}]}<\/script>\n<!-- \/ Yoast SEO Premium plugin. -->","yoast_head_json":{"title":"Sobre n\u00f3s - Informa\u00e7\u00e3o &amp; Valor","robots":{"index":"index","follow":"follow","max-snippet":"max-snippet:-1","max-image-preview":"max-image-preview:large","max-video-preview":"max-video-preview:-1"},"canonical":"https:\/\/informacaoevalor.com\/en\/about\/","og_locale":"en_US","og_type":"article","og_title":"Sobre n\u00f3s","og_description":"Seja bem-vindo ao Informa\u00e7\u00e3o &amp; Valor! N\u00f3s somos uma fonte confi\u00e1vel que procura lhe oferecer as melhores informa\u00e7\u00f5es sobre oportunidades de carreira, an\u00e1lises de aplicativos e as \u00faltimas tend\u00eancias em viagens e companhias a\u00e9reas. Nosso objetivo \u00e9 oferecer aos leitores uma plataforma onde possam encontrar oportunidades profissionais e tamb\u00e9m obter dicas valiosas sobre os destinos&hellip; Continue reading Sobre n\u00f3s","og_url":"https:\/\/informacaoevalor.com\/en\/about\/","og_site_name":"Informa\u00e7\u00e3o &amp; Valor","article_modified_time":"2024-05-03T18:14:02+00:00","twitter_card":"summary_large_image","twitter_misc":{"Est. reading time":"1 minute"},"schema":{"@context":"https:\/\/schema.org","@graph":[{"@type":"WebSite","@id":"https:\/\/informacaoevalor.com\/#website","url":"https:\/\/informacaoevalor.com\/","name":"Informa\u00e7\u00e3o &amp; Valor","description":"Conte\u00fado e Informa\u00e7\u00e3o que geram valor","potentialAction":[{"@type":"SearchAction","target":{"@type":"EntryPoint","urlTemplate":"https:\/\/informacaoevalor.com\/?s={search_term_string}"},"query-input":"required name=search_term_string"}],"inLanguage":"en-US"},{"@type":"WebPage","@id":"https:\/\/informacaoevalor.com\/about\/#webpage","url":"https:\/\/informacaoevalor.com\/about\/","name":"Sobre n\u00f3s - Informa\u00e7\u00e3o &amp; Valor","isPartOf":{"@id":"https:\/\/informacaoevalor.com\/#website"},"datePublished":"2022-08-31T22:09:53+00:00","dateModified":"2024-05-03T18:14:02+00:00","breadcrumb":{"@id":"https:\/\/informacaoevalor.com\/about\/#breadcrumb"},"inLanguage":"en-US","potentialAction":[{"@type":"ReadAction","target":["https:\/\/informacaoevalor.com\/about\/"]}]},{"@type":"BreadcrumbList","@id":"https:\/\/informacaoevalor.com\/about\/#breadcrumb","itemListElement":[{"@type":"ListItem","position":1,"name":"Home","item":"https:\/\/informacaoevalor.com\/"},{"@type":"ListItem","position":2,"name":"Sobre n\u00f3s"}]}]}},"_links":{"self":[{"href":"https:\/\/informacaoevalor.com\/en\/wp-json\/wp\/v2\/pages\/2562"}],"collection":[{"href":"https:\/\/informacaoevalor.com\/en\/wp-json\/wp\/v2\/pages"}],"about":[{"href":"https:\/\/informacaoevalor.com\/en\/wp-json\/wp\/v2\/types\/page"}],"author":[{"embeddable":true,"href":"https:\/\/informacaoevalor.com\/en\/wp-json\/wp\/v2\/users\/4"}],"replies":[{"embeddable":true,"href":"https:\/\/informacaoevalor.com\/en\/wp-json\/wp\/v2\/comments?post=2562"}],"version-history":[{"count":0,"href":"https:\/\/informacaoevalor.com\/en\/wp-json\/wp\/v2\/pages\/2562\/revisions"}],"wp:attachment":[{"href":"https:\/\/informacaoevalor.com\/en\/wp-json\/wp\/v2\/media?parent=2562"}],"curies":[{"name":"wp","href":"https:\/\/api.w.org\/{rel}","templated":true}]}}