{"id":2562,"date":"2022-08-31T22:09:53","date_gmt":"2022-08-31T22:09:53","guid":{"rendered":"http:\/\/143.244.166.245\/?page_id=2562"},"modified":"2024-05-03T18:14:02","modified_gmt":"2024-05-03T18:14:02","slug":"about","status":"publish","type":"page","link":"https:\/\/informacaoevalor.com\/el\/about\/","title":{"rendered":"\u03a3\u03c7\u03b5\u03c4\u03b9\u03ba\u03ac \u03bc\u03b5 \u03b5\u03bc\u03ac\u03c2"},"content":{"rendered":"<div class=\"mx-5 sm:mx-0 prose leading-relaxed text-lg mb-5 text-left wp-paragraph\">\n<p>\u039a\u03b1\u03bb\u03ce\u03c2 \u03ae\u03c1\u03b8\u03b1\u03c4\u03b5 \u03c3\u03c4\u03bf Information &amp; Value!<\/p>\n<\/div><div class=\"mx-5 sm:mx-0 prose leading-relaxed text-lg mb-5 text-left wp-paragraph\">\n<p>\u0395\u03af\u03bc\u03b1\u03c3\u03c4\u03b5 \u03bc\u03b9\u03b1 \u03b1\u03be\u03b9\u03cc\u03c0\u03b9\u03c3\u03c4\u03b7 \u03c0\u03b7\u03b3\u03ae \u03c0\u03bf\u03c5 \u03b5\u03c0\u03b9\u03b4\u03b9\u03ce\u03ba\u03b5\u03b9 \u03bd\u03b1 \u03c3\u03b1\u03c2 \u03c0\u03b1\u03c1\u03ad\u03c7\u03b5\u03b9 \u03c4\u03b9\u03c2 \u03ba\u03b1\u03bb\u03cd\u03c4\u03b5\u03c1\u03b5\u03c2 \u03c0\u03bb\u03b7\u03c1\u03bf\u03c6\u03bf\u03c1\u03af\u03b5\u03c2 \u03c3\u03c7\u03b5\u03c4\u03b9\u03ba\u03ac \u03bc\u03b5 \u03b5\u03c5\u03ba\u03b1\u03b9\u03c1\u03af\u03b5\u03c2 \u03ba\u03b1\u03c1\u03b9\u03ad\u03c1\u03b1\u03c2, \u03ba\u03c1\u03b9\u03c4\u03b9\u03ba\u03ad\u03c2 \u03b5\u03c6\u03b1\u03c1\u03bc\u03bf\u03b3\u03ce\u03bd \u03ba\u03b1\u03b9 \u03c4\u03b9\u03c2 \u03c4\u03b5\u03bb\u03b5\u03c5\u03c4\u03b1\u03af\u03b5\u03c2 \u03c4\u03ac\u03c3\u03b5\u03b9\u03c2 \u03c3\u03c4\u03b1 \u03c4\u03b1\u03be\u03af\u03b4\u03b9\u03b1 \u03ba\u03b1\u03b9 \u03c4\u03b9\u03c2 \u03b1\u03b5\u03c1\u03bf\u03c0\u03bf\u03c1\u03b9\u03ba\u03ad\u03c2 \u03b5\u03c4\u03b1\u03b9\u03c1\u03b5\u03af\u03b5\u03c2. <\/p>\n<\/div><div class=\"mx-5 sm:mx-0 prose leading-relaxed text-lg mb-5 text-left wp-paragraph\">\n<p>\u03a3\u03c4\u03cc\u03c7\u03bf\u03c2 \u03bc\u03b1\u03c2 \u03b5\u03af\u03bd\u03b1\u03b9 \u03bd\u03b1 \u03c0\u03c1\u03bf\u03c3\u03c6\u03ad\u03c1\u03bf\u03c5\u03bc\u03b5 \u03c3\u03c4\u03bf\u03c5\u03c2 \u03b1\u03bd\u03b1\u03b3\u03bd\u03ce\u03c3\u03c4\u03b5\u03c2 \u03bc\u03b9\u03b1 \u03c0\u03bb\u03b1\u03c4\u03c6\u03cc\u03c1\u03bc\u03b1 \u03cc\u03c0\u03bf\u03c5 \u03bc\u03c0\u03bf\u03c1\u03bf\u03cd\u03bd \u03bd\u03b1 \u03b2\u03c1\u03bf\u03c5\u03bd \u03b5\u03c0\u03b1\u03b3\u03b3\u03b5\u03bb\u03bc\u03b1\u03c4\u03b9\u03ba\u03ad\u03c2 \u03b5\u03c5\u03ba\u03b1\u03b9\u03c1\u03af\u03b5\u03c2 \u03ba\u03b1\u03b9 \u03b5\u03c0\u03af\u03c3\u03b7\u03c2 \u03bd\u03b1 \u03bb\u03ac\u03b2\u03bf\u03c5\u03bd \u03c0\u03bf\u03bb\u03cd\u03c4\u03b9\u03bc\u03b5\u03c2 \u03c3\u03c5\u03bc\u03b2\u03bf\u03c5\u03bb\u03ad\u03c2 \u03b3\u03b9\u03b1 \u03c4\u03bf\u03c5\u03c2 \u03c0\u03b9\u03bf \u03b4\u03b7\u03bc\u03bf\u03c6\u03b9\u03bb\u03b5\u03af\u03c2 \u03c4\u03b1\u03be\u03b9\u03b4\u03b9\u03c9\u03c4\u03b9\u03ba\u03bf\u03cd\u03c2 \u03c0\u03c1\u03bf\u03bf\u03c1\u03b9\u03c3\u03bc\u03bf\u03cd\u03c2, \u03c0\u03c1\u03bf\u03c3\u03c6\u03bf\u03c1\u03ad\u03c2 \u03b5\u03b9\u03c3\u03b9\u03c4\u03b7\u03c1\u03af\u03c9\u03bd, \u03b5\u03c1\u03b3\u03b1\u03bb\u03b5\u03af\u03b1 \u03ba\u03b1\u03b9 \u03c4\u03b5\u03c7\u03bd\u03bf\u03bb\u03bf\u03b3\u03af\u03b5\u03c2 \u03b3\u03b9\u03b1 \u03bd\u03b1 \u03ba\u03ac\u03bd\u03bf\u03c5\u03bd \u03c4\u03b7\u03bd \u03ba\u03b1\u03b8\u03b7\u03bc\u03b5\u03c1\u03b9\u03bd\u03cc\u03c4\u03b7\u03c4\u03ac \u03c4\u03bf\u03c5\u03c2 \u03c0\u03b9\u03bf \u03b5\u03cd\u03ba\u03bf\u03bb\u03b7. \u0391\u03c0\u03bf\u03bb\u03b1\u03bc\u03b2\u03ac\u03bd\u03c9!<\/p>\n<\/div>","protected":false},"excerpt":{"rendered":"<p>\u039a\u03b1\u03bb\u03ce\u03c2 \u03ae\u03c1\u03b8\u03b1\u03c4\u03b5 \u03c3\u03c4\u03bf Information &amp; Value! \u0395\u03af\u03bc\u03b1\u03c3\u03c4\u03b5 \u03bc\u03b9\u03b1 \u03b1\u03be\u03b9\u03cc\u03c0\u03b9\u03c3\u03c4\u03b7 \u03c0\u03b7\u03b3\u03ae \u03c0\u03bf\u03c5 \u03b5\u03c0\u03b9\u03b4\u03b9\u03ce\u03ba\u03b5\u03b9 \u03bd\u03b1 \u03c3\u03b1\u03c2 \u03c0\u03b1\u03c1\u03ad\u03c7\u03b5\u03b9 \u03c4\u03b9\u03c2 \u03ba\u03b1\u03bb\u03cd\u03c4\u03b5\u03c1\u03b5\u03c2 \u03c0\u03bb\u03b7\u03c1\u03bf\u03c6\u03bf\u03c1\u03af\u03b5\u03c2 \u03c3\u03c7\u03b5\u03c4\u03b9\u03ba\u03ac \u03bc\u03b5 \u03b5\u03c5\u03ba\u03b1\u03b9\u03c1\u03af\u03b5\u03c2 \u03ba\u03b1\u03c1\u03b9\u03ad\u03c1\u03b1\u03c2, \u03ba\u03c1\u03b9\u03c4\u03b9\u03ba\u03ad\u03c2 \u03b5\u03c6\u03b1\u03c1\u03bc\u03bf\u03b3\u03ce\u03bd \u03ba\u03b1\u03b9 \u03c4\u03b9\u03c2 \u03c4\u03b5\u03bb\u03b5\u03c5\u03c4\u03b1\u03af\u03b5\u03c2 \u03c4\u03ac\u03c3\u03b5\u03b9\u03c2 \u03c3\u03c4\u03b1 \u03c4\u03b1\u03be\u03af\u03b4\u03b9\u03b1 \u03ba\u03b1\u03b9 \u03c4\u03b9\u03c2 \u03b1\u03b5\u03c1\u03bf\u03c0\u03bf\u03c1\u03b9\u03ba\u03ad\u03c2 \u03b5\u03c4\u03b1\u03b9\u03c1\u03b5\u03af\u03b5\u03c2. \u03a3\u03c4\u03cc\u03c7\u03bf\u03c2 \u03bc\u03b1\u03c2 \u03b5\u03af\u03bd\u03b1\u03b9 \u03bd\u03b1 \u03c0\u03c1\u03bf\u03c3\u03c6\u03ad\u03c1\u03bf\u03c5\u03bc\u03b5 \u03c3\u03c4\u03bf\u03c5\u03c2 \u03b1\u03bd\u03b1\u03b3\u03bd\u03ce\u03c3\u03c4\u03b5\u03c2 \u03bc\u03b9\u03b1 \u03c0\u03bb\u03b1\u03c4\u03c6\u03cc\u03c1\u03bc\u03b1 \u03cc\u03c0\u03bf\u03c5 \u03bc\u03c0\u03bf\u03c1\u03bf\u03cd\u03bd \u03bd\u03b1 \u03b2\u03c1\u03bf\u03c5\u03bd \u03b5\u03c0\u03b1\u03b3\u03b3\u03b5\u03bb\u03bc\u03b1\u03c4\u03b9\u03ba\u03ad\u03c2 \u03b5\u03c5\u03ba\u03b1\u03b9\u03c1\u03af\u03b5\u03c2 \u03ba\u03b1\u03b9 \u03b5\u03c0\u03af\u03c3\u03b7\u03c2 \u03bd\u03b1 \u03bb\u03ac\u03b2\u03bf\u03c5\u03bd \u03c0\u03bf\u03bb\u03cd\u03c4\u03b9\u03bc\u03b5\u03c2 \u03c3\u03c5\u03bc\u03b2\u03bf\u03c5\u03bb\u03ad\u03c2 \u03b3\u03b9\u03b1 \u03c0\u03c1\u03bf\u03bf\u03c1\u03b9\u03c3\u03bc\u03bf\u03cd\u03c2\u2026 <a class=\"more-link\" href=\"https:\/\/informacaoevalor.com\/el\/about\/\">\u03a3\u03c5\u03bd\u03ad\u03c7\u03b9\u03c3\u03b5 \u03bd\u03b1 \u03b4\u03b9\u03b1\u03b2\u03ac\u03b6\u03b5\u03b9\u03c2 <span class=\"screen-reader-text\">\u03a3\u03c7\u03b5\u03c4\u03b9\u03ba\u03ac \u03bc\u03b5 \u03b5\u03bc\u03ac\u03c2<\/span><\/a><\/p>","protected":false},"author":4,"featured_media":0,"parent":0,"menu_order":0,"comment_status":"closed","ping_status":"closed","template":"","meta":[],"yoast_head":"<!-- This site is optimized with the Yoast SEO Premium plugin v18.7 (Yoast SEO v19.1) - https:\/\/yoast.com\/wordpress\/plugins\/seo\/ -->\n<title>Sobre n\u00f3s - Informa\u00e7\u00e3o &amp; Valor<\/title>\n<meta name=\"robots\" content=\"index, follow, max-snippet:-1, max-image-preview:large, max-video-preview:-1\" \/>\n<link rel=\"canonical\" href=\"https:\/\/informacaoevalor.com\/el\/about\/\" \/>\n<meta property=\"og:locale\" content=\"el_GR\" \/>\n<meta property=\"og:type\" content=\"article\" \/>\n<meta property=\"og:title\" content=\"Sobre n\u00f3s\" \/>\n<meta property=\"og:description\" content=\"Seja bem-vindo ao Informa\u00e7\u00e3o &amp; Valor! N\u00f3s somos uma fonte confi\u00e1vel que procura lhe oferecer as melhores informa\u00e7\u00f5es sobre oportunidades de carreira, an\u00e1lises de aplicativos e as \u00faltimas tend\u00eancias em viagens e companhias a\u00e9reas. Nosso objetivo \u00e9 oferecer aos leitores uma plataforma onde possam encontrar oportunidades profissionais e tamb\u00e9m obter dicas valiosas sobre os destinos&hellip; Continue reading Sobre n\u00f3s\" \/>\n<meta property=\"og:url\" content=\"https:\/\/informacaoevalor.com\/el\/about\/\" \/>\n<meta property=\"og:site_name\" content=\"Informa\u00e7\u00e3o &amp; Valor\" \/>\n<meta property=\"article:modified_time\" content=\"2024-05-03T18:14:02+00:00\" \/>\n<meta name=\"twitter:card\" content=\"summary_large_image\" \/>\n<meta name=\"twitter:label1\" content=\"Est. reading time\" \/>\n\t<meta name=\"twitter:data1\" content=\"1 \u03bb\u03b5\u03c0\u03c4\u03cc\" \/>\n<script type=\"application\/ld+json\" class=\"yoast-schema-graph\">{\"@context\":\"https:\/\/schema.org\",\"@graph\":[{\"@type\":\"WebSite\",\"@id\":\"https:\/\/informacaoevalor.com\/#website\",\"url\":\"https:\/\/informacaoevalor.com\/\",\"name\":\"Informa\u00e7\u00e3o &amp; Valor\",\"description\":\"Conte\u00fado e Informa\u00e7\u00e3o que geram valor\",\"potentialAction\":[{\"@type\":\"SearchAction\",\"target\":{\"@type\":\"EntryPoint\",\"urlTemplate\":\"https:\/\/informacaoevalor.com\/?s={search_term_string}\"},\"query-input\":\"required name=search_term_string\"}],\"inLanguage\":\"el\"},{\"@type\":\"WebPage\",\"@id\":\"https:\/\/informacaoevalor.com\/about\/#webpage\",\"url\":\"https:\/\/informacaoevalor.com\/about\/\",\"name\":\"Sobre n\u00f3s - Informa\u00e7\u00e3o &amp; Valor\",\"isPartOf\":{\"@id\":\"https:\/\/informacaoevalor.com\/#website\"},\"datePublished\":\"2022-08-31T22:09:53+00:00\",\"dateModified\":\"2024-05-03T18:14:02+00:00\",\"breadcrumb\":{\"@id\":\"https:\/\/informacaoevalor.com\/about\/#breadcrumb\"},\"inLanguage\":\"el\",\"potentialAction\":[{\"@type\":\"ReadAction\",\"target\":[\"https:\/\/informacaoevalor.com\/about\/\"]}]},{\"@type\":\"BreadcrumbList\",\"@id\":\"https:\/\/informacaoevalor.com\/about\/#breadcrumb\",\"itemListElement\":[{\"@type\":\"ListItem\",\"position\":1,\"name\":\"Home\",\"item\":\"https:\/\/informacaoevalor.com\/\"},{\"@type\":\"ListItem\",\"position\":2,\"name\":\"Sobre n\u00f3s\"}]}]}<\/script>\n<!-- \/ Yoast SEO Premium plugin. -->","yoast_head_json":{"title":"Sobre n\u00f3s - Informa\u00e7\u00e3o &amp; Valor","robots":{"index":"index","follow":"follow","max-snippet":"max-snippet:-1","max-image-preview":"max-image-preview:large","max-video-preview":"max-video-preview:-1"},"canonical":"https:\/\/informacaoevalor.com\/el\/about\/","og_locale":"el_GR","og_type":"article","og_title":"Sobre n\u00f3s","og_description":"Seja bem-vindo ao Informa\u00e7\u00e3o &amp; Valor! N\u00f3s somos uma fonte confi\u00e1vel que procura lhe oferecer as melhores informa\u00e7\u00f5es sobre oportunidades de carreira, an\u00e1lises de aplicativos e as \u00faltimas tend\u00eancias em viagens e companhias a\u00e9reas. Nosso objetivo \u00e9 oferecer aos leitores uma plataforma onde possam encontrar oportunidades profissionais e tamb\u00e9m obter dicas valiosas sobre os destinos&hellip; Continue reading Sobre n\u00f3s","og_url":"https:\/\/informacaoevalor.com\/el\/about\/","og_site_name":"Informa\u00e7\u00e3o &amp; Valor","article_modified_time":"2024-05-03T18:14:02+00:00","twitter_card":"summary_large_image","twitter_misc":{"Est. reading time":"1 \u03bb\u03b5\u03c0\u03c4\u03cc"},"schema":{"@context":"https:\/\/schema.org","@graph":[{"@type":"WebSite","@id":"https:\/\/informacaoevalor.com\/#website","url":"https:\/\/informacaoevalor.com\/","name":"Informa\u00e7\u00e3o &amp; Valor","description":"Conte\u00fado e Informa\u00e7\u00e3o que geram valor","potentialAction":[{"@type":"SearchAction","target":{"@type":"EntryPoint","urlTemplate":"https:\/\/informacaoevalor.com\/?s={search_term_string}"},"query-input":"required name=search_term_string"}],"inLanguage":"el"},{"@type":"WebPage","@id":"https:\/\/informacaoevalor.com\/about\/#webpage","url":"https:\/\/informacaoevalor.com\/about\/","name":"Sobre n\u00f3s - Informa\u00e7\u00e3o &amp; Valor","isPartOf":{"@id":"https:\/\/informacaoevalor.com\/#website"},"datePublished":"2022-08-31T22:09:53+00:00","dateModified":"2024-05-03T18:14:02+00:00","breadcrumb":{"@id":"https:\/\/informacaoevalor.com\/about\/#breadcrumb"},"inLanguage":"el","potentialAction":[{"@type":"ReadAction","target":["https:\/\/informacaoevalor.com\/about\/"]}]},{"@type":"BreadcrumbList","@id":"https:\/\/informacaoevalor.com\/about\/#breadcrumb","itemListElement":[{"@type":"ListItem","position":1,"name":"Home","item":"https:\/\/informacaoevalor.com\/"},{"@type":"ListItem","position":2,"name":"Sobre n\u00f3s"}]}]}},"_links":{"self":[{"href":"https:\/\/informacaoevalor.com\/el\/wp-json\/wp\/v2\/pages\/2562"}],"collection":[{"href":"https:\/\/informacaoevalor.com\/el\/wp-json\/wp\/v2\/pages"}],"about":[{"href":"https:\/\/informacaoevalor.com\/el\/wp-json\/wp\/v2\/types\/page"}],"author":[{"embeddable":true,"href":"https:\/\/informacaoevalor.com\/el\/wp-json\/wp\/v2\/users\/4"}],"replies":[{"embeddable":true,"href":"https:\/\/informacaoevalor.com\/el\/wp-json\/wp\/v2\/comments?post=2562"}],"version-history":[{"count":0,"href":"https:\/\/informacaoevalor.com\/el\/wp-json\/wp\/v2\/pages\/2562\/revisions"}],"wp:attachment":[{"href":"https:\/\/informacaoevalor.com\/el\/wp-json\/wp\/v2\/media?parent=2562"}],"curies":[{"name":"wp","href":"https:\/\/api.w.org\/{rel}","templated":true}]}}