{"id":2571,"date":"2022-08-31T22:17:45","date_gmt":"2022-08-31T22:17:45","guid":{"rendered":"http:\/\/143.244.166.245\/?page_id=2571"},"modified":"2024-05-02T20:51:57","modified_gmt":"2024-05-02T20:51:57","slug":"terms","status":"publish","type":"page","link":"https:\/\/informacaoevalor.com\/de\/terms\/","title":{"rendered":"Nutzungsbedingungen \u2013 Informationen und Wert"},"content":{"rendered":"<div class=\"mx-5 sm:mx-0 prose leading-relaxed text-lg mb-5 text-left wp-paragraph\">\n<p>Aktualisiert am 22. November 2023.<\/p>\n<\/div><div class=\"mx-5 sm:mx-0 prose leading-relaxed text-lg mb-5 text-left wp-paragraph\">\n<p>RubikPanda O\u00dc, eine in Estland eingetragene Gesellschaft mit beschr\u00e4nkter Haftung (LLC oder O\u00dc), mit Mehrwertsteuer EE102662210, mit Sitz in Tallinn, Keemia Street tn 4, 10616, Harju, Estland, ist Eigent\u00fcmer und Administrator der Information and Value-Website, verf\u00fcgbar unter <a style=\" color:;\" href=\"https:\/\/informacaoevalor.com\/de\/\">https:\/\/informacaoevalor.com<\/a>\/.<\/p>\n<\/div><div class=\"mx-5 sm:mx-0 prose leading-relaxed text-lg mb-5 text-left wp-paragraph\">\n<p>Information and Value verwaltet dieses Portal. Verweise auf \u201ewir\u201c, \u201euns\u201c oder \u201eunser\u201c in diesem Text sind ausschlie\u00dflich Informa\u00e7\u00e3o e Valor vorbehalten. Wir bieten dieses Portal einschlie\u00dflich aller seiner Informationen, Dienste und Inhalte unter der Bedingung an, dass die Nutzer die hier beschriebenen Bedingungen und Richtlinien vollst\u00e4ndig akzeptieren.<\/p>\n<\/div><div class=\"mx-5 sm:mx-0 prose leading-relaxed text-lg mb-5 text-left wp-paragraph\">\n<p>Spezialisiert auf informative Inhalte und Analysen einer Vielzahl von Produkten und Dienstleistungen, wie Bewerbungen, Stellenangebote, Bildungskurse und Flugtickets, pr\u00e4sentiert Informa\u00e7\u00e3o e Valor Angebote nationaler und internationaler Anbieter.<\/p>\n<\/div><div class=\"mx-5 sm:mx-0 prose leading-relaxed text-lg mb-5 text-left wp-paragraph\">\n<p>Der Zugriff und die Nutzung dieser Website unterliegen den hier beschriebenen Bedingungen und der Datenschutzrichtlinie von Information and Valor, abrufbar unter <a style=\" color:;\" href=\"https:\/\/informacaoevalor.com\/de\/privacy\/\">https:\/\/informacaoevalor.com\/privacy\/<\/a>und m\u00fcssen den geltenden Gesetzen entsprechen.<\/p>\n<\/div><div class=\"mx-5 sm:mx-0 prose leading-relaxed text-lg mb-5 text-left wp-paragraph\">\n<p>Ziel der Allgemeinen Nutzungsbedingungen ist es, die Verantwortlichkeiten, Pflichten und Rechte der Nutzer der Information and Value-Website zu kl\u00e4ren, die in den folgenden Abschnitten detailliert beschrieben werden.<\/p>\n<\/div><div class=\"mx-5 sm:mx-0 prose leading-relaxed text-lg mb-5 text-left wp-paragraph\">\n<p><strong>Wir empfehlen, unsere Nutzungsbedingungen sorgf\u00e4ltig zu lesen. Wenn Sie mit den hier festgelegten Bedingungen nicht einverstanden sind, sehen Sie bitte von der Nutzung der Informa\u00e7\u00e3o e Valor-Dienste ab.<\/strong><\/p>\n<\/div><!--advertisement--><div class=\"mx-5 sm:mx-0 sm:text-3xl text-2xl font-medium title-font mb-4 text-gray-900 text-left\">\n<h2 id=\"h-secao-i-admissao\">Abschnitt I \u2013 Zulassung<\/h2>\n<\/div><div class=\"mx-5 sm:mx-0 prose leading-relaxed text-lg mb-5 text-left wp-paragraph\">\n<p><strong>1.1 Annahme der Bedingungen<\/strong><\/p>\n<\/div><div class=\"mx-5 sm:mx-0 prose leading-relaxed text-lg mb-5 text-left wp-paragraph\">\n<p>Durch die Nutzung von Information and Value erkl\u00e4ren Sie sich mit den Allgemeinen Nutzungsbedingungen und der Datenschutzrichtlinie der Website einverstanden.<\/p>\n<\/div><div class=\"mx-5 sm:mx-0 prose leading-relaxed text-lg mb-5 text-left wp-paragraph\">\n<p><strong>1.2 Anforderungen an Alter und Gesch\u00e4ftsf\u00e4higkeit<\/strong><\/p>\n<\/div><div class=\"mx-5 sm:mx-0 prose leading-relaxed text-lg mb-5 text-left wp-paragraph\">\n<p>Sie best\u00e4tigen, dass Sie mindestens 18 Jahre alt und voll gesch\u00e4ftsf\u00e4hig sind, um diese Nutzungsbedingungen zu akzeptieren, wenn Sie auf Informa\u00e7\u00e3o e Valor zugreifen und diese nutzen.<\/p>\n<\/div><div class=\"mx-5 sm:mx-0 prose leading-relaxed text-lg mb-5 text-left wp-paragraph\">\n<p><strong>1.3 Nutzungsbeschr\u00e4nkungen<\/strong><\/p>\n<\/div><div class=\"mx-5 sm:mx-0 prose leading-relaxed text-lg mb-5 text-left wp-paragraph\">\n<p>Wenn Sie die Alters- und Gesch\u00e4ftsf\u00e4higkeitsanforderungen nicht erf\u00fcllen oder mit den Nutzungsbedingungen nicht einverstanden sind, sollten Sie den Zugriff auf und die Nutzung der Informa\u00e7\u00e3o e Valor-Dienste sowie damit verbundener Websites und Dienste vermeiden.<\/p>\n<\/div><!--advertisement--><div class=\"mx-5 sm:mx-0 sm:text-3xl text-2xl font-medium title-font mb-4 text-gray-900 text-left\">\n<h2>Abschnitt II \u2013 Kontakt<\/h2>\n<\/div><div class=\"mx-5 sm:mx-0 prose leading-relaxed text-lg mb-5 text-left wp-paragraph\">\n<p><strong>2.1 Zweck der Kontaktaufnahme<\/strong><\/p>\n<\/div><div class=\"mx-5 sm:mx-0 prose leading-relaxed text-lg mb-5 text-left wp-paragraph\">\n<p>Unsere Benutzer k\u00f6nnen sich f\u00fcr Klarstellungen, Probleml\u00f6sungen, Beschwerden oder weitere Informationen zu unseren Produkten und Dienstleistungen an den Kundendienst wenden.<\/p>\n<\/div><div class=\"mx-5 sm:mx-0 prose leading-relaxed text-lg mb-5 text-left wp-paragraph\">\n<p><strong>2.2 So nehmen Sie Kontakt auf<\/strong><\/p>\n<\/div><div class=\"mx-5 sm:mx-0 prose leading-relaxed text-lg mb-5 text-left wp-paragraph\">\n<p>Um mit uns Kontakt aufzunehmen, f\u00fcllen Sie das Formular aus, das unter verf\u00fcgbar ist <a style=\" color:;\" href=\"https:\/\/informacaoevalor.com\/de\/contact\/\">https:\/\/informacaoevalor.com\/contact\/<\/a>.&nbsp;<\/p>\n<\/div><!--advertisement--><div class=\"mx-5 sm:mx-0 sm:text-3xl text-2xl font-medium title-font mb-4 text-gray-900 text-left\">\n<h2>Abschnitt III \u2013 Verantwortlichkeiten der Parteien<\/h2>\n<\/div><div class=\"mx-5 sm:mx-0 prose leading-relaxed text-lg mb-5 text-left wp-paragraph\">\n<p><strong>3.1 Annahme der Bedingungen<\/strong><\/p>\n<\/div><div class=\"mx-5 sm:mx-0 prose leading-relaxed text-lg mb-5 text-left wp-paragraph\">\n<p>Durch die Nutzung von Information and Value best\u00e4tigt der Benutzer, dass er die Allgemeinen Gesch\u00e4ftsbedingungen, Nutzungsbedingungen und Datenschutzrichtlinien der Website akzeptiert.<\/p>\n<\/div><div class=\"mx-5 sm:mx-0 prose leading-relaxed text-lg mb-5 text-left wp-paragraph\">\n<p><strong>3.2 Links zu externen Seiten<\/strong><\/p>\n<\/div><div class=\"mx-5 sm:mx-0 prose leading-relaxed text-lg mb-5 text-left wp-paragraph\">\n<p>Information and Value stellt Links zu Websites Dritter bereit, auf denen es m\u00f6glich ist, Dienstleistungen zu mieten oder Produkte zu kaufen. Wir sind an diesen Prozessen nicht beteiligt.<\/p>\n<\/div><div class=\"mx-5 sm:mx-0 prose leading-relaxed text-lg mb-5 text-left wp-paragraph\">\n<p><strong>3.3 Bedingungen auf Partnerseiten<\/strong><\/p>\n<\/div><div class=\"mx-5 sm:mx-0 prose leading-relaxed text-lg mb-5 text-left wp-paragraph\">\n<p>Beim Besuch von Partnerwebsites muss der Nutzer die Bedingungen und Datenschutzrichtlinien dieser Websites akzeptieren.<\/p>\n<\/div><div class=\"mx-5 sm:mx-0 prose leading-relaxed text-lg mb-5 text-left wp-paragraph\">\n<p><strong>3.4 Haftungsausschluss f\u00fcr Inhalte Dritter<\/strong><\/p>\n<\/div><div class=\"mx-5 sm:mx-0 prose leading-relaxed text-lg mb-5 text-left wp-paragraph\">\n<p>Wir sind weder f\u00fcr die Bedingungen, Richtlinien oder Informationen zu Dienstleistungen und Produkten auf Websites Dritter noch f\u00fcr mit diesen Unternehmen getroffene Vereinbarungen verantwortlich.<\/p>\n<\/div><div class=\"mx-5 sm:mx-0 prose leading-relaxed text-lg mb-5 text-left wp-paragraph\">\n<p><strong>3.5 Internetsicherheit<\/strong><\/p>\n<\/div><div class=\"mx-5 sm:mx-0 prose leading-relaxed text-lg mb-5 text-left wp-paragraph\">\n<p>Wir haften nicht f\u00fcr Sch\u00e4den, die beim Surfen im Internet durch Viren oder Malware entstehen. Wir empfehlen, die Sicherheitssysteme auf dem neuesten Stand zu halten.<\/p>\n<\/div><div class=\"mx-5 sm:mx-0 prose leading-relaxed text-lg mb-5 text-left wp-paragraph\">\n<p><strong>3.6 Haftungsbeschr\u00e4nkung<\/strong><\/p>\n<\/div><div class=\"mx-5 sm:mx-0 prose leading-relaxed text-lg mb-5 text-left wp-paragraph\">\n<p>Information and Value haftet nicht f\u00fcr Sch\u00e4den, die durch unsachgem\u00e4\u00dfe Nutzung der Website oder Ereignisse h\u00f6herer Gewalt entstehen.<\/p>\n<\/div><div class=\"mx-5 sm:mx-0 prose leading-relaxed text-lg mb-5 text-left wp-paragraph\">\n<p><strong>3.7 Finanzielle Verfahren<\/strong><\/p>\n<\/div><div class=\"mx-5 sm:mx-0 prose leading-relaxed text-lg mb-5 text-left wp-paragraph\">\n<p>F\u00fcr die Gew\u00e4hrung von Finanzprodukten verlangen wir keine Anzahlungen oder Bank\u00fcberweisungen.<\/p>\n<\/div><div class=\"mx-5 sm:mx-0 prose leading-relaxed text-lg mb-5 text-left wp-paragraph\">\n<p><strong>3.8 Sicherheitswarnungen<\/strong><\/p>\n<\/div><div class=\"mx-5 sm:mx-0 prose leading-relaxed text-lg mb-5 text-left wp-paragraph\">\n<p>Wir versenden keine E-Mails, in denen personenbezogene Daten abgefragt werden oder ausf\u00fchrbare Anh\u00e4nge enthalten. Wenn Sie solche Mitteilungen erhalten, kontaktieren Sie uns bitte unter <a style=\" color:;\" href=\"https:\/\/informacaoevalor.com\/de\/contact\/\">https:\/\/informacaoevalor.com\/contact\/<\/a>.<\/p>\n<\/div><!--advertisement--><div class=\"mx-5 sm:mx-0 sm:text-3xl text-2xl font-medium title-font mb-4 text-gray-900 text-left\">\n<h2>Abschnitt IV \u2013 Nutzungsbedingungen und Einschr\u00e4nkungen<\/h2>\n<\/div><div class=\"mx-5 sm:mx-0 prose leading-relaxed text-lg mb-5 text-left wp-paragraph\">\n<p>Wir haben strenge Regeln f\u00fcr die Nutzung unserer Website und Inhalte festgelegt. Es ist verboten:<\/p>\n<\/div><div class=\"mx-5 sm:mx-0 prose text-left mb-5\">\n<ol><li>Nutzen Sie die Website f\u00fcr illegale Aktivit\u00e4ten oder f\u00f6rdern Sie solche Praktiken.<\/li><li>Verst\u00f6\u00dfe gegen Gesetze oder Vorschriften auf jeglicher Ebene.<\/li><li>Rechte des geistigen Eigentums verletzen.<\/li><li>Sich auf unangemessenes Verhalten wie Bel\u00e4stigung oder Diskriminierung einzulassen.<\/li><li>Verbreiten Sie falsche oder irref\u00fchrende Informationen.<\/li><li>Verbreiten Sie Viren oder sch\u00e4dlichen Code.<\/li><li>Sammeln Sie personenbezogene Daten von Dritten ohne Zustimmung.<\/li><li>Spam, Phishing oder \u00e4hnliche Aktivit\u00e4ten durchf\u00fchren.<\/li><li>Nutzung der Website f\u00fcr obsz\u00f6ne oder unmoralische Zwecke.<\/li><li>Umgehen Sie Sicherheitsma\u00dfnahmen.<\/li><\/ol>\n<\/div><div class=\"mx-5 sm:mx-0 prose leading-relaxed text-lg mb-5 text-left wp-paragraph\">\n<p><strong>Wir behalten uns das Recht vor, die Nutzung unserer Dienste bei Verst\u00f6\u00dfen gegen diese Einschr\u00e4nkungen zu beenden oder auszusetzen.<\/strong><\/p>\n<\/div><!--advertisement--><div class=\"mx-5 sm:mx-0 sm:text-3xl text-2xl font-medium title-font mb-4 text-gray-900 text-left\">\n<h2>Abschnitt V \u2013 Haftungsbeschr\u00e4nkungen und Gew\u00e4hrleistungen<\/h2>\n<\/div><div class=\"mx-5 sm:mx-0 prose leading-relaxed text-lg mb-5 text-left wp-paragraph\">\n<p>Wir sind uns bewusst, dass der Zugriff auf unseren Service zeitweise, nicht vollst\u00e4ndig sicher oder fehleranf\u00e4llig sein kann. Wir garantieren nicht, dass die durch den Dienst erzielten Ergebnisse immer korrekt oder zuverl\u00e4ssig sind. Dar\u00fcber hinaus kann es gelegentlich zu Aussetzungen oder Stornierungen des Dienstes ohne vorherige Ank\u00fcndigung kommen.<\/p>\n<\/div><div class=\"mx-5 sm:mx-0 prose leading-relaxed text-lg mb-5 text-left wp-paragraph\">\n<p>Die Nutzung des Dienstes oder die Unf\u00e4higkeit, ihn zu nutzen, erfolgt auf Ihr alleiniges Risiko. Der Service wird \u201ewie besehen\u201c und \u201ewie verf\u00fcgbar\u201c ohne ausdr\u00fcckliche oder stillschweigende Garantien bereitgestellt.<\/p>\n<\/div><div class=\"mx-5 sm:mx-0 prose leading-relaxed text-lg mb-5 text-left wp-paragraph\">\n<p>Information and Value und seine verbundenen Unternehmen haften nicht f\u00fcr Sch\u00e4den, Verluste oder Anspr\u00fcche, die sich aus der Nutzung des Dienstes ergeben, einschlie\u00dflich, aber nicht beschr\u00e4nkt auf entgangenen Gewinn, Daten oder andere immaterielle Verluste.<\/p>\n<\/div><div class=\"mx-5 sm:mx-0 prose leading-relaxed text-lg mb-5 text-left wp-paragraph\">\n<p>Wenn eine Haftungsbeschr\u00e4nkung f\u00fcr indirekte Sch\u00e4den nicht zul\u00e4ssig ist, ist die Haftung von Information and Value auf das gesetzlich zul\u00e4ssige H\u00f6chstma\u00df beschr\u00e4nkt.<\/p>\n<\/div><!--advertisement--><div class=\"mx-5 sm:mx-0 sm:text-3xl text-2xl font-medium title-font mb-4 text-gray-900 text-left\">\n<h2>Abschnitt VI \u2013 G\u00fcltigkeit und Frist<\/h2>\n<\/div><div class=\"mx-5 sm:mx-0 prose leading-relaxed text-lg mb-5 text-left wp-paragraph\">\n<p><strong>6.1 G\u00fcltigkeit der AGB<\/strong><\/p>\n<\/div><div class=\"mx-5 sm:mx-0 prose leading-relaxed text-lg mb-5 text-left wp-paragraph\">\n<p>Die Allgemeinen Gesch\u00e4ftsbedingungen zur Nutzung von Informationen und Werten behalten auf unbestimmte Zeit ihre G\u00fcltigkeit.<\/p>\n<\/div><div class=\"mx-5 sm:mx-0 prose leading-relaxed text-lg mb-5 text-left wp-paragraph\">\n<p><strong>6.2 Frist f\u00fcr Rechtsanspr\u00fcche<\/strong><\/p>\n<\/div><div class=\"mx-5 sm:mx-0 prose leading-relaxed text-lg mb-5 text-left wp-paragraph\">\n<p>Alle rechtlichen oder administrativen Ma\u00dfnahmen im Zusammenhang mit der Nutzung von Informationen und Werten m\u00fcssen innerhalb von 90 Tagen nach dem Ereignis, das den Anspruch begr\u00fcndet, gem\u00e4\u00df den Nutzungsbedingungen oder der Datenschutzrichtlinie eingeleitet werden.<\/p>\n<\/div><!--advertisement--><div class=\"mx-5 sm:mx-0 sm:text-3xl text-2xl font-medium title-font mb-4 text-gray-900 text-left\">\n<h2>Abschnitt VII \u2013 Gesetzgebungs- und Wahlforum<\/h2>\n<\/div><div class=\"mx-5 sm:mx-0 prose leading-relaxed text-lg mb-5 text-left wp-paragraph\">\n<p><strong>7.1 Anwendbare Gesetzgebung<\/strong><\/p>\n<\/div><div class=\"mx-5 sm:mx-0 prose leading-relaxed text-lg mb-5 text-left wp-paragraph\">\n<p>Die Allgemeinen Nutzungsbedingungen und die Datenschutzrichtlinie von Informa\u00e7\u00e3o e Valor unterliegen den Gesetzen der F\u00f6derativen Republik Brasilien, einschlie\u00dflich der Verfassung, dem B\u00fcrgerlichen Gesetzbuch, dem Verbraucherschutzgesetz, dem Marco Civil da Internet-Gesetz und den Allgemeinen Daten Schutzrecht.<\/p>\n<\/div><div class=\"mx-5 sm:mx-0 prose leading-relaxed text-lg mb-5 text-left wp-paragraph\">\n<p><strong>7.2 Gerichtsstand f\u00fcr Streitigkeiten<\/strong><\/p>\n<\/div><div class=\"mx-5 sm:mx-0 prose leading-relaxed text-lg mb-5 text-left wp-paragraph\">\n<p>F\u00fcr Fragen der Auslegung oder Durchsetzung dieser Bedingungen und der Datenschutzrichtlinie vereinbaren die Parteien, sich der ausschlie\u00dflichen Zust\u00e4ndigkeit der Handelskammer von Tallinn, Estland (dem Schiedsgericht der estnischen Industrie- und Handelskammer) zu unterwerfen. Dies gilt f\u00fcr alle Streitigkeiten im Zusammenhang mit diesen Nutzungsbedingungen.<\/p>\n<\/div><!--advertisement--><div class=\"mx-5 sm:mx-0 sm:text-3xl text-2xl font-medium title-font mb-4 text-gray-900 text-left\">\n<h2>Abschnitt VIII \u2013 Inhalt und geistiges Eigentum<\/h2>\n<\/div><div class=\"mx-5 sm:mx-0 prose leading-relaxed text-lg mb-5 text-left wp-paragraph\">\n<p><strong>8.1 Geistige Eigentumsrechte<\/strong><\/p>\n<\/div><div class=\"mx-5 sm:mx-0 prose leading-relaxed text-lg mb-5 text-left wp-paragraph\">\n<p>Der Inhalt von Information and Value, Eigentum von RubikPanda O\u00dc und Partnern, ist durch Urheberrechtsgesetze gesch\u00fctzt. Jede unbefugte Vervielf\u00e4ltigung oder Nutzung dieser Inhalte ohne schriftliche Genehmigung von RubikPanda O\u00dc ist untersagt.&nbsp;<\/p>\n<\/div><div class=\"mx-5 sm:mx-0 prose leading-relaxed text-lg mb-5 text-left wp-paragraph\">\n<p><strong>8.2 Haftungsausschluss f\u00fcr Inhalte Dritter<\/strong><\/p>\n<\/div><div class=\"mx-5 sm:mx-0 prose leading-relaxed text-lg mb-5 text-left wp-paragraph\">\n<p>Wir haften nicht f\u00fcr auf der Website ver\u00f6ffentlichte Inhalte Dritter, wie zum Beispiel Kommentare in Foren oder sozialen Netzwerken, noch f\u00fcr Sch\u00e4den, die aus der Nutzung der Website entstehen.<\/p>\n<\/div><div class=\"mx-5 sm:mx-0 prose leading-relaxed text-lg mb-5 text-left wp-paragraph\">\n<p><strong>8.3 Ma\u00dfnahmen bei Verst\u00f6\u00dfen<\/strong><\/p>\n<\/div><div class=\"mx-5 sm:mx-0 prose leading-relaxed text-lg mb-5 text-left wp-paragraph\">\n<p>Wir behalten uns das Recht vor, Inhalte, die gegen diese Bedingungen versto\u00dfen, insbesondere illegale oder anst\u00f6\u00dfige Inhalte, zu entfernen und die Konten der gegen diese Bedingungen versto\u00dfenden Benutzer zu sperren.<\/p>\n<\/div><!--advertisement--><div class=\"mx-5 sm:mx-0 sm:text-3xl text-2xl font-medium title-font mb-4 text-gray-900 text-left\">\n<h2>Abschnitt IX \u2013 \u00c4nderung der Allgemeinen Gesch\u00e4ftsbedingungen<\/h2>\n<\/div><div class=\"mx-5 sm:mx-0 prose leading-relaxed text-lg mb-5 text-left wp-paragraph\">\n<p>Information and Value kann Teile seiner Dienste jederzeit und ohne vorherige Ank\u00fcndigung \u00e4ndern, aussetzen oder beenden. In diesen Situationen besteht keinerlei Haftung gegen\u00fcber Nutzern oder Dritten.<\/p>\n<\/div><div class=\"mx-5 sm:mx-0 prose leading-relaxed text-lg mb-5 text-left wp-paragraph\">\n<p><strong>Mit der Nutzung der Website akzeptieren Sie verbindlich diese Allgemeinen Gesch\u00e4ftsbedingungen. Wenn Sie mit den Bedingungen nicht einverstanden sind, sehen Sie bitte von der Nutzung der Website ab.<\/strong><\/p>\n<\/div><!--advertisement--><div class=\"mx-5 sm:mx-0 sm:text-3xl text-2xl font-medium title-font mb-4 text-gray-900 text-left\">\n<h2>Abschnitt X \u2013 Kontaktinformationen<\/h2>\n<\/div><div class=\"mx-5 sm:mx-0 prose leading-relaxed text-lg mb-5 text-left wp-paragraph\">\n<p>Wenn Sie Fragen oder Anregungen zu unseren Dienstleistungen haben, stehen wir Ihnen gerne zur Verf\u00fcgung. Bitte senden Sie eine E-Mail an unser Kundendienstteam unter: <a style=\" color:;\" href=\"mailto:contato@informacaoevalor.com\">contato@informacaoevalor.com<\/a>.<\/p>\n<\/div>","protected":false},"excerpt":{"rendered":"<p>Aktualisiert am 22. November 2023. RubikPanda O\u00dc, eine in Estland eingetragene Gesellschaft mit beschr\u00e4nkter Haftung (LLC oder O\u00dc), mit Mehrwertsteuer EE102662210, mit Sitz in Tallinn, Street Keemia tn 4, 10616, Harju, Estland, ist Eigent\u00fcmer und Administrator der Website Informationen und Wert, verf\u00fcgbar unter https:\/\/informacaoevalor.com\/. Information and Value verwaltet dieses Portal. Verweise auf \u201ewir\u201c, \u201euns\u201c... <a class=\"more-link\" href=\"https:\/\/informacaoevalor.com\/de\/terms\/\">Weiterlesen <span class=\"screen-reader-text\">Nutzungsbedingungen \u2013 Informationen und Wert<\/span><\/a><\/p>","protected":false},"author":4,"featured_media":0,"parent":0,"menu_order":0,"comment_status":"closed","ping_status":"closed","template":"","meta":[],"yoast_head":"<!-- This site is optimized with the Yoast SEO Premium plugin v18.7 (Yoast SEO v19.1) - https:\/\/yoast.com\/wordpress\/plugins\/seo\/ -->\n<title>Termos de Uso - Informa\u00e7\u00e3o e Valor - Informa\u00e7\u00e3o &amp; Valor<\/title>\n<meta name=\"robots\" content=\"index, follow, max-snippet:-1, max-image-preview:large, max-video-preview:-1\" \/>\n<link rel=\"canonical\" href=\"https:\/\/informacaoevalor.com\/de\/terms\/\" \/>\n<meta property=\"og:locale\" content=\"de_DE\" \/>\n<meta property=\"og:type\" content=\"article\" \/>\n<meta property=\"og:title\" content=\"Termos de Uso - Informa\u00e7\u00e3o e Valor\" \/>\n<meta property=\"og:description\" content=\"Atualizado em 22 de Novembro de 2023. A RubikPanda O\u00dc, uma empresa limitada registrada na Est\u00f4nia (LLC, ou O\u00dc), com VAT EE102662210, localizada em Tallinn, Rua Keemia tn 4, 10616, Harju, Est\u00f4nia, \u00e9 propriet\u00e1ria e administradora do website Informa\u00e7\u00e3o e Valor, dispon\u00edvel em https:\/\/informacaoevalor.com\/. O Informa\u00e7\u00e3o e Valor administra este portal. Refer\u00eancias a &#8216;n\u00f3s&#8217;, &#8216;nos&#8217;&hellip; Continue reading Termos de Uso &#8211; Informa\u00e7\u00e3o e Valor\" \/>\n<meta property=\"og:url\" content=\"https:\/\/informacaoevalor.com\/de\/terms\/\" \/>\n<meta property=\"og:site_name\" content=\"Informa\u00e7\u00e3o &amp; Valor\" \/>\n<meta property=\"article:modified_time\" content=\"2024-05-02T20:51:57+00:00\" \/>\n<meta name=\"twitter:card\" content=\"summary_large_image\" \/>\n<meta name=\"twitter:label1\" content=\"Est. reading time\" \/>\n\t<meta name=\"twitter:data1\" content=\"7 Minuten\" \/>\n<script type=\"application\/ld+json\" class=\"yoast-schema-graph\">{\"@context\":\"https:\/\/schema.org\",\"@graph\":[{\"@type\":\"WebSite\",\"@id\":\"https:\/\/informacaoevalor.com\/#website\",\"url\":\"https:\/\/informacaoevalor.com\/\",\"name\":\"Informa\u00e7\u00e3o &amp; Valor\",\"description\":\"Conte\u00fado e Informa\u00e7\u00e3o que geram valor\",\"potentialAction\":[{\"@type\":\"SearchAction\",\"target\":{\"@type\":\"EntryPoint\",\"urlTemplate\":\"https:\/\/informacaoevalor.com\/?s={search_term_string}\"},\"query-input\":\"required name=search_term_string\"}],\"inLanguage\":\"de-DE\"},{\"@type\":\"WebPage\",\"@id\":\"https:\/\/informacaoevalor.com\/terms\/#webpage\",\"url\":\"https:\/\/informacaoevalor.com\/terms\/\",\"name\":\"Termos de Uso - Informa\u00e7\u00e3o e Valor - Informa\u00e7\u00e3o &amp; Valor\",\"isPartOf\":{\"@id\":\"https:\/\/informacaoevalor.com\/#website\"},\"datePublished\":\"2022-08-31T22:17:45+00:00\",\"dateModified\":\"2024-05-02T20:51:57+00:00\",\"breadcrumb\":{\"@id\":\"https:\/\/informacaoevalor.com\/terms\/#breadcrumb\"},\"inLanguage\":\"de-DE\",\"potentialAction\":[{\"@type\":\"ReadAction\",\"target\":[\"https:\/\/informacaoevalor.com\/terms\/\"]}]},{\"@type\":\"BreadcrumbList\",\"@id\":\"https:\/\/informacaoevalor.com\/terms\/#breadcrumb\",\"itemListElement\":[{\"@type\":\"ListItem\",\"position\":1,\"name\":\"Home\",\"item\":\"https:\/\/informacaoevalor.com\/\"},{\"@type\":\"ListItem\",\"position\":2,\"name\":\"Termos de Uso &#8211; Informa\u00e7\u00e3o e Valor\"}]}]}<\/script>\n<!-- \/ Yoast SEO Premium plugin. -->","yoast_head_json":{"title":"Termos de Uso - Informa\u00e7\u00e3o e Valor - Informa\u00e7\u00e3o &amp; Valor","robots":{"index":"index","follow":"follow","max-snippet":"max-snippet:-1","max-image-preview":"max-image-preview:large","max-video-preview":"max-video-preview:-1"},"canonical":"https:\/\/informacaoevalor.com\/de\/terms\/","og_locale":"de_DE","og_type":"article","og_title":"Termos de Uso - Informa\u00e7\u00e3o e Valor","og_description":"Atualizado em 22 de Novembro de 2023. A RubikPanda O\u00dc, uma empresa limitada registrada na Est\u00f4nia (LLC, ou O\u00dc), com VAT EE102662210, localizada em Tallinn, Rua Keemia tn 4, 10616, Harju, Est\u00f4nia, \u00e9 propriet\u00e1ria e administradora do website Informa\u00e7\u00e3o e Valor, dispon\u00edvel em https:\/\/informacaoevalor.com\/. O Informa\u00e7\u00e3o e Valor administra este portal. Refer\u00eancias a &#8216;n\u00f3s&#8217;, &#8216;nos&#8217;&hellip; Continue reading Termos de Uso &#8211; Informa\u00e7\u00e3o e Valor","og_url":"https:\/\/informacaoevalor.com\/de\/terms\/","og_site_name":"Informa\u00e7\u00e3o &amp; Valor","article_modified_time":"2024-05-02T20:51:57+00:00","twitter_card":"summary_large_image","twitter_misc":{"Est. reading time":"7 Minuten"},"schema":{"@context":"https:\/\/schema.org","@graph":[{"@type":"WebSite","@id":"https:\/\/informacaoevalor.com\/#website","url":"https:\/\/informacaoevalor.com\/","name":"Informa\u00e7\u00e3o &amp; Valor","description":"Conte\u00fado e Informa\u00e7\u00e3o que geram valor","potentialAction":[{"@type":"SearchAction","target":{"@type":"EntryPoint","urlTemplate":"https:\/\/informacaoevalor.com\/?s={search_term_string}"},"query-input":"required name=search_term_string"}],"inLanguage":"de-DE"},{"@type":"WebPage","@id":"https:\/\/informacaoevalor.com\/terms\/#webpage","url":"https:\/\/informacaoevalor.com\/terms\/","name":"Termos de Uso - Informa\u00e7\u00e3o e Valor - Informa\u00e7\u00e3o &amp; Valor","isPartOf":{"@id":"https:\/\/informacaoevalor.com\/#website"},"datePublished":"2022-08-31T22:17:45+00:00","dateModified":"2024-05-02T20:51:57+00:00","breadcrumb":{"@id":"https:\/\/informacaoevalor.com\/terms\/#breadcrumb"},"inLanguage":"de-DE","potentialAction":[{"@type":"ReadAction","target":["https:\/\/informacaoevalor.com\/terms\/"]}]},{"@type":"BreadcrumbList","@id":"https:\/\/informacaoevalor.com\/terms\/#breadcrumb","itemListElement":[{"@type":"ListItem","position":1,"name":"Home","item":"https:\/\/informacaoevalor.com\/"},{"@type":"ListItem","position":2,"name":"Termos de Uso &#8211; Informa\u00e7\u00e3o e Valor"}]}]}},"_links":{"self":[{"href":"https:\/\/informacaoevalor.com\/de\/wp-json\/wp\/v2\/pages\/2571"}],"collection":[{"href":"https:\/\/informacaoevalor.com\/de\/wp-json\/wp\/v2\/pages"}],"about":[{"href":"https:\/\/informacaoevalor.com\/de\/wp-json\/wp\/v2\/types\/page"}],"author":[{"embeddable":true,"href":"https:\/\/informacaoevalor.com\/de\/wp-json\/wp\/v2\/users\/4"}],"replies":[{"embeddable":true,"href":"https:\/\/informacaoevalor.com\/de\/wp-json\/wp\/v2\/comments?post=2571"}],"version-history":[{"count":0,"href":"https:\/\/informacaoevalor.com\/de\/wp-json\/wp\/v2\/pages\/2571\/revisions"}],"wp:attachment":[{"href":"https:\/\/informacaoevalor.com\/de\/wp-json\/wp\/v2\/media?parent=2571"}],"curies":[{"name":"wp","href":"https:\/\/api.w.org\/{rel}","templated":true}]}}